{"id":1007,"date":"2023-03-06T22:25:14","date_gmt":"2023-03-06T22:25:14","guid":{"rendered":"https:\/\/www.metron-ks.com\/product\/pastrues-lcd-hama-lecke-200-ml-49645\/"},"modified":"2025-12-16T08:30:21","modified_gmt":"2025-12-16T08:30:21","slug":"pastrues-lcd-hama-lecke-200-ml-49645","status":"publish","type":"product","link":"https:\/\/www.metron-ks.com\/?product=pastrues-lcd-hama-lecke-200-ml-49645","title":{"rendered":"Sprej pastrues p\u00ebr ekrane Hama, 200ml, 221093"},"content":{"rendered":"<div id=\"description\" class=\"tab-pane fade show active\" style=\"box-sizing: border-box; text-rendering: optimizelegibility; -webkit-font-smoothing: antialiased; color: #606975; font-family: 'Maven Pro', Helvetica, Arial, sans-serif;\" role=\"tabpanel\">\n<div style=\"box-sizing: border-box; text-rendering: optimizelegibility; -webkit-font-smoothing: antialiased;\">\n<p style=\"box-sizing: border-box; margin-right: 0px; margin-bottom: 16px; margin-left: 0px; text-rendering: optimizelegibility; -webkit-font-smoothing: antialiased;\">Ve\u00e7an\u00ebrisht i p\u00ebrshtatsh\u00ebm p\u00ebr pastrimin e sip\u00ebrfaqeve t\u00eb ndjeshme t\u00eb ekraneve t\u00eb holla. Gjithashtu i p\u00ebrshtatsh\u00ebm p\u00ebr sip\u00ebrfaqe t\u00eb tjera si PDA, skanera, fotokopjues.<\/p>\n<p style=\"box-sizing: border-box; margin-right: 0px; margin-bottom: 16px; margin-left: 0px; text-rendering: optimizelegibility; -webkit-font-smoothing: antialiased;\">Heq pluhurin, papast\u00ebrtin\u00eb dhe yndyrat.<\/p>\n<p style=\"box-sizing: border-box; margin-right: 0px; margin-bottom: 16px; margin-left: 0px; text-rendering: optimizelegibility; -webkit-font-smoothing: antialiased;\">Pastrimi i rregullt rrit jet\u00ebgjat\u00ebsin\u00eb e pajisjes tuaj.<\/p>\n<p style=\"box-sizing: border-box; margin-right: 0px; margin-bottom: 0px; margin-left: 0px; text-rendering: optimizelegibility; -webkit-font-smoothing: antialiased;\">Vjen me nj\u00eb leck\u00eb\u00a0mikrofib\u00ebr (80% poliester, 20% poliamide), 20 x 20 cm.<\/p>\n<div><\/div>\n<\/div>\n<\/div>\n","protected":false},"excerpt":{"rendered":"<p>221093<\/p>\n","protected":false},"featured_media":8717,"comment_status":"closed","ping_status":"closed","template":"","meta":[],"product_brand":[],"product_cat":[118,146],"product_tag":[],"class_list":{"0":"post-1007","1":"product","2":"type-product","3":"status-publish","4":"has-post-thumbnail","6":"product_cat-aksesore","7":"product_cat-pastrues-aksesore","9":"first","10":"instock","11":"shipping-taxable","12":"purchasable","13":"product-type-simple"},"_links":{"self":[{"href":"https:\/\/www.metron-ks.com\/index.php?rest_route=\/wp\/v2\/product\/1007","targetHints":{"allow":["GET"]}}],"collection":[{"href":"https:\/\/www.metron-ks.com\/index.php?rest_route=\/wp\/v2\/product"}],"about":[{"href":"https:\/\/www.metron-ks.com\/index.php?rest_route=\/wp\/v2\/types\/product"}],"replies":[{"embeddable":true,"href":"https:\/\/www.metron-ks.com\/index.php?rest_route=%2Fwp%2Fv2%2Fcomments&post=1007"}],"wp:featuredmedia":[{"embeddable":true,"href":"https:\/\/www.metron-ks.com\/index.php?rest_route=\/wp\/v2\/media\/8717"}],"wp:attachment":[{"href":"https:\/\/www.metron-ks.com\/index.php?rest_route=%2Fwp%2Fv2%2Fmedia&parent=1007"}],"wp:term":[{"taxonomy":"product_brand","embeddable":true,"href":"https:\/\/www.metron-ks.com\/index.php?rest_route=%2Fwp%2Fv2%2Fproduct_brand&post=1007"},{"taxonomy":"product_cat","embeddable":true,"href":"https:\/\/www.metron-ks.com\/index.php?rest_route=%2Fwp%2Fv2%2Fproduct_cat&post=1007"},{"taxonomy":"product_tag","embeddable":true,"href":"https:\/\/www.metron-ks.com\/index.php?rest_route=%2Fwp%2Fv2%2Fproduct_tag&post=1007"}],"curies":[{"name":"wp","href":"https:\/\/api.w.org\/{rel}","templated":true}]}}