{"id":1009,"date":"2023-03-06T22:25:14","date_gmt":"2023-03-06T22:25:14","guid":{"rendered":"https:\/\/www.metron-ks.com\/product\/pershtates-audio-hama-super-soft-per-ps4-54477\/"},"modified":"2025-01-07T14:56:33","modified_gmt":"2025-01-07T14:56:33","slug":"pershtates-audio-hama-super-soft-per-ps4-54477","status":"publish","type":"product","link":"https:\/\/www.metron-ks.com\/?product=pershtates-audio-hama-super-soft-per-ps4-54477","title":{"rendered":"P\u00ebrshtat\u00ebs audio Hama &#8220;Super Soft&#8221; p\u00ebr PS4 54477"},"content":{"rendered":"<p>Disa kufje kan\u00eb dy konektor. Kushdo q\u00eb d\u00ebshiron t\u00eb lidh\u00eb nj\u00eb kufje t\u00eb till\u00eb me kontrollerin\u00a0e\u00a0PS4 ka nj\u00eb problem sepse kontrolleri ka vet\u00ebm nj\u00eb port hyr\u00ebs.<\/p>\n<p>Mbrojtja e optimizuar\u00a0 p\u00ebrmes materialeve fleksib\u00ebl parandalon prishjen e kabllos.<br \/>\nKonektor t\u00eb praruara me ar me rezistenc\u00eb t\u00eb ul\u00ebt t\u00eb kontaktit p\u00ebr transmetim t\u00eb besuesh\u00ebm t\u00eb sinjalit.<\/p>\n<p>P\u00ebr p\u00ebrdorimin e kufjeve me 2 konektor\u00a0n\u00eb PlayStation 4.<br \/>\nMaterial i ve\u00e7ant\u00eb, mjaft fleksib\u00ebl parandalon p\u00ebrdredhjen.<\/p>\n<p>I p\u00ebrshtatsh\u00ebm p\u00ebr konzola te lojerave.<br \/>\nKonzol\u00eb:\u00a0PlayStation 4<\/p>\n","protected":false},"excerpt":{"rendered":"<p>P\u00ebrshtat\u00ebs audio Hama &#8220;Super Soft&#8221; p\u00ebr PS4<\/p>\n","protected":false},"featured_media":1706,"comment_status":"closed","ping_status":"closed","template":"","meta":[],"product_brand":[],"product_cat":[118,156],"product_tag":[],"class_list":{"0":"post-1009","1":"product","2":"type-product","3":"status-publish","4":"has-post-thumbnail","6":"product_cat-aksesore","7":"product_cat-pershtateskabllo-konvertues","9":"first","10":"instock","11":"shipping-taxable","12":"purchasable","13":"product-type-simple"},"_links":{"self":[{"href":"https:\/\/www.metron-ks.com\/index.php?rest_route=\/wp\/v2\/product\/1009","targetHints":{"allow":["GET"]}}],"collection":[{"href":"https:\/\/www.metron-ks.com\/index.php?rest_route=\/wp\/v2\/product"}],"about":[{"href":"https:\/\/www.metron-ks.com\/index.php?rest_route=\/wp\/v2\/types\/product"}],"replies":[{"embeddable":true,"href":"https:\/\/www.metron-ks.com\/index.php?rest_route=%2Fwp%2Fv2%2Fcomments&post=1009"}],"wp:featuredmedia":[{"embeddable":true,"href":"https:\/\/www.metron-ks.com\/index.php?rest_route=\/wp\/v2\/media\/1706"}],"wp:attachment":[{"href":"https:\/\/www.metron-ks.com\/index.php?rest_route=%2Fwp%2Fv2%2Fmedia&parent=1009"}],"wp:term":[{"taxonomy":"product_brand","embeddable":true,"href":"https:\/\/www.metron-ks.com\/index.php?rest_route=%2Fwp%2Fv2%2Fproduct_brand&post=1009"},{"taxonomy":"product_cat","embeddable":true,"href":"https:\/\/www.metron-ks.com\/index.php?rest_route=%2Fwp%2Fv2%2Fproduct_cat&post=1009"},{"taxonomy":"product_tag","embeddable":true,"href":"https:\/\/www.metron-ks.com\/index.php?rest_route=%2Fwp%2Fv2%2Fproduct_tag&post=1009"}],"curies":[{"name":"wp","href":"https:\/\/api.w.org\/{rel}","templated":true}]}}