{"id":1061,"date":"2023-03-06T22:25:46","date_gmt":"2023-03-06T22:25:46","guid":{"rendered":"https:\/\/www.metron-ks.com\/product\/set-karikimi-hama-per-veture-lightning-30w-e-bardhe-183317\/"},"modified":"2024-12-31T11:16:38","modified_gmt":"2024-12-31T11:16:38","slug":"set-karikimi-hama-per-veture-lightning-30w-e-bardhe-183317","status":"publish","type":"product","link":"https:\/\/www.metron-ks.com\/?product=set-karikimi-hama-per-veture-lightning-30w-e-bardhe-183317","title":{"rendered":"Set karikimi Hama, p\u00ebr vetur\u00eb, lightning, 30W, e bardh\u00eb, 183317"},"content":{"rendered":"<p>Rryma e karikimit max. 3 A p\u00ebr karikim t\u00eb shpejt\u00eb.<br \/>\nShpejt\u00ebsia maksimale e garantuar e ngarkimit me nj\u00eb ngarkes\u00eb t\u00eb optimizuar p\u00ebr pajisjen.<br \/>\nPajisjet e lidhura njihen automatikisht dhe ngarkohen n\u00eb m\u00ebnyr\u00eb optimale.<br \/>\nProcesi i optimizuar i karikimit mbron baterin\u00eb dhe k\u00ebshtu zgjat\u00eb jet\u00ebn e sh\u00ebrbimit.<\/p>\n<p>USB -C PD mb\u00ebshtet tensionet e m\u00ebposhtme t\u00eb daljes: 5V \/ 9V \/ 15V<br \/>\nMaks. Fuqia e daljes: 30W \/ 3A<\/p>\n","protected":false},"excerpt":{"rendered":"<p>Set karikimi Hama, p\u00ebr vetur\u00eb, lightning, 30W, e bardh\u00eb<\/p>\n","protected":false},"featured_media":1569,"comment_status":"closed","ping_status":"closed","template":"","meta":[],"product_brand":[],"product_cat":[113,150],"product_tag":[],"class_list":{"0":"post-1061","1":"product","2":"type-product","3":"status-publish","4":"has-post-thumbnail","6":"product_cat-celulartabletnavigim","7":"product_cat-karikues-ne-makine","9":"first","10":"instock","11":"shipping-taxable","12":"purchasable","13":"product-type-simple"},"_links":{"self":[{"href":"https:\/\/www.metron-ks.com\/index.php?rest_route=\/wp\/v2\/product\/1061","targetHints":{"allow":["GET"]}}],"collection":[{"href":"https:\/\/www.metron-ks.com\/index.php?rest_route=\/wp\/v2\/product"}],"about":[{"href":"https:\/\/www.metron-ks.com\/index.php?rest_route=\/wp\/v2\/types\/product"}],"replies":[{"embeddable":true,"href":"https:\/\/www.metron-ks.com\/index.php?rest_route=%2Fwp%2Fv2%2Fcomments&post=1061"}],"wp:featuredmedia":[{"embeddable":true,"href":"https:\/\/www.metron-ks.com\/index.php?rest_route=\/wp\/v2\/media\/1569"}],"wp:attachment":[{"href":"https:\/\/www.metron-ks.com\/index.php?rest_route=%2Fwp%2Fv2%2Fmedia&parent=1061"}],"wp:term":[{"taxonomy":"product_brand","embeddable":true,"href":"https:\/\/www.metron-ks.com\/index.php?rest_route=%2Fwp%2Fv2%2Fproduct_brand&post=1061"},{"taxonomy":"product_cat","embeddable":true,"href":"https:\/\/www.metron-ks.com\/index.php?rest_route=%2Fwp%2Fv2%2Fproduct_cat&post=1061"},{"taxonomy":"product_tag","embeddable":true,"href":"https:\/\/www.metron-ks.com\/index.php?rest_route=%2Fwp%2Fv2%2Fproduct_tag&post=1061"}],"curies":[{"name":"wp","href":"https:\/\/api.w.org\/{rel}","templated":true}]}}