{"id":1067,"date":"2023-03-06T22:25:48","date_gmt":"2023-03-06T22:25:48","guid":{"rendered":"https:\/\/www.metron-ks.com\/product\/set-tastieremaus-manhattan-178990-wireless-e-zeze\/"},"modified":"2024-12-31T10:54:40","modified_gmt":"2024-12-31T10:54:40","slug":"set-tastieremaus-manhattan-178990-wireless-e-zeze","status":"publish","type":"product","link":"https:\/\/www.metron-ks.com\/?product=set-tastieremaus-manhattan-178990-wireless-e-zeze","title":{"rendered":"Set tastier\u00eb+maus Manhattan 178990, wireless, e zez\u00eb"},"content":{"rendered":"<p>Tastiera wifi Manhattan dhe Seti optik i miut kombinojn\u00eb nj\u00eb vler\u00eb t\u00eb shk\u00eblqyeshme me komoditetin dhe q\u00ebndrueshm\u00ebrin\u00eb. Tastiera Wireless ofron nj\u00eb struktur\u00eb t\u00eb fort\u00eb tastesh,nj\u00eb panel komandimi me qasje t\u00eb leht\u00eb, funksione t\u00eb ndryshme multimediale dhe nj\u00eb tastier\u00eb numerike me madh\u00ebsi t\u00eb plot\u00eb . Kur p\u00ebrdoret s\u00eb bashku me Miun optik pa tel t\u00eb p\u00ebrfshir\u00eb, me rregullimin e tij 800\/1200\/1600 dpi, butonat standard\u00eb p\u00ebr klikimet majtas dhe djathtas, dhe nj\u00eb rrot\u00eb l\u00ebviz\u00ebse me qasje t\u00eb leht\u00eb, sigurisht q\u00eb do t\u00eb vini re se sa shume pun\u00eb mund te kryeni duke pasur komoditet te plot\u00eb<\/p>\n<p>Ky set \u00ebsht\u00eb krijuar n\u00eb m\u00ebnyr\u00eb inteligjente p\u00ebr t\u00eb punuar n\u00eb m\u00ebnyr\u00eb t\u00eb p\u00ebrsosur me konfigurimin tuaj aktual t\u00eb kompjuterit, n\u00eb m\u00ebnyr\u00eb q\u00eb komoditeti dhe k\u00ebnaq\u00ebsia juaj t\u00eb sigurohen. Aft\u00ebsia pa tel e setit ofron deri n\u00eb 25 metra distanc\u00eb nga pajisja juaj, k\u00ebshtu q\u00eb lidhja ju ndjek kudo q\u00eb duhet t\u00eb l\u00ebvizni. Nj\u00eb z\u00ebvend\u00ebsim ose plot\u00ebsim perfekt i \u00e7do konfigurimi kompjuteri, Tastiera Wireless Manhattan dhe Set Miu Optik \u00ebsht\u00eb thelb\u00ebsore p\u00ebr k\u00ebdo q\u00eb d\u00ebshiron m\u00eb shum\u00eb nga jeta e tij e pun\u00ebs.<\/p>\n<p>Maus optik, tastier\u00eb dhe marr\u00ebs t\u00eb vendosur 800\/1200\/1600<\/p>\n<p>2.4 GHz teknologji pa tel RF me marr\u00ebs USB<\/p>\n<p>N\u00eb p\u00ebrputhje me Windows XP \/ 7 \/ 8.1 \/ 10 dhe MacoOSX.<\/p>\n","protected":false},"excerpt":{"rendered":"<p>Set Tastier\u00eb+Mouse Wireless Manhattan 178990, e zez\u00eb<\/p>\n","protected":false},"featured_media":1532,"comment_status":"closed","ping_status":"closed","template":"","meta":[],"product_brand":[],"product_cat":[118,141],"product_tag":[],"class_list":{"0":"post-1067","1":"product","2":"type-product","3":"status-publish","4":"has-post-thumbnail","6":"product_cat-aksesore","7":"product_cat-pclaptop","9":"first","10":"instock","11":"shipping-taxable","12":"purchasable","13":"product-type-simple"},"_links":{"self":[{"href":"https:\/\/www.metron-ks.com\/index.php?rest_route=\/wp\/v2\/product\/1067","targetHints":{"allow":["GET"]}}],"collection":[{"href":"https:\/\/www.metron-ks.com\/index.php?rest_route=\/wp\/v2\/product"}],"about":[{"href":"https:\/\/www.metron-ks.com\/index.php?rest_route=\/wp\/v2\/types\/product"}],"replies":[{"embeddable":true,"href":"https:\/\/www.metron-ks.com\/index.php?rest_route=%2Fwp%2Fv2%2Fcomments&post=1067"}],"wp:featuredmedia":[{"embeddable":true,"href":"https:\/\/www.metron-ks.com\/index.php?rest_route=\/wp\/v2\/media\/1532"}],"wp:attachment":[{"href":"https:\/\/www.metron-ks.com\/index.php?rest_route=%2Fwp%2Fv2%2Fmedia&parent=1067"}],"wp:term":[{"taxonomy":"product_brand","embeddable":true,"href":"https:\/\/www.metron-ks.com\/index.php?rest_route=%2Fwp%2Fv2%2Fproduct_brand&post=1067"},{"taxonomy":"product_cat","embeddable":true,"href":"https:\/\/www.metron-ks.com\/index.php?rest_route=%2Fwp%2Fv2%2Fproduct_cat&post=1067"},{"taxonomy":"product_tag","embeddable":true,"href":"https:\/\/www.metron-ks.com\/index.php?rest_route=%2Fwp%2Fv2%2Fproduct_tag&post=1067"}],"curies":[{"name":"wp","href":"https:\/\/api.w.org\/{rel}","templated":true}]}}