{"id":1069,"date":"2023-03-06T22:25:49","date_gmt":"2023-03-06T22:25:49","guid":{"rendered":"https:\/\/www.metron-ks.com\/product\/set-zgjerues-sinjali-manhattan-207461-1080p-hdmi-ethernet\/"},"modified":"2025-03-04T08:12:44","modified_gmt":"2025-03-04T08:12:44","slug":"set-zgjerues-sinjali-manhattan-207461-1080p-hdmi-ethernet","status":"publish","type":"product","link":"https:\/\/www.metron-ks.com\/?product=set-zgjerues-sinjali-manhattan-207461-1080p-hdmi-ethernet","title":{"rendered":"Set zgjerues sinjali Manhattan 207461, 1080p HDMI-Ethernet"},"content":{"rendered":"<p><strong>Zgjatni me leht\u00ebsi nj\u00eb sinjal high-definition<\/strong><strong>\u00a0n\u00ebp\u00ebrmjet nj\u00eb kablloje t\u00eb vetme Ethernet<\/strong><\/p>\n<p>Manhattan 1080p HDMI over Ethernet Extender Kit \u00ebsht\u00eb zgjidhja ideale p\u00ebr t\u00eb lidhur pothuajse \u00e7do burim HDMI (PlayStation, Xbox,\u00a0Blu-ray player, marr\u00ebs satelitor, regjistrues dixhital, etj.) me nj\u00eb ekran HD ose projektor deri n\u00eb 50 m (164 ft)\u00a0nga burimi i tij n\u00ebp\u00ebrmjet nj\u00eb kablloje t\u00eb vetme Ethernet Cat6. K\u00ebta zgjerues HDMI me fuqi ofrojn\u00eb video me rezolucion 1080p dhe transmetim audio me shum\u00eb kanale n\u00eb distanca m\u00eb t\u00eb gjata sesa \u00ebsht\u00eb e mundur vet\u00ebm me kabllot HDMI. Plus, moduli i transmetuesit ka nj\u00eb port\u00eb shtes\u00eb dal\u00ebse HDMI, duke lejuar q\u00eb nj\u00eb monitor i dyt\u00eb t\u00eb vendoset n\u00eb nj\u00eb dollap kontrolli ose t\u00eb funksionoj\u00eb n\u00eb ekranin e dyt\u00eb. P\u00ebr kontroll shtes\u00eb, Manhattan 1080p HDMI mbi Ethernet Extender Kit p\u00ebrfshin nj\u00eb kabllo\u00a0IR me brez t\u00eb gjer\u00eb dhe marr\u00ebs p\u00ebr kontrollin n\u00eb distanc\u00eb t\u00eb pajisjes burimore.<\/p>\n<p><strong>Zgjidhje fleksibile\u00a0p\u00ebr shum\u00eb aplikacione A\/V<\/strong><\/p>\n<p>Ideale p\u00ebr shfaqje tregtare, klasa, kinema n\u00eb sht\u00ebpi, salla konferencash, zyra biznesi dhe aplikacione p\u00ebr shitje, Manhattan 1080p HDMI-Ethernet Extender Kit rrit dhe zgjeron nj\u00eb sinjal 1080p deri n\u00eb 50 m (164 ft.) p\u00ebr vendosje t\u00eb p\u00ebrshtatshme t\u00eb ekranit ose projektorit. Kablloja Ethernet &#8211; Cat6 UTP, SSTP ose SFTP (kabllot nuk p\u00ebrfshihen) &#8211; \u00ebsht\u00eb m\u00eb pak e kushtueshme dhe m\u00eb e leht\u00eb p\u00ebr t&#8217;u instaluar sesa kabllot HDMI dhe p\u00ebrs\u00ebrit\u00ebsit e sinjalit n\u00eb linj\u00eb dhe, kur p\u00ebrdoret me Kompletin ton\u00eb Extender, jep nj\u00eb pamje t\u00eb qart\u00eb, t\u00eb qart\u00eb dhe t\u00eb gjall\u00eb.<\/p>\n<p><strong>Nd\u00ebrtim cil\u00ebsor dhe instalim i leht\u00eb<\/strong><\/p>\n<p>Pajtueshm\u00ebria HDCP me HDMI dhe DVI 1.0 do t\u00eb thot\u00eb se ky komplet \u00ebsht\u00eb i testuar p\u00ebr t\u00eb garantuar performanc\u00ebn dhe besueshm\u00ebrin\u00eb. Instalohet shpejt pa ekzekutuar softuer ose instaluar pajisje shtes\u00eb. Ai vjen me nj\u00eb p\u00ebrshtat\u00ebs energjie, i cili fuqizon marr\u00ebsin ose transmetuesin p\u00ebrmes Ethernetit p\u00ebr nj\u00ebsin\u00eb duke p\u00ebrdorur p\u00ebrshtat\u00ebsin e rrym\u00ebs, duke liruar nj\u00eb priz\u00eb elektrike p\u00ebr aplikacione m\u00eb t\u00eb r\u00ebnd\u00ebsishme.<\/p>\n<p>Zgjat lidhjen HDMI deri n\u00eb 50 m (164 ft.) midis nj\u00eb burimi HDMI dhe nj\u00eb monitori ose projektori HD duke p\u00ebrdorur nj\u00eb kabllo Ethernet<br \/>\nTransmetues me dy porte (nj\u00eb HDMI, nj\u00eb Ethernet) lejon q\u00eb sinjalet HDMI t\u00eb d\u00ebrgohen p\u00ebrmes Ethernetit dhe t\u00eb ndahen n\u00eb ekranin lokal nj\u00ebkoh\u00ebsisht<br \/>\nMb\u00ebshtet bandwidth te videos deri n\u00eb 225 MHz dhe 2,25 Gbps p\u00ebr kanal (6,75 Gbps n\u00eb total) p\u00ebr ekranet 1080p<br \/>\nMb\u00ebshtet formatin\u00a0e audios t\u00eb pakompresuar me 8 kanale LPCM pa humbje, Surround Sound 7.1\/5.1<br \/>\nKabllot e transmetimit dhe marrjes me brez t\u00eb gjer\u00eb IR lejojn\u00eb kontrollin e p\u00ebrshtatsh\u00ebm n\u00eb distanc\u00eb t\u00eb burimit t\u00eb sinjalit HD<br \/>\nMb\u00ebshtet\u00a0 (PoC);\u00a0 (Rx) ,(Tx).<br \/>\nNd\u00ebrprer\u00ebsi EDID i rregulluesh\u00ebm minimizon HDCP dhe problemet e tjera t\u00eb ekranit; lejon q\u00eb cil\u00ebsimet e ekranit dhe burimit t\u00eb p\u00ebrputhen p\u00ebr t\u00eb arritur pamjen m\u00eb t\u00eb mir\u00eb<br \/>\nPlot\u00ebsisht n\u00eb p\u00ebrputhje me HDCP p\u00ebr t\u00eb mbrojtur transmetimin e p\u00ebrmbajtjes High Definition dhe p\u00ebr t\u00eb siguruar marrje cil\u00ebsore<br \/>\nPlug and play \u2014 nuk k\u00ebrkon instalim ose konfigurim<br \/>\nPunon me sistemet e loj\u00ebrave PlayStation dhe Xbox, Blu-ray player, set-top boxes, marr\u00ebs satelitor dhe m\u00eb shum\u00eb<br \/>\nKonektor t\u00eb veshura me ar p\u00ebr lidhje pa korrozion.<\/p>\n<p>Standardet dhe \u00e7ertifikatat:<\/p>\n<ul>\n<li>HDCP;<\/li>\n<li>DVI 1.0;<\/li>\n<li>CTS 1.2;<\/li>\n<li>CE;<\/li>\n<li>FCC;<\/li>\n<li>RoHS2.<\/li>\n<\/ul>\n<p>T\u00eb p\u00ebrgjithshme:<\/p>\n<ul>\n<li>Kabllo Cat6 1080p n\u00eb 50 m (165 ft.);<\/li>\n<li>Kabllo Cat6 720p n\u00eb 70 m (230 ft.);<\/li>\n<li>Kabllo Cat6 480p n\u00eb 100 m (300 ft.);<\/li>\n<li>Furnizuesi : 5 VDC \/ 1 A (gjat\u00ebsia e kabllit: 1,4 m [4,5 ft.]).<\/li>\n<\/ul>\n<p>Lidhjet:<\/p>\n<ul>\n<li>Dy HDMI (transmetues);<\/li>\n<li>HDMI (marr\u00ebs);<\/li>\n<li>RJ45 (transmetues\/marr\u00ebs);<\/li>\n<li>5 VDC (transmetues\/marr\u00ebs);<\/li>\n<li>IR 3,5 mm (transmetues\/marr\u00ebs).<\/li>\n<\/ul>\n<p>Hyrja\/Dalja e sinjalit:<\/p>\n<ul>\n<li>Sinjali i videos hyr\u00ebse: 0,5 \u2013 1,0 V p-p;<\/li>\n<li>Sinjali i hyrjes DDC: 5 V p-p (TTL);<\/li>\n<li>Shtrirja maksimale me nj\u00eb lidhje: 1920&#215;1200 n\u00eb 60Hz (1080p);<\/li>\n<li>Video dal\u00ebse: HDCP 1.2, DVI 1.0;<\/li>\n<li>Frekuenca: 2.25 Gbps \/ 225 MHz.<\/li>\n<\/ul>\n<p>Rezolucionet e videove:<\/p>\n<ul>\n<li>DTV\/HDTV: 480i\/480p\/576i\/576p\/720p\/1080i\/1080p<\/li>\n<\/ul>\n","protected":false},"excerpt":{"rendered":"<p>Set zgjerues sinjali Manhattan 207461, 1080p HDMI-Ethernet<\/p>\n","protected":false},"featured_media":1516,"comment_status":"closed","ping_status":"closed","template":"","meta":[],"product_brand":[],"product_cat":[118,120,121],"product_tag":[],"class_list":{"0":"post-1069","1":"product","2":"type-product","3":"status-publish","4":"has-post-thumbnail","6":"product_cat-aksesore","7":"product_cat-pajisje-rrjeti","8":"product_cat-zgjerues-rrjeti","10":"first","11":"instock","12":"sale","13":"shipping-taxable","14":"purchasable","15":"product-type-simple"},"_links":{"self":[{"href":"https:\/\/www.metron-ks.com\/index.php?rest_route=\/wp\/v2\/product\/1069","targetHints":{"allow":["GET"]}}],"collection":[{"href":"https:\/\/www.metron-ks.com\/index.php?rest_route=\/wp\/v2\/product"}],"about":[{"href":"https:\/\/www.metron-ks.com\/index.php?rest_route=\/wp\/v2\/types\/product"}],"replies":[{"embeddable":true,"href":"https:\/\/www.metron-ks.com\/index.php?rest_route=%2Fwp%2Fv2%2Fcomments&post=1069"}],"wp:featuredmedia":[{"embeddable":true,"href":"https:\/\/www.metron-ks.com\/index.php?rest_route=\/wp\/v2\/media\/1516"}],"wp:attachment":[{"href":"https:\/\/www.metron-ks.com\/index.php?rest_route=%2Fwp%2Fv2%2Fmedia&parent=1069"}],"wp:term":[{"taxonomy":"product_brand","embeddable":true,"href":"https:\/\/www.metron-ks.com\/index.php?rest_route=%2Fwp%2Fv2%2Fproduct_brand&post=1069"},{"taxonomy":"product_cat","embeddable":true,"href":"https:\/\/www.metron-ks.com\/index.php?rest_route=%2Fwp%2Fv2%2Fproduct_cat&post=1069"},{"taxonomy":"product_tag","embeddable":true,"href":"https:\/\/www.metron-ks.com\/index.php?rest_route=%2Fwp%2Fv2%2Fproduct_tag&post=1069"}],"curies":[{"name":"wp","href":"https:\/\/api.w.org\/{rel}","templated":true}]}}