{"id":1070,"date":"2023-03-06T22:25:49","date_gmt":"2023-03-06T22:25:49","guid":{"rendered":"https:\/\/www.metron-ks.com\/product\/set-zgjerues-sinjali-manhattan-207959-1080p-hdmi-ip\/"},"modified":"2024-12-31T09:42:32","modified_gmt":"2024-12-31T09:42:32","slug":"set-zgjerues-sinjali-manhattan-207959-1080p-hdmi-ip","status":"publish","type":"product","link":"https:\/\/www.metron-ks.com\/?product=set-zgjerues-sinjali-manhattan-207959-1080p-hdmi-ip","title":{"rendered":"Set zgjerues sinjali Manhattan 207959, 1080p HDMI-IP"},"content":{"rendered":"<p><span style=\"font-weight: bolder;\">Zgjatni me leht\u00ebsi nj\u00eb sinjal\u00a0high-definition<\/span><span style=\"font-weight: bolder;\">\u00a0n\u00ebp\u00ebrmjet nj\u00eb kablloje t\u00eb vetme Ethernet<\/span><\/p>\n<p>Manhattan 1080p HDMI over Ethernet Extender Kit \u00ebsht\u00eb zgjidhja ideale p\u00ebr t\u00eb lidhur pothuajse \u00e7do burim HDMI (PlayStation, Xbox,\u00a0Blu-ray player, marr\u00ebs satelitor, regjistrues dixhital, etj.) me nj\u00eb ekran HD ose projektor deri n\u00eb 120 m (369 ft).\u00a0larg duke p\u00ebrdorur nj\u00eb\u00a0IP Network\u00a0dhe nj\u00eb kabllo t\u00eb vetme Ethernet. K\u00ebta zgjierues HDMI me fuqi ofrojn\u00eb video me rezolucion 1080p dhe transmetim audio me shum\u00eb kanale n\u00eb distanca m\u00eb t\u00eb gjata sesa \u00ebsht\u00eb e mundur vet\u00ebm me kabllot HDMI.\u00a0Plus, modulet e transmetuesit dhe marr\u00ebsit kan\u00eb porte shtes\u00eb 3,5 mm p\u00ebr Infrared (IR) p\u00ebr t\u00eb lejuar kontrollin e burimit nga vendndodhja e ekranit.<\/p>\n<p><strong>Zgjidhje fleksibile\u00a0p\u00ebr shum\u00eb aplikacione A\/V<\/strong><\/p>\n<p>Ideale p\u00ebr shfaqje tregtare, klasa, kinema n\u00eb sht\u00ebpi, salla konferencash, zyra biznesi dhe aplikacione p\u00ebr shitje, Manhattan 1080p HDMI- IP Extender Kit \u00ebsht\u00eb nj\u00eb zgjidhje me kosto efektive q\u00eb rrit dhe shtrin nj\u00eb sinjal HDMI aty ku nevojitet. Kablloja Ethernet &#8211; UTP, SSTP ose SFTP (kabllot nuk p\u00ebrfshihen) &#8211; \u00ebsht\u00eb m\u00eb pak e shtrenjt\u00eb dhe m\u00eb e leht\u00eb p\u00ebr t&#8217;u instaluar sesa kabllot HDMI dhe p\u00ebrs\u00ebrit\u00ebsit e sinjalit. Kur p\u00ebrdoret me pajisjen ton\u00eb Extender, ky kabllo jep nj\u00eb pamje t\u00eb qart\u00eb,\u00a0dhe t\u00eb gjall\u00eb n\u00eb distanca m\u00eb t\u00eb gjata.<\/p>\n<p><strong>Nd\u00ebrtim cil\u00ebsor dhe instalim\u00a0i leht\u00eb<\/strong><\/p>\n<p>HDCP n\u00eb p\u00ebrputhje me HDMI, kompleti Manhattan 1080p HDMI-IP Extender \u00ebsht\u00eb testuar p\u00ebr t\u00eb garantuar performanc\u00ebn dhe besueshm\u00ebrin\u00eb. Instalohet shpejt pa pasur nevoj\u00eb t\u00eb ekzekutoj\u00eb softuer ose t\u00eb instaloj\u00eb pajisje shtes\u00eb.<\/p>\n<p>Zgjat nj\u00eb sinjal HDMI nga nj\u00eb burim HDMI n\u00eb nj\u00eb monitor ose projektor High Definition (HD) deri n\u00eb 120 m (396 ft.) duke p\u00ebrdorur nj\u00eb nd\u00ebrprer\u00ebs rrjeti t\u00eb pamenaxhuar dhe nj\u00eb kabllo Ethernet<br \/>\nPunon\u00a0me infrastrukturat ekzistuese t\u00eb rrjetit n\u00ebp\u00ebrmjet TCP\/IP<br \/>\nMb\u00ebshtet tre konfigurime lidhjeje: lidhje direkte nga nj\u00ebsia e transmetuesit (Tx) me nj\u00ebsin\u00eb e marr\u00ebsit (Rx); Kalimi i nj\u00ebsis\u00eb Tx n\u00eb rrjet n\u00eb nj\u00ebsin\u00eb Rx; Kalimi i nj\u00ebsis\u00eb Tx n\u00eb rrjet n\u00eb shum\u00eb nj\u00ebsi Rx<br \/>\nMund t\u00eb lidh\u00eb deri n\u00eb 250 ekrane n\u00eb rrjet me nj\u00ebsi shtes\u00eb Rx<br \/>\nMb\u00ebshtet bandwidth\u00a0t\u00eb videos deri n\u00eb 165 MHz dhe 1,65 Gbps p\u00ebr kanal (4,95 Gbps n\u00eb total) p\u00ebr ekranet 1080p<br \/>\nMb\u00ebshtet formatin\u00a0e audios t\u00eb pakompresuar me 8 kanale LPCM pa humbje dhe tSurround Sound 5.1<br \/>\nOfron kabllo IR Tx dhe Rx q\u00eb lejojn\u00eb kontrollin e p\u00ebrshtatsh\u00ebm n\u00eb distanc\u00eb t\u00eb burimit t\u00eb sinjalit HD<br \/>\nPlot\u00ebsisht n\u00eb p\u00ebrputhje me HDCP p\u00ebr t\u00eb mbrojtur transmetimin e p\u00ebrmbajtjes High Definiton dhe p\u00ebr t\u00eb siguruar marrje cil\u00ebsore<br \/>\nPlug and play \u2014 nuk k\u00ebrkon instalim ose konfigurim<br \/>\nNj\u00eb zgjidhje fleksibile\u00a0audio\/video p\u00ebr salla konferencash (kur ndani ide dhe t\u00eb dh\u00ebna), sinjalistik\u00eb dixhitale (duke zgjatur distancat midis ekraneve) dhe aplikacione t\u00eb tjera<br \/>\nE p\u00ebrputhshme me sistemet e loj\u00ebrave PlayStation dhe Xbox,Blu-ray player, set-top boxes, marr\u00ebs satelitor dhe m\u00eb shum\u00eb.<\/p>\n<p>Standardet dhe \u00e7ertifikatat:<\/p>\n<ul>\n<li>HDCP 1.2;<\/li>\n<li>TCP\/IP;<\/li>\n<li>DVI 1.0;<\/li>\n<li>CTS 1.2;<\/li>\n<li>CE;<\/li>\n<li>FCC;<\/li>\n<li>RoHS2;<\/li>\n<li>Distanca nga burimi : deri n\u00eb 100 m (330 ft.);<\/li>\n<li>Distanca e kalimit n\u00eb ekran: deri n\u00eb 100 m (330 ft.);<\/li>\n<li>Distanca e kombinuar nga burimi te kalimi n\u00eb ekran 120 m (396 ft.);<\/li>\n<li>Kabllo Cat6: 1080p n\u00eb 120 m (396 ft.);<\/li>\n<li>Kabllo Cat6: 720p n\u00eb 160 m (528 ft.);<\/li>\n<li>Kabllo Cat6: 480p n\u00eb 200 m (660 ft.);<\/li>\n<li>Kabllo Cat5e: 1080p n\u00eb 100 m (330 ft.);<\/li>\n<li>Kabllo Cat5e: 720p n\u00eb 140 m (462 ft.);<\/li>\n<li>Kabllo Cat5e: 480p n\u00eb 180 m (594 ft.);<\/li>\n<li>Furnizimi: 5 VDC \/ 2 A (kabllo: 1,4 m [4,5 ft.]);<\/li>\n<li>Treguesi LED.<\/li>\n<\/ul>\n<p>Lidhjet:<\/p>\n<ul>\n<li>HDMI, 19-pin (transmetues\/marr\u00ebs);<\/li>\n<li>RJ45 (transmetues\/marr\u00ebs);<\/li>\n<li>5 VDC, OD 5,5 mm \/ ID 2,1 mm (transmetues\/marr\u00ebs);<\/li>\n<li>IR 3,5 mm (transmetues\/marr\u00ebs).<\/li>\n<\/ul>\n<p>Hyrja\/Dalja e sinjalit:<\/p>\n<ul>\n<li>Sinjali i videos hyr\u00ebse: 0,5 \u2013 1,0 V p-p;<\/li>\n<li>Sinjali i hyrjes DDC: 5 V p-p (TTL);<\/li>\n<li>Shtrirja maksimale e nj\u00eb lidhjeje: 1,65 Gbps dhe rezolucion 1080p;<\/li>\n<li>Video dal\u00ebse: HDCP 1.2, DVI 1.0;<\/li>\n<li>Frekuenca: 1.65 Gbps \/ 165 MHz.<\/li>\n<\/ul>\n<p>Rezolucionet\u00a0e videove:<\/p>\n<ul>\n<li>TV\u00a0standard definition, TV high definition;<\/li>\n<li>SDTV\/HDTV\/UHDTV: 480i\/576i\/480p\/576p\/720p\/1080i\/1080p.<\/li>\n<\/ul>\n","protected":false},"excerpt":{"rendered":"<p>Set zgjerues sinjali Manhattan 207959, 1080p HDMI-IP<\/p>\n","protected":false},"featured_media":1522,"comment_status":"closed","ping_status":"closed","template":"","meta":[],"product_brand":[],"product_cat":[118,120,121],"product_tag":[],"class_list":{"0":"post-1070","1":"product","2":"type-product","3":"status-publish","4":"has-post-thumbnail","6":"product_cat-aksesore","7":"product_cat-pajisje-rrjeti","8":"product_cat-zgjerues-rrjeti","10":"first","11":"instock","12":"shipping-taxable","13":"purchasable","14":"product-type-simple"},"_links":{"self":[{"href":"https:\/\/www.metron-ks.com\/index.php?rest_route=\/wp\/v2\/product\/1070","targetHints":{"allow":["GET"]}}],"collection":[{"href":"https:\/\/www.metron-ks.com\/index.php?rest_route=\/wp\/v2\/product"}],"about":[{"href":"https:\/\/www.metron-ks.com\/index.php?rest_route=\/wp\/v2\/types\/product"}],"replies":[{"embeddable":true,"href":"https:\/\/www.metron-ks.com\/index.php?rest_route=%2Fwp%2Fv2%2Fcomments&post=1070"}],"wp:featuredmedia":[{"embeddable":true,"href":"https:\/\/www.metron-ks.com\/index.php?rest_route=\/wp\/v2\/media\/1522"}],"wp:attachment":[{"href":"https:\/\/www.metron-ks.com\/index.php?rest_route=%2Fwp%2Fv2%2Fmedia&parent=1070"}],"wp:term":[{"taxonomy":"product_brand","embeddable":true,"href":"https:\/\/www.metron-ks.com\/index.php?rest_route=%2Fwp%2Fv2%2Fproduct_brand&post=1070"},{"taxonomy":"product_cat","embeddable":true,"href":"https:\/\/www.metron-ks.com\/index.php?rest_route=%2Fwp%2Fv2%2Fproduct_cat&post=1070"},{"taxonomy":"product_tag","embeddable":true,"href":"https:\/\/www.metron-ks.com\/index.php?rest_route=%2Fwp%2Fv2%2Fproduct_tag&post=1070"}],"curies":[{"name":"wp","href":"https:\/\/api.w.org\/{rel}","templated":true}]}}