{"id":1072,"date":"2023-03-06T22:25:52","date_gmt":"2023-03-06T22:25:52","guid":{"rendered":"https:\/\/www.metron-ks.com\/product\/shperndares-i-porteve-hdmi-sbox-hdmi-1-4-16-porte\/"},"modified":"2025-03-24T14:36:15","modified_gmt":"2025-03-24T14:36:15","slug":"shperndares-i-porteve-hdmi-sbox-hdmi-1-4-16-porte","status":"publish","type":"product","link":"https:\/\/www.metron-ks.com\/?product=shperndares-i-porteve-hdmi-sbox-hdmi-1-4-16-porte","title":{"rendered":"Shp\u00ebrndar\u00ebs i porteve HDMI SBOX HDMI-1.4, 16 porte"},"content":{"rendered":"<div>Shp\u00ebrndar\u00ebs SBOX, HDMI, 1x 16 hyrje<\/div>\n<div>HDMI 1.4V<\/div>\n<div>Rezolucioni HDMI : 4K\u00a0x 2K<\/div>\n<div>Frekuenca : 225MHz<\/div>\n<div>Shpejt\u00ebsia maksimale e transmetimit : 2.25 Gbps<\/div>\n<div>Rryma maksimale : 1.35 A<\/div>\n<div>Fuqia e adapterit: Hyrja AC (50Hz, 60Hz) 100-240V, dalja DC 12V \/ 2A<\/div>\n<div>Dimensionet [mm] : 460 x 150 x 40<\/div>\n<div>Pesha [kg]:1.68<\/div>\n","protected":false},"excerpt":{"rendered":"<p>Spliter<\/p>\n","protected":false},"featured_media":1511,"comment_status":"closed","ping_status":"closed","template":"","meta":[],"product_brand":[],"product_cat":[118,148,138],"product_tag":[],"class_list":{"0":"post-1072","1":"product","2":"type-product","3":"status-publish","4":"has-post-thumbnail","6":"product_cat-aksesore","7":"product_cat-splitter","8":"product_cat-tv","10":"first","11":"instock","12":"shipping-taxable","13":"purchasable","14":"product-type-simple"},"_links":{"self":[{"href":"https:\/\/www.metron-ks.com\/index.php?rest_route=\/wp\/v2\/product\/1072","targetHints":{"allow":["GET"]}}],"collection":[{"href":"https:\/\/www.metron-ks.com\/index.php?rest_route=\/wp\/v2\/product"}],"about":[{"href":"https:\/\/www.metron-ks.com\/index.php?rest_route=\/wp\/v2\/types\/product"}],"replies":[{"embeddable":true,"href":"https:\/\/www.metron-ks.com\/index.php?rest_route=%2Fwp%2Fv2%2Fcomments&post=1072"}],"wp:featuredmedia":[{"embeddable":true,"href":"https:\/\/www.metron-ks.com\/index.php?rest_route=\/wp\/v2\/media\/1511"}],"wp:attachment":[{"href":"https:\/\/www.metron-ks.com\/index.php?rest_route=%2Fwp%2Fv2%2Fmedia&parent=1072"}],"wp:term":[{"taxonomy":"product_brand","embeddable":true,"href":"https:\/\/www.metron-ks.com\/index.php?rest_route=%2Fwp%2Fv2%2Fproduct_brand&post=1072"},{"taxonomy":"product_cat","embeddable":true,"href":"https:\/\/www.metron-ks.com\/index.php?rest_route=%2Fwp%2Fv2%2Fproduct_cat&post=1072"},{"taxonomy":"product_tag","embeddable":true,"href":"https:\/\/www.metron-ks.com\/index.php?rest_route=%2Fwp%2Fv2%2Fproduct_tag&post=1072"}],"curies":[{"name":"wp","href":"https:\/\/api.w.org\/{rel}","templated":true}]}}