{"id":1078,"date":"2023-03-06T22:25:54","date_gmt":"2023-03-06T22:25:54","guid":{"rendered":"https:\/\/www.metron-ks.com\/product\/skaner-per-barkode-manhattan-178488\/"},"modified":"2024-12-31T09:09:13","modified_gmt":"2024-12-31T09:09:13","slug":"skaner-per-barkode-manhattan-178488","status":"publish","type":"product","link":"https:\/\/www.metron-ks.com\/?product=skaner-per-barkode-manhattan-178488","title":{"rendered":"Skaner p\u00ebr barkode Manhattan, 178488"},"content":{"rendered":"<p>P\u00ebrmir\u00ebson shpejt\u00ebsin\u00eb, sakt\u00ebsin\u00eb dhe produktivitetin.<br \/>\nManhattan CCD ofrojn\u00eb skanim me cil\u00ebsi t\u00eb lart\u00eb p\u00ebr nj\u00eb gam\u00eb t\u00eb gjer\u00eb funksionesh t\u00eb mbledhjes s\u00eb t\u00eb dh\u00ebnave p\u00ebr t\u00eb ndihmuar n\u00eb p\u00ebrmir\u00ebsimin e transaksioneve rutinore,\u00a0dhe rritjen e produktivitetit. Leht\u00eb p\u00ebr t\u2019u zbatuar dhe i thjesht\u00eb p\u00ebr t\u2019u p\u00ebrdorur, d\u00ebrgon t\u00eb dh\u00ebna t\u00eb skanuara n\u00eb nj\u00eb aplikacion aktiv, ku duket sikur shtypen manualisht ose futen direkt n\u00eb kompjuter.Interface e\u00a0saj\u00a0USB integron me shumic\u00ebn e PC-ve pa nj\u00eb furnizim t\u00eb jasht\u00ebm me energji elektrike. Me nj\u00eb shpejt\u00ebsi skanimi prej 100 skanimesh n\u00eb sekond\u00eb dhe nj\u00eb gam\u00eb t\u00eb sakt\u00eb leximi deri n\u00eb 60 mm (2.4 in\u00e7.), Ky model ofron nj\u00eb zgjidhje praktike t\u00eb skanimit ditor p\u00ebr pikat e shitjes, transporte, depo,\u00a0 zyra\u00a0 etj.<\/p>\n<p>Rrit shpejt\u00ebsin\u00eb e futjes s\u00eb t\u00eb dh\u00ebnave, zvog\u00eblon gabimet dhe rrit efikasitetin,\u00a0ideal n\u00eb dyqane.<br \/>\nZon\u00eb e gjer\u00eb skanimi p\u00ebr lexim t\u00eb shpejt\u00eb dhe t\u00eb besuesh\u00ebm me deri n\u00eb 100 skanime n\u00eb sekond\u00eb.<\/p>\n<p><strong>Mb\u00ebshtetjet\u00a0e kodit:<\/strong><\/p>\n<p><strong><span style=\"color: #333333; font-family: Raleway, sans-serif; font-size: 13px;\">UPC\/EAN\/JAN, Code 39, Code 39 Full ASCII, Code 11, Matrix 25, Code 128, Code 93, Interleave 25, Codabar\/NW7, MSI\/PLESSEY, China Postage, GS1 DataBar (RSS code)<\/span><\/strong><\/p>\n<p>Plug &amp; luaj p\u00ebrmes lidhjes USB.<\/p>\n<p>Mb\u00ebshtet editimin e karakterit dhe funksionin\u00a0ISP<br \/>\nBurimi i drit\u00ebs: LED i kuq 632 nm<br \/>\nGjer\u00ebsia e skanerit: 6 cm<br \/>\nDiapazoni i skanerit: kontakt\u00a0n\u00eb 6 cm @ 20 mil \/ 0,5 mm, PC 90%, Kodi39<br \/>\nRezolucioni: 0.127 mm (5 mil) n\u00eb PC 90%<br \/>\nTreguesi i leximit: Ton (z\u00eb)<br \/>\nDrita e ambientit: 5,000 lux\u00a0maksimal (drita e diellit)<br \/>\nShkalla e skanimit: 100 skanime \/ sekond\u00eb +\/- 10%<br \/>\ninterface: KBW \/ RS232 \/ USB (Fsheh ose Kport Virtual)<\/p>\n","protected":false},"excerpt":{"rendered":"<p>Skaner p\u00ebr barkode Manhattan, 178488<\/p>\n","protected":false},"featured_media":1495,"comment_status":"closed","ping_status":"closed","template":"","meta":[],"product_brand":[],"product_cat":[118],"product_tag":[],"class_list":{"0":"post-1078","1":"product","2":"type-product","3":"status-publish","4":"has-post-thumbnail","6":"product_cat-aksesore","8":"first","9":"instock","10":"shipping-taxable","11":"purchasable","12":"product-type-simple"},"_links":{"self":[{"href":"https:\/\/www.metron-ks.com\/index.php?rest_route=\/wp\/v2\/product\/1078","targetHints":{"allow":["GET"]}}],"collection":[{"href":"https:\/\/www.metron-ks.com\/index.php?rest_route=\/wp\/v2\/product"}],"about":[{"href":"https:\/\/www.metron-ks.com\/index.php?rest_route=\/wp\/v2\/types\/product"}],"replies":[{"embeddable":true,"href":"https:\/\/www.metron-ks.com\/index.php?rest_route=%2Fwp%2Fv2%2Fcomments&post=1078"}],"wp:featuredmedia":[{"embeddable":true,"href":"https:\/\/www.metron-ks.com\/index.php?rest_route=\/wp\/v2\/media\/1495"}],"wp:attachment":[{"href":"https:\/\/www.metron-ks.com\/index.php?rest_route=%2Fwp%2Fv2%2Fmedia&parent=1078"}],"wp:term":[{"taxonomy":"product_brand","embeddable":true,"href":"https:\/\/www.metron-ks.com\/index.php?rest_route=%2Fwp%2Fv2%2Fproduct_brand&post=1078"},{"taxonomy":"product_cat","embeddable":true,"href":"https:\/\/www.metron-ks.com\/index.php?rest_route=%2Fwp%2Fv2%2Fproduct_cat&post=1078"},{"taxonomy":"product_tag","embeddable":true,"href":"https:\/\/www.metron-ks.com\/index.php?rest_route=%2Fwp%2Fv2%2Fproduct_tag&post=1078"}],"curies":[{"name":"wp","href":"https:\/\/api.w.org\/{rel}","templated":true}]}}