{"id":1086,"date":"2023-03-06T22:25:57","date_gmt":"2023-03-06T22:25:57","guid":{"rendered":"https:\/\/www.metron-ks.com\/product\/stabilizues-per-celulargimbal-white-shark-gmb-005-nobori\/"},"modified":"2024-12-31T08:48:22","modified_gmt":"2024-12-31T08:48:22","slug":"stabilizues-per-celulargimbal-white-shark-gmb-005-nobori","status":"publish","type":"product","link":"https:\/\/www.metron-ks.com\/?product=stabilizues-per-celulargimbal-white-shark-gmb-005-nobori","title":{"rendered":"Stabilizues p\u00ebr celular,Gimbal White Shark GMB-005 Nobori"},"content":{"rendered":"<p>White Shark NOBORI \u00ebsht\u00eb nj\u00eb gjymtyr\u00eb p\u00ebr pajisjen tuaj t\u00eb zgjuar e cila ju lejon t\u00eb regjistroni video t\u00eb shk\u00eblqyera stabile pa gjurm\u00eb l\u00ebkundjeje. Ka nj\u00eb stabilizim prej 3 boshtesh dhe ka edhe 3 m\u00ebnyra t\u00eb ndryshme pune; M\u00ebnyra e p\u00ebrcjelljes s\u00eb panelit dhe pjerr\u00ebsis\u00eb, m\u00ebnyra e pasimit dhe m\u00ebnyra e bllokimit. Ekziston gjithashtu nj\u00eb aplikacion i disponuesh\u00ebm p\u00ebr ju p\u00ebr\u00a0pajisje\u00a0Andorid ose iOS. Aplikacioni ju lejon t\u00eb p\u00ebrdorni funksione tjera si ndjekja e fytyr\u00ebs dhe objektit, afatet kohore, afatet rrotulluese.<\/p>\n<p>Telefonat inteligjent\u00eb t\u00eb mb\u00ebshtetur me max. 6.5 &#8220;diagonale e ekranit.<\/p>\n<p>Joystick p\u00ebr kontrollin e k\u00ebndit t\u00eb rrotullimit dhe rrotullimit.<\/p>\n<p>Ndjekja e fytyr\u00ebs dhe objektit e mb\u00ebshtetur nga aplikacioni Gimabl Pro (Android dhe iOS).<\/p>\n<p>Madh\u00ebsia e telefonit: 6.5 &#8220;(Maks.)<br \/>\nK\u00ebndi (pjerr\u00ebsia) K\u00ebndi: 310 \u00b0 n\u00eb total<br \/>\nN\u00ebse doreza rrotullohet +\/- 30 \u00b0 (majtas ose djathtas) pajisja kalon nga peizazhi n\u00eb modalitetin portret.<br \/>\nKur pajisja montohet origjinalisht n\u00eb pozicionin e peizazhit, k\u00ebndi i lart\u00ebsis\u00eb \u00ebsht\u00eb +\/- 155 \u00b0, n\u00ebse ndryshohet orientimi n\u00eb k\u00ebndin e lart\u00ebsis\u00eb s\u00eb portretit \u00ebsht\u00eb +\/- 30 \u00b0<br \/>\nK\u00ebndi i panelit: 310 \u00b0<br \/>\nBateria: 4000mAh Li-jon<br \/>\nKapaciteti i pesh\u00ebs: 250 g (Maks.)<br \/>\nKoha e pun\u00ebs: 10 or\u00eb &#8211; 12 or\u00eb<br \/>\nKoha e karikimit: 5 or\u00eb<br \/>\nLidhja: Bluetooth<br \/>\nFunksion\u00a0i Kontrollimit\u00a0p\u00ebr zmadhim<br \/>\nAndroid, aplikacion iOS (Gimble Pro)<br \/>\nNdjekja e gjendjes (App)<br \/>\nP\u00ebrmasa: 108 mm x 70 mm x 289 mm<br \/>\nPesha: 460 g<\/p>\n","protected":false},"excerpt":{"rendered":"<p>GMB-005 Nobori<\/p>\n","protected":false},"featured_media":7025,"comment_status":"closed","ping_status":"closed","template":"","meta":[],"product_brand":[],"product_cat":[113,116],"product_tag":[],"class_list":{"0":"post-1086","1":"product","2":"type-product","3":"status-publish","4":"has-post-thumbnail","6":"product_cat-celulartabletnavigim","7":"product_cat-gaming","9":"first","10":"instock","11":"shipping-taxable","12":"purchasable","13":"product-type-simple"},"_links":{"self":[{"href":"https:\/\/www.metron-ks.com\/index.php?rest_route=\/wp\/v2\/product\/1086","targetHints":{"allow":["GET"]}}],"collection":[{"href":"https:\/\/www.metron-ks.com\/index.php?rest_route=\/wp\/v2\/product"}],"about":[{"href":"https:\/\/www.metron-ks.com\/index.php?rest_route=\/wp\/v2\/types\/product"}],"replies":[{"embeddable":true,"href":"https:\/\/www.metron-ks.com\/index.php?rest_route=%2Fwp%2Fv2%2Fcomments&post=1086"}],"wp:featuredmedia":[{"embeddable":true,"href":"https:\/\/www.metron-ks.com\/index.php?rest_route=\/wp\/v2\/media\/7025"}],"wp:attachment":[{"href":"https:\/\/www.metron-ks.com\/index.php?rest_route=%2Fwp%2Fv2%2Fmedia&parent=1086"}],"wp:term":[{"taxonomy":"product_brand","embeddable":true,"href":"https:\/\/www.metron-ks.com\/index.php?rest_route=%2Fwp%2Fv2%2Fproduct_brand&post=1086"},{"taxonomy":"product_cat","embeddable":true,"href":"https:\/\/www.metron-ks.com\/index.php?rest_route=%2Fwp%2Fv2%2Fproduct_cat&post=1086"},{"taxonomy":"product_tag","embeddable":true,"href":"https:\/\/www.metron-ks.com\/index.php?rest_route=%2Fwp%2Fv2%2Fproduct_tag&post=1086"}],"curies":[{"name":"wp","href":"https:\/\/api.w.org\/{rel}","templated":true}]}}