{"id":1101,"date":"2023-03-06T22:26:03","date_gmt":"2023-03-06T22:26:03","guid":{"rendered":"https:\/\/www.metron-ks.com\/product\/tabele-per-projektor-sbox-psm-100-180-x-180-cm\/"},"modified":"2025-03-24T13:54:02","modified_gmt":"2025-03-24T13:54:02","slug":"tabele-per-projektor-sbox-psm-100-180-x-180-cm","status":"publish","type":"product","link":"https:\/\/www.metron-ks.com\/?product=tabele-per-projektor-sbox-psm-100-180-x-180-cm","title":{"rendered":"Tabele p\u00ebr projektor Sbox PSM-4:3-100, 200 x 150 cm"},"content":{"rendered":"<p>Zhytuni n\u00eb pamjet mahnit\u00ebse me modalitetin e pamjes 4:3 dhe ekranin 100 in\u00e7. Materialet e tij me cil\u00ebsi t\u00eb lart\u00eb garantojn\u00eb nj\u00eb imazh t\u00eb mpreht\u00eb dhe t\u00eb gjall\u00eb, duke e b\u00ebr\u00eb \u00e7do mbr\u00ebmje filmi ose prezantim m\u00eb t\u00eb gjall\u00eb. Procesi i thjesht\u00eb i instalimit siguron komoditet, nd\u00ebrsa nd\u00ebrtimi i tij i q\u00ebndruesh\u00ebm garanton p\u00ebrdorim afatgjat\u00eb.<\/p>\n<p>Lloji i tabeles: Manual<\/p>\n<p>Madh\u00ebsia e tabeles: 100&#8221;\/200&#215;150 cm<\/p>\n<p>Formati i tabeles: 4:3<\/p>\n<p>Trash\u00ebsia \u00a0(mm): 0,4 +\/-2%<\/p>\n<p>Korniza e zez\u00eb: lart &#8211; 5 cm, posht\u00eb &#8211; 4 cm, an\u00ebsore &#8211; 3 cm<\/p>\n<p>K\u00ebndi i shikimit: 160\u00b0<\/p>\n<p>Dimensionet e kas\u00ebs (cm): 212.4<\/p>\n<p>Montimi: Mur\/Tavan<\/p>\n<p>Materiali i : \u00c7elik<\/p>\n","protected":false},"excerpt":{"rendered":"<p>PSM-4:3-100<\/p>\n","protected":false},"featured_media":5843,"comment_status":"closed","ping_status":"closed","template":"","meta":[],"product_brand":[],"product_cat":[118,143,144],"product_tag":[],"class_list":{"0":"post-1101","1":"product","2":"type-product","3":"status-publish","4":"has-post-thumbnail","6":"product_cat-aksesore","7":"product_cat-projektor","8":"product_cat-tabele-projektor","10":"first","11":"instock","12":"shipping-taxable","13":"purchasable","14":"product-type-simple"},"_links":{"self":[{"href":"https:\/\/www.metron-ks.com\/index.php?rest_route=\/wp\/v2\/product\/1101","targetHints":{"allow":["GET"]}}],"collection":[{"href":"https:\/\/www.metron-ks.com\/index.php?rest_route=\/wp\/v2\/product"}],"about":[{"href":"https:\/\/www.metron-ks.com\/index.php?rest_route=\/wp\/v2\/types\/product"}],"replies":[{"embeddable":true,"href":"https:\/\/www.metron-ks.com\/index.php?rest_route=%2Fwp%2Fv2%2Fcomments&post=1101"}],"wp:featuredmedia":[{"embeddable":true,"href":"https:\/\/www.metron-ks.com\/index.php?rest_route=\/wp\/v2\/media\/5843"}],"wp:attachment":[{"href":"https:\/\/www.metron-ks.com\/index.php?rest_route=%2Fwp%2Fv2%2Fmedia&parent=1101"}],"wp:term":[{"taxonomy":"product_brand","embeddable":true,"href":"https:\/\/www.metron-ks.com\/index.php?rest_route=%2Fwp%2Fv2%2Fproduct_brand&post=1101"},{"taxonomy":"product_cat","embeddable":true,"href":"https:\/\/www.metron-ks.com\/index.php?rest_route=%2Fwp%2Fv2%2Fproduct_cat&post=1101"},{"taxonomy":"product_tag","embeddable":true,"href":"https:\/\/www.metron-ks.com\/index.php?rest_route=%2Fwp%2Fv2%2Fproduct_tag&post=1101"}],"curies":[{"name":"wp","href":"https:\/\/api.w.org\/{rel}","templated":true}]}}