{"id":1102,"date":"2023-03-06T22:26:12","date_gmt":"2023-03-06T22:26:12","guid":{"rendered":"https:\/\/www.metron-ks.com\/product\/tabele-per-projektor-sbox-psm-112-200-x-200-cm\/"},"modified":"2025-03-24T13:58:50","modified_gmt":"2025-03-24T13:58:50","slug":"tabele-per-projektor-sbox-psm-112-200-x-200-cm","status":"publish","type":"product","link":"https:\/\/www.metron-ks.com\/?product=tabele-per-projektor-sbox-psm-112-200-x-200-cm","title":{"rendered":"Tabel\u00eb p\u00ebr projektor SBOX, PSM-112, 200 x 200 cm"},"content":{"rendered":"<p>Tabel\u00eb t\u00ebrheq\u00ebse dhe kompakte p\u00ebr projeksione n\u00eb arsim, sht\u00ebpi apo zyr\u00eb. Mekanizmi i rrot\u00ebs\u00a0me nj\u00eb fren\u00eb\u00a0automatike lejon palosjen e leht\u00eb dhe t\u00eb qet\u00eb t\u00eb ekranit.<\/p>\n<p>Madh\u00ebsia e tabel\u00ebs: 112 &#8221; \/ 200 x 200 cm<br \/>\nFormatet : 16: 9, 4: 3, 1: 1<br \/>\nTrash\u00ebsia e tabel\u00ebs: 0,4 mm +\/- 2%<\/p>\n","protected":false},"excerpt":{"rendered":"<p>Tabel\u00eb p\u00ebr projektor SBOX, PSM-112, 200 x 200 cm<\/p>\n","protected":false},"featured_media":1434,"comment_status":"closed","ping_status":"closed","template":"","meta":[],"product_brand":[],"product_cat":[118,143,144],"product_tag":[],"class_list":{"0":"post-1102","1":"product","2":"type-product","3":"status-publish","4":"has-post-thumbnail","6":"product_cat-aksesore","7":"product_cat-projektor","8":"product_cat-tabele-projektor","10":"first","11":"instock","12":"shipping-taxable","13":"purchasable","14":"product-type-simple"},"_links":{"self":[{"href":"https:\/\/www.metron-ks.com\/index.php?rest_route=\/wp\/v2\/product\/1102","targetHints":{"allow":["GET"]}}],"collection":[{"href":"https:\/\/www.metron-ks.com\/index.php?rest_route=\/wp\/v2\/product"}],"about":[{"href":"https:\/\/www.metron-ks.com\/index.php?rest_route=\/wp\/v2\/types\/product"}],"replies":[{"embeddable":true,"href":"https:\/\/www.metron-ks.com\/index.php?rest_route=%2Fwp%2Fv2%2Fcomments&post=1102"}],"wp:featuredmedia":[{"embeddable":true,"href":"https:\/\/www.metron-ks.com\/index.php?rest_route=\/wp\/v2\/media\/1434"}],"wp:attachment":[{"href":"https:\/\/www.metron-ks.com\/index.php?rest_route=%2Fwp%2Fv2%2Fmedia&parent=1102"}],"wp:term":[{"taxonomy":"product_brand","embeddable":true,"href":"https:\/\/www.metron-ks.com\/index.php?rest_route=%2Fwp%2Fv2%2Fproduct_brand&post=1102"},{"taxonomy":"product_cat","embeddable":true,"href":"https:\/\/www.metron-ks.com\/index.php?rest_route=%2Fwp%2Fv2%2Fproduct_cat&post=1102"},{"taxonomy":"product_tag","embeddable":true,"href":"https:\/\/www.metron-ks.com\/index.php?rest_route=%2Fwp%2Fv2%2Fproduct_tag&post=1102"}],"curies":[{"name":"wp","href":"https:\/\/api.w.org\/{rel}","templated":true}]}}