{"id":1109,"date":"2023-03-06T22:26:14","date_gmt":"2023-03-06T22:26:14","guid":{"rendered":"https:\/\/www.metron-ks.com\/product\/tastiere-gaming-esharkmekanike-rgb-esl-k1-kodachi\/"},"modified":"2025-01-14T09:04:22","modified_gmt":"2025-01-14T09:04:22","slug":"tastiere-gaming-esharkmekanike-rgb-esl-k1-kodachi","status":"publish","type":"product","link":"https:\/\/www.metron-ks.com\/?product=tastiere-gaming-esharkmekanike-rgb-esl-k1-kodachi","title":{"rendered":"Tastier\u00eb Gaming eShark,mekanike, RGB, ESL-K1 Kodachi"},"content":{"rendered":"<p>Tastier\u00eb\u00a0ESL-K1 Kodiachi nga E-SharkI\u00a0\u00ebsht\u00eb tastier\u00eb mekanike\u00a0tejet elegante e dizajnuar p\u00ebr\u00a0p\u00ebrdorim t\u00eb\u00a0leht\u00eb. Shijojeni komoditetin, shtypjen e shpejt\u00eb si dhe nd\u00ebrrimin e shpejt\u00eb mes tastesh. \u00cbsht\u00eb i p\u00ebrshtatsh\u00ebm me kompjuter t\u00eb thjesht\u00eb.<\/p>\n<p>Tastiera TKL e krijuar posa\u00e7\u00ebrisht p\u00ebr nj\u00eb ndjesi premium gjat\u00eb lojrave. Tastet Mekanik\u00eb Linear Outemu t\u00eb Kuq dhe Ndri\u00e7imi RGB\u00a0jan\u00eb vet\u00ebm disa nga tiparet q\u00eb do t\u00eb rrisin p\u00ebrvoj\u00ebn tuaj t\u00eb lojrave dhe do ta sjellin at\u00eb n\u00eb tjeter nivel<\/p>\n<p>RGB p\u00ebr secilin buton<br \/>\nSecili buton mund t\u00eb vendoset n\u00eb cilindo prej 16.8 milion ngjyrave nga spektri RGB. P\u00ebrshtatja mund t\u00eb b\u00ebhet n\u00eb softuerin Kodachi.<\/p>\n<p>Butona shtes\u00eb<br \/>\nDisa Butona jan\u00eb m\u00eb t\u00eb r\u00ebnd\u00ebsish\u00ebm se t\u00eb tjer\u00ebt. Ndryshoni WASD tuaj n\u00eb ngjyr\u00eb jeshile ose t\u00eb kuqe dhe tregoni sa t\u00eb ve\u00e7anta jan\u00eb ato!<\/p>\n<p>Butona mekanik\u00eb t\u00eb kuq<br \/>\nP\u00ebr ata q\u00eb preferojn\u00eb nj\u00eb tingull m\u00eb pak t\u00eb fort\u00eb &#8216;klikimi&#8217;, Kodachi vjen me Outemu Red Linear Switches q\u00eb ndryshohen leht\u00eb me nj\u00eb mjet t\u00eb ve\u00e7ant\u00eb t\u00eb dh\u00ebn\u00eb n\u00eb pako. Butonat\u00a0e kuq kan\u00eb nj\u00eb forc\u00eb aktivizimi prej 70g.<\/p>\n<p>4 butona blu shtes\u00eb<br \/>\nJu akoma d\u00ebshironi q\u00eb &#8216;klikoni&#8217; m\u00eb fort n\u00eb disa prej \u00e7el\u00ebsave tuaj? 4 \u00e7el\u00ebsa shtes\u00eb blu po ju presin n\u00eb kuti. Vegla e heqjes s\u00eb butonit\u00a0\u00ebsht\u00eb p\u00ebrfshir\u00eb gjithashtu.<\/p>\n<p>Me softuerin Kodachi ju mund t\u00eb zgjidhni nj\u00eb nga efektet e drit\u00ebs s\u00eb para-ngarkuar ose t\u00eb vendosni ngjyr\u00ebn tuaj t\u00eb preferuar nga spektri RGB. Per-Key RGB \u00ebsht\u00eb gjithashtu n\u00eb dispozicion.<\/p>\n<p>Butonat: OUTEMU mekanik &#8211; i kuq (me 4 blu shtes\u00eb)<br \/>\nNumri i butoneve: 87<br \/>\nParaqitja: US<br \/>\nJet\u00ebgjat\u00ebsia: 50 milion her\u00eb<br \/>\nDrita e pasme: RGB me 16.8 milion ngjyra t\u00eb personalizueshme<br \/>\nAnti-Ghosting: 87 butona<br \/>\nNgjyra: E zez\u00eb<br \/>\nInterface: USB 2.0<br \/>\nGjat\u00ebsia e kabllit: 2m &#8211; Shk\u00ebputet<br \/>\nPesha: 1015 g<br \/>\nP\u00ebrmasat (mm): 358x152x35<\/p>\n","protected":false},"excerpt":{"rendered":"<p>Tastier\u00eb eShark ESL-K1 Kodachi<\/p>\n","protected":false},"featured_media":1414,"comment_status":"closed","ping_status":"closed","template":"","meta":[],"product_brand":[],"product_cat":[117],"product_tag":[],"class_list":{"0":"post-1109","1":"product","2":"type-product","3":"status-publish","4":"has-post-thumbnail","6":"product_cat-tastiere-gaming","8":"first","9":"instock","10":"shipping-taxable","11":"purchasable","12":"product-type-simple"},"_links":{"self":[{"href":"https:\/\/www.metron-ks.com\/index.php?rest_route=\/wp\/v2\/product\/1109","targetHints":{"allow":["GET"]}}],"collection":[{"href":"https:\/\/www.metron-ks.com\/index.php?rest_route=\/wp\/v2\/product"}],"about":[{"href":"https:\/\/www.metron-ks.com\/index.php?rest_route=\/wp\/v2\/types\/product"}],"replies":[{"embeddable":true,"href":"https:\/\/www.metron-ks.com\/index.php?rest_route=%2Fwp%2Fv2%2Fcomments&post=1109"}],"wp:featuredmedia":[{"embeddable":true,"href":"https:\/\/www.metron-ks.com\/index.php?rest_route=\/wp\/v2\/media\/1414"}],"wp:attachment":[{"href":"https:\/\/www.metron-ks.com\/index.php?rest_route=%2Fwp%2Fv2%2Fmedia&parent=1109"}],"wp:term":[{"taxonomy":"product_brand","embeddable":true,"href":"https:\/\/www.metron-ks.com\/index.php?rest_route=%2Fwp%2Fv2%2Fproduct_brand&post=1109"},{"taxonomy":"product_cat","embeddable":true,"href":"https:\/\/www.metron-ks.com\/index.php?rest_route=%2Fwp%2Fv2%2Fproduct_cat&post=1109"},{"taxonomy":"product_tag","embeddable":true,"href":"https:\/\/www.metron-ks.com\/index.php?rest_route=%2Fwp%2Fv2%2Fproduct_tag&post=1109"}],"curies":[{"name":"wp","href":"https:\/\/api.w.org\/{rel}","templated":true}]}}