{"id":1114,"date":"2023-03-06T22:26:16","date_gmt":"2023-03-06T22:26:16","guid":{"rendered":"https:\/\/www.metron-ks.com\/product\/tastiere-gaming-white-shark-legionnaire-gk-1926-mekanike\/"},"modified":"2024-12-10T12:56:01","modified_gmt":"2024-12-10T12:56:01","slug":"tastiere-gaming-white-shark-legionnaire-gk-1926-mekanike","status":"publish","type":"product","link":"https:\/\/www.metron-ks.com\/?product=tastiere-gaming-white-shark-legionnaire-gk-1926-mekanike","title":{"rendered":"Tastier\u00eb Gaming White Shark, Mekanike, Legionnaire"},"content":{"rendered":"<p>Numri i tasteve: 104<br \/>\nLloji i tastit: Mekanik &#8211; OUTEMU (Blu)<br \/>\nJet\u00ebgjat\u00ebsia: Mbi 50 M shtypje<br \/>\nPresioni ky\u00e7: 60 g +\/-15 g<br \/>\nDistanca e shtypjes se tastit: 4 mm +\/-0,5 mm<br \/>\nAnti-Ghosting: 26 taste<br \/>\nNdri\u00e7imi: Rainbow LED &#8211; 9 m\u00ebnyra<br \/>\nNgjyra: Argjend<br \/>\nMateriali: Metal\/plastik\u00eb<br \/>\nInterface: USB 2.0<br \/>\nK\u00ebmb\u00eb shtes\u00eb n\u00eb ngritje: Po (t\u00eb gomuara)<br \/>\nGjat\u00ebsia e kabllit (m): 1.8<br \/>\nKabllo me g\u00ebrsheta: Po<br \/>\nDimensionet (mm): 444x155x38.5<br \/>\nPesha (g): 890<\/p>\n","protected":false},"excerpt":{"rendered":"<p>GK-1926, Mekanike<\/p>\n","protected":false},"featured_media":1393,"comment_status":"closed","ping_status":"closed","template":"","meta":[],"product_brand":[],"product_cat":[116,117],"product_tag":[],"class_list":{"0":"post-1114","1":"product","2":"type-product","3":"status-publish","4":"has-post-thumbnail","6":"product_cat-gaming","7":"product_cat-tastiere-gaming","9":"first","10":"instock","11":"shipping-taxable","12":"purchasable","13":"product-type-simple"},"_links":{"self":[{"href":"https:\/\/www.metron-ks.com\/index.php?rest_route=\/wp\/v2\/product\/1114","targetHints":{"allow":["GET"]}}],"collection":[{"href":"https:\/\/www.metron-ks.com\/index.php?rest_route=\/wp\/v2\/product"}],"about":[{"href":"https:\/\/www.metron-ks.com\/index.php?rest_route=\/wp\/v2\/types\/product"}],"replies":[{"embeddable":true,"href":"https:\/\/www.metron-ks.com\/index.php?rest_route=%2Fwp%2Fv2%2Fcomments&post=1114"}],"wp:featuredmedia":[{"embeddable":true,"href":"https:\/\/www.metron-ks.com\/index.php?rest_route=\/wp\/v2\/media\/1393"}],"wp:attachment":[{"href":"https:\/\/www.metron-ks.com\/index.php?rest_route=%2Fwp%2Fv2%2Fmedia&parent=1114"}],"wp:term":[{"taxonomy":"product_brand","embeddable":true,"href":"https:\/\/www.metron-ks.com\/index.php?rest_route=%2Fwp%2Fv2%2Fproduct_brand&post=1114"},{"taxonomy":"product_cat","embeddable":true,"href":"https:\/\/www.metron-ks.com\/index.php?rest_route=%2Fwp%2Fv2%2Fproduct_cat&post=1114"},{"taxonomy":"product_tag","embeddable":true,"href":"https:\/\/www.metron-ks.com\/index.php?rest_route=%2Fwp%2Fv2%2Fproduct_tag&post=1114"}],"curies":[{"name":"wp","href":"https:\/\/api.w.org\/{rel}","templated":true}]}}