{"id":1119,"date":"2023-03-06T22:26:18","date_gmt":"2023-03-06T22:26:18","guid":{"rendered":"https:\/\/www.metron-ks.com\/product\/tastiere-gaming-white-shark-spartan-x-rgb-mekanike-gk-2101\/"},"modified":"2024-12-10T13:57:20","modified_gmt":"2024-12-10T13:57:20","slug":"tastiere-gaming-white-shark-spartan-x-rgb-mekanike-gk-2101","status":"publish","type":"product","link":"https:\/\/www.metron-ks.com\/?product=tastiere-gaming-white-shark-spartan-x-rgb-mekanike-gk-2101","title":{"rendered":"Tastier\u00eb Gaming White Shark Mekanike, RGB, Spartan X"},"content":{"rendered":"<p>WHITE SHARK SPARTAN X \u00ebsht\u00eb nj\u00eb tastier\u00eb e re, e p\u00ebrmir\u00ebsuar mekanike, trash\u00ebgimtare e tastieres s\u00eb njohur SPARTAN\u00a0. Karakterizohet nga dizajni pa NUMLOCK. Spartan X ka taste t\u00eb kuq OUTEMU me 50 milion her\u00eb jet\u00ebgjat\u00ebsi, ndri\u00e7im RGB me shkronja t\u00eb ndri\u00e7uara &#8211; intensitet i rregulluesh\u00ebm dhe taste\u00a0t\u00eb\u00a0plot\u00eb anti-ghosting<\/p>\n<p>Butonat: 87<\/p>\n<p>Lloji I butonave: OUTEMU mekanik e kuqe<\/p>\n<p>Anti-ghosting: Po \/ 87 botuna<\/p>\n<p>Ndri\u00e7imi: LED RGB me shkronja t\u00eb ndri\u00e7uara<\/p>\n<p>P\u00ebrmasat: 355mm x 135mm x 20mm<\/p>\n<p>Materiali: Metali, Plastik<\/p>\n<p>Jet\u00ebgjatesia e tasteve: 50 M her\u00eb<\/p>\n<p>Pesha: 640g<\/p>\n<p>Lidhja: USB 2.0 Plug and play<\/p>\n<p>P\u00ebrputhshm\u00ebria: Windows 7\/8\/10 dhe Mac OS<\/p>\n<p>12 funksione multimediale: butoni FN + F1 n\u00eb F12 \/ FN + butoni Win<\/p>\n<p>Intensiteti i ndri\u00e7imit:I rregulluesh\u00ebm<\/p>\n<p>Dizajn ergonomik<\/p>\n<p>K\u00ebmb\u00eb t\u00eb gomuara p\u00ebr ngritjen e tastier\u00ebs<\/p>\n","protected":false},"excerpt":{"rendered":"<p>Spartan X ,GK-2101<\/p>\n","protected":false},"featured_media":1366,"comment_status":"closed","ping_status":"closed","template":"","meta":[],"product_brand":[],"product_cat":[116,117],"product_tag":[],"class_list":{"0":"post-1119","1":"product","2":"type-product","3":"status-publish","4":"has-post-thumbnail","6":"product_cat-gaming","7":"product_cat-tastiere-gaming","9":"first","10":"instock","11":"shipping-taxable","12":"purchasable","13":"product-type-simple"},"_links":{"self":[{"href":"https:\/\/www.metron-ks.com\/index.php?rest_route=\/wp\/v2\/product\/1119","targetHints":{"allow":["GET"]}}],"collection":[{"href":"https:\/\/www.metron-ks.com\/index.php?rest_route=\/wp\/v2\/product"}],"about":[{"href":"https:\/\/www.metron-ks.com\/index.php?rest_route=\/wp\/v2\/types\/product"}],"replies":[{"embeddable":true,"href":"https:\/\/www.metron-ks.com\/index.php?rest_route=%2Fwp%2Fv2%2Fcomments&post=1119"}],"wp:featuredmedia":[{"embeddable":true,"href":"https:\/\/www.metron-ks.com\/index.php?rest_route=\/wp\/v2\/media\/1366"}],"wp:attachment":[{"href":"https:\/\/www.metron-ks.com\/index.php?rest_route=%2Fwp%2Fv2%2Fmedia&parent=1119"}],"wp:term":[{"taxonomy":"product_brand","embeddable":true,"href":"https:\/\/www.metron-ks.com\/index.php?rest_route=%2Fwp%2Fv2%2Fproduct_brand&post=1119"},{"taxonomy":"product_cat","embeddable":true,"href":"https:\/\/www.metron-ks.com\/index.php?rest_route=%2Fwp%2Fv2%2Fproduct_cat&post=1119"},{"taxonomy":"product_tag","embeddable":true,"href":"https:\/\/www.metron-ks.com\/index.php?rest_route=%2Fwp%2Fv2%2Fproduct_tag&post=1119"}],"curies":[{"name":"wp","href":"https:\/\/api.w.org\/{rel}","templated":true}]}}