{"id":1127,"date":"2023-03-06T22:26:21","date_gmt":"2023-03-06T22:26:21","guid":{"rendered":"https:\/\/www.metron-ks.com\/product\/tastiere-sbox-k-14-e-zeze\/"},"modified":"2025-03-24T14:38:03","modified_gmt":"2025-03-24T14:38:03","slug":"tastiere-sbox-k-14-e-zeze","status":"publish","type":"product","link":"https:\/\/www.metron-ks.com\/?product=tastiere-sbox-k-14-e-zeze","title":{"rendered":"Tastier\u00eb SBOX K-14, e zez\u00eb"},"content":{"rendered":"<p>Butonat: 104<br \/>\nJet\u00ebgjat\u00ebsia e tastit: 3 milion her\u00eb<br \/>\nKompatibil me: Windows XP \/ Vista \/ 7\/8\/10 dhe MAC OS<br \/>\nHyrja: 5V \/ 100mA<br \/>\nPlug &amp; Play<br \/>\nNgjyra: Zez\u00eb<br \/>\nInterface: USB 2.0<br \/>\nPesha: 416 g<br \/>\nDimensionet: 445 x 156 x 22 mm<\/p>\n","protected":false},"excerpt":{"rendered":"<p>Tastier\u00eb SBOX K-14, e zez\u00eb<\/p>\n","protected":false},"featured_media":1351,"comment_status":"closed","ping_status":"closed","template":"","meta":[],"product_brand":[],"product_cat":[118,141],"product_tag":[],"class_list":{"0":"post-1127","1":"product","2":"type-product","3":"status-publish","4":"has-post-thumbnail","6":"product_cat-aksesore","7":"product_cat-pclaptop","9":"first","10":"instock","11":"shipping-taxable","12":"purchasable","13":"product-type-simple"},"_links":{"self":[{"href":"https:\/\/www.metron-ks.com\/index.php?rest_route=\/wp\/v2\/product\/1127","targetHints":{"allow":["GET"]}}],"collection":[{"href":"https:\/\/www.metron-ks.com\/index.php?rest_route=\/wp\/v2\/product"}],"about":[{"href":"https:\/\/www.metron-ks.com\/index.php?rest_route=\/wp\/v2\/types\/product"}],"replies":[{"embeddable":true,"href":"https:\/\/www.metron-ks.com\/index.php?rest_route=%2Fwp%2Fv2%2Fcomments&post=1127"}],"wp:featuredmedia":[{"embeddable":true,"href":"https:\/\/www.metron-ks.com\/index.php?rest_route=\/wp\/v2\/media\/1351"}],"wp:attachment":[{"href":"https:\/\/www.metron-ks.com\/index.php?rest_route=%2Fwp%2Fv2%2Fmedia&parent=1127"}],"wp:term":[{"taxonomy":"product_brand","embeddable":true,"href":"https:\/\/www.metron-ks.com\/index.php?rest_route=%2Fwp%2Fv2%2Fproduct_brand&post=1127"},{"taxonomy":"product_cat","embeddable":true,"href":"https:\/\/www.metron-ks.com\/index.php?rest_route=%2Fwp%2Fv2%2Fproduct_cat&post=1127"},{"taxonomy":"product_tag","embeddable":true,"href":"https:\/\/www.metron-ks.com\/index.php?rest_route=%2Fwp%2Fv2%2Fproduct_tag&post=1127"}],"curies":[{"name":"wp","href":"https:\/\/api.w.org\/{rel}","templated":true}]}}