{"id":1132,"date":"2023-03-06T22:26:25","date_gmt":"2023-03-06T22:26:25","guid":{"rendered":"https:\/\/www.metron-ks.com\/product\/telekomande-hama-universal-8ne1-zeze-12307\/"},"modified":"2024-12-30T11:05:43","modified_gmt":"2024-12-30T11:05:43","slug":"telekomande-hama-universal-8ne1-zeze-12307","status":"publish","type":"product","link":"https:\/\/www.metron-ks.com\/?product=telekomande-hama-universal-8ne1-zeze-12307","title":{"rendered":"Telekomand\u00eb Hama Universal 8n\u00eb1, zez\u00eb 12307"},"content":{"rendered":"<p dir=\"ltr\" data-placeholder=\"Translation\">Z\u00ebvend\u00ebsim ideal p\u00ebr telekomand\u00eb t\u00eb d\u00ebmtuar ose t\u00eb humbur ose p\u00ebr t&#8217;u kujdesur p\u00ebr telekomandat origjinale, 2 butona speciale p\u00ebr kontrollin e nj\u00eb TV t\u00eb men\u00e7ur.<\/p>\n<p dir=\"ltr\" data-placeholder=\"Translation\">Futja manuale e kodit p\u00ebr programim t\u00eb drejtp\u00ebrdrejt\u00eb dhe t\u00eb shpejt\u00eb me an\u00eb t\u00eb list\u00ebs s\u00eb kodeve.<\/p>\n<p dir=\"ltr\" data-placeholder=\"Translation\">K\u00ebrkimi automatik i kodit p\u00ebr programim t\u00eb rehatsh\u00ebm p\u00ebrmes funksionit t\u00eb k\u00ebrkimit.<\/p>\n<p id=\"tw-target-text\" dir=\"ltr\" data-placeholder=\"Translation\">Telekomand\u00eb universale p\u00ebr kontrollim deri n\u00eb 8 pajisje.<\/p>\n<p dir=\"ltr\" data-placeholder=\"Translation\">Programuar paraprakisht p\u00ebr m\u00eb shum\u00eb se 1.000 pajisje (p.sh. p\u00ebr markat e m\u00ebposhtme: LG, Sony, Samsung, Sharp, Panasonic, Philips etj.)<\/p>\n<p dir=\"ltr\" data-placeholder=\"Translation\">P\u00ebr: TV\/DVD\/VCR\/SAT\/AUX\/DVBT\/CBL\/AMP.<\/p>\n<p dir=\"ltr\" data-placeholder=\"Translation\">Ngjyra:Zez\u00eb<\/p>\n<p dir=\"ltr\" data-placeholder=\"Translation\">Sinjali i transmetimit: Infrared<\/p>\n<p dir=\"ltr\" data-placeholder=\"Translation\">Distanca: 10m<\/p>\n<p dir=\"ltr\" data-placeholder=\"Translation\">Materiali:Plastik<\/p>\n","protected":false},"excerpt":{"rendered":"<p>Telekomand\u00eb Hama Universal 8n\u00eb1,zez\u00eb<\/p>\n","protected":false},"featured_media":1328,"comment_status":"closed","ping_status":"closed","template":"","meta":[],"product_brand":[],"product_cat":[138],"product_tag":[],"class_list":{"0":"post-1132","1":"product","2":"type-product","3":"status-publish","4":"has-post-thumbnail","6":"product_cat-tv","8":"first","9":"instock","10":"shipping-taxable","11":"purchasable","12":"product-type-simple"},"_links":{"self":[{"href":"https:\/\/www.metron-ks.com\/index.php?rest_route=\/wp\/v2\/product\/1132","targetHints":{"allow":["GET"]}}],"collection":[{"href":"https:\/\/www.metron-ks.com\/index.php?rest_route=\/wp\/v2\/product"}],"about":[{"href":"https:\/\/www.metron-ks.com\/index.php?rest_route=\/wp\/v2\/types\/product"}],"replies":[{"embeddable":true,"href":"https:\/\/www.metron-ks.com\/index.php?rest_route=%2Fwp%2Fv2%2Fcomments&post=1132"}],"wp:featuredmedia":[{"embeddable":true,"href":"https:\/\/www.metron-ks.com\/index.php?rest_route=\/wp\/v2\/media\/1328"}],"wp:attachment":[{"href":"https:\/\/www.metron-ks.com\/index.php?rest_route=%2Fwp%2Fv2%2Fmedia&parent=1132"}],"wp:term":[{"taxonomy":"product_brand","embeddable":true,"href":"https:\/\/www.metron-ks.com\/index.php?rest_route=%2Fwp%2Fv2%2Fproduct_brand&post=1132"},{"taxonomy":"product_cat","embeddable":true,"href":"https:\/\/www.metron-ks.com\/index.php?rest_route=%2Fwp%2Fv2%2Fproduct_cat&post=1132"},{"taxonomy":"product_tag","embeddable":true,"href":"https:\/\/www.metron-ks.com\/index.php?rest_route=%2Fwp%2Fv2%2Fproduct_tag&post=1132"}],"curies":[{"name":"wp","href":"https:\/\/api.w.org\/{rel}","templated":true}]}}