{"id":1136,"date":"2023-03-06T22:26:26","date_gmt":"2023-03-06T22:26:26","guid":{"rendered":"https:\/\/www.metron-ks.com\/product\/termometer-lcd-hama-75298\/"},"modified":"2026-03-16T13:36:55","modified_gmt":"2026-03-16T13:36:55","slug":"termometer-lcd-hama-75298","status":"publish","type":"product","link":"https:\/\/www.metron-ks.com\/?product=termometer-lcd-hama-75298","title":{"rendered":"Termomet\u00ebr LCD Hama"},"content":{"rendered":"<p>Projektuar p\u00ebr t\u00eb treguar n\u00eb m\u00ebnyr\u00eb dixhitale temperatur\u00ebn, koh\u00ebn, dit\u00ebn e jav\u00ebs dhe dat\u00ebn<br \/>\nTermometri:<br \/>\nMat temperatur\u00ebn n\u00eb t\u00eb dy shkall\u00ebt Celsius ose Fahrenheit<\/p>\n<p>Funksioni i or\u00ebs \/ kalendarit \/ alarmit:<br \/>\n&#8211; Tregon koh\u00ebn n\u00eb or\u00eb dymb\u00ebdhjet\u00eb ose nj\u00ebzet e kat\u00ebr or\u00eb<br \/>\n&#8211; Afishimi i dat\u00ebs dhe dit\u00ebs s\u00eb jav\u00ebs<br \/>\n&#8211; Koh\u00ebmat\u00ebsi me tonin e sinjalit<br \/>\n&#8211; Funksioni i alarmit dhe i shtyrjes<br \/>\n&#8211; Funksioni muzikor: 7 k\u00ebng\u00eb si tingull alarmi<\/p>\n<p>Funksion shtes\u00eb:<br \/>\n&#8211; Funksion i programuesh\u00ebm i dit\u00eblindjes (nj\u00eb dit\u00eblindje n\u00eb dit\u00eb)<\/p>\n<p>P\u00ebrmasat:<\/p>\n<p>Gjer\u00ebsia x\u00a0Thell\u00ebsia\u00a0x Lart\u00ebsia 5.5 x 2.8 x 11.1 cm<\/p>\n<p>&nbsp;<\/p>\n","protected":false},"excerpt":{"rendered":"<p>186357<\/p>\n","protected":false},"featured_media":1323,"comment_status":"closed","ping_status":"closed","template":"","meta":[],"product_brand":[],"product_cat":[118,209,136],"product_tag":[],"class_list":{"0":"post-1136","1":"product","2":"type-product","3":"status-publish","4":"has-post-thumbnail","6":"product_cat-aksesore","7":"product_cat-ore","8":"product_cat-pajisje-shtepiake","10":"first","11":"instock","12":"shipping-taxable","13":"purchasable","14":"product-type-simple"},"_links":{"self":[{"href":"https:\/\/www.metron-ks.com\/index.php?rest_route=\/wp\/v2\/product\/1136","targetHints":{"allow":["GET"]}}],"collection":[{"href":"https:\/\/www.metron-ks.com\/index.php?rest_route=\/wp\/v2\/product"}],"about":[{"href":"https:\/\/www.metron-ks.com\/index.php?rest_route=\/wp\/v2\/types\/product"}],"replies":[{"embeddable":true,"href":"https:\/\/www.metron-ks.com\/index.php?rest_route=%2Fwp%2Fv2%2Fcomments&post=1136"}],"wp:featuredmedia":[{"embeddable":true,"href":"https:\/\/www.metron-ks.com\/index.php?rest_route=\/wp\/v2\/media\/1323"}],"wp:attachment":[{"href":"https:\/\/www.metron-ks.com\/index.php?rest_route=%2Fwp%2Fv2%2Fmedia&parent=1136"}],"wp:term":[{"taxonomy":"product_brand","embeddable":true,"href":"https:\/\/www.metron-ks.com\/index.php?rest_route=%2Fwp%2Fv2%2Fproduct_brand&post=1136"},{"taxonomy":"product_cat","embeddable":true,"href":"https:\/\/www.metron-ks.com\/index.php?rest_route=%2Fwp%2Fv2%2Fproduct_cat&post=1136"},{"taxonomy":"product_tag","embeddable":true,"href":"https:\/\/www.metron-ks.com\/index.php?rest_route=%2Fwp%2Fv2%2Fproduct_tag&post=1136"}],"curies":[{"name":"wp","href":"https:\/\/api.w.org\/{rel}","templated":true}]}}