{"id":1149,"date":"2023-03-06T22:26:31","date_gmt":"2023-03-06T22:26:31","guid":{"rendered":"https:\/\/www.metron-ks.com\/product\/usb-flash-drive-philips-16gb\/"},"modified":"2024-12-30T10:21:40","modified_gmt":"2024-12-30T10:21:40","slug":"usb-flash-drive-philips-16gb","status":"publish","type":"product","link":"https:\/\/www.metron-ks.com\/?product=usb-flash-drive-philips-16gb","title":{"rendered":"USB Flash Drive Philips, 16GB"},"content":{"rendered":"<div>Kompania PHILIPS k\u00ebsaj radhe sjell n\u00eb treg USB Flash 16GB.<\/div>\n<div><\/div>\n<div>\u200bMedia kompakte e ruajtshme e depozituar me teknologjin\u00eb USB 3.0<\/div>\n<div><\/div>\n<div>lejon q\u00eb t\u00eb dh\u00ebnat t\u00eb shkruhen dhe fshihen aq shpesh sa \u00ebsht\u00eb e nevojshme.<\/div>\n<div><\/div>\n<div>Mbules\u00eb alumini me ngjyr\u00eb t\u00eb mir\u00eb argjendi.<\/div>\n<div><\/div>\n<div>Super Speed USB 3.0 p\u00ebr shkrim dhe lexim edhe m\u00eb t\u00eb shpejt\u00eb.<\/div>\n<div><\/div>\n<div>I p\u00ebrshtatsh\u00ebm p\u00ebr pajisjet terminale me nd\u00ebrfaqe USB 2.0<\/div>\n<div><\/div>\n<div><\/div>\n<p>&nbsp;<\/p>\n","protected":false},"excerpt":{"rendered":"<p>USB 3.0 16 GB USB FLASH PHILIPS 3.0<\/p>\n","protected":false},"featured_media":6742,"comment_status":"closed","ping_status":"closed","template":"","meta":[],"product_brand":[],"product_cat":[118,34],"product_tag":[],"class_list":{"0":"post-1149","1":"product","2":"type-product","3":"status-publish","4":"has-post-thumbnail","6":"product_cat-aksesore","7":"product_cat-usb","9":"first","10":"instock","11":"shipping-taxable","12":"purchasable","13":"product-type-simple"},"_links":{"self":[{"href":"https:\/\/www.metron-ks.com\/index.php?rest_route=\/wp\/v2\/product\/1149","targetHints":{"allow":["GET"]}}],"collection":[{"href":"https:\/\/www.metron-ks.com\/index.php?rest_route=\/wp\/v2\/product"}],"about":[{"href":"https:\/\/www.metron-ks.com\/index.php?rest_route=\/wp\/v2\/types\/product"}],"replies":[{"embeddable":true,"href":"https:\/\/www.metron-ks.com\/index.php?rest_route=%2Fwp%2Fv2%2Fcomments&post=1149"}],"wp:featuredmedia":[{"embeddable":true,"href":"https:\/\/www.metron-ks.com\/index.php?rest_route=\/wp\/v2\/media\/6742"}],"wp:attachment":[{"href":"https:\/\/www.metron-ks.com\/index.php?rest_route=%2Fwp%2Fv2%2Fmedia&parent=1149"}],"wp:term":[{"taxonomy":"product_brand","embeddable":true,"href":"https:\/\/www.metron-ks.com\/index.php?rest_route=%2Fwp%2Fv2%2Fproduct_brand&post=1149"},{"taxonomy":"product_cat","embeddable":true,"href":"https:\/\/www.metron-ks.com\/index.php?rest_route=%2Fwp%2Fv2%2Fproduct_cat&post=1149"},{"taxonomy":"product_tag","embeddable":true,"href":"https:\/\/www.metron-ks.com\/index.php?rest_route=%2Fwp%2Fv2%2Fproduct_tag&post=1149"}],"curies":[{"name":"wp","href":"https:\/\/api.w.org\/{rel}","templated":true}]}}