{"id":1152,"date":"2023-03-06T22:26:32","date_gmt":"2023-03-06T22:26:32","guid":{"rendered":"https:\/\/www.metron-ks.com\/product\/usb-flash-drive-sandisk-ultra-fit-32gb\/"},"modified":"2024-12-30T10:09:43","modified_gmt":"2024-12-30T10:09:43","slug":"usb-flash-drive-sandisk-ultra-fit-32gb","status":"publish","type":"product","link":"https:\/\/www.metron-ks.com\/?product=usb-flash-drive-sandisk-ultra-fit-32gb","title":{"rendered":"USB Flash Drive SanDisk Ultra Fit, 32GB"},"content":{"rendered":"<p>Transportoni skedar\u00eb midis kompjuter\u00ebve me k\u00ebt\u00eb flash drive 32 GB SanDisk Ultra Fit. Lidhja USB 3.1 siguron transferim t\u00eb shpejt\u00eb.Kjo flash drive SanDisk Ultra Fit ka nj\u00eb dizajn kompakt p\u00ebr transportueshm\u00ebri t\u00eb p\u00ebrshtatshme dhe nj\u00eb profil modest gjat\u00eb p\u00ebrdorimit.<\/p>\n<p>Kapaciteti i ruajtjes 32 GB<br \/>\nOfron hap\u00ebsir\u00eb t\u00eb bollshme p\u00ebr foto, video dhe m\u00eb shum\u00eb.<\/p>\n<p>Interface USB 3.1<br \/>\nP\u00ebr nj\u00eb lidhje t\u00eb shpejt\u00eb. N\u00eb p\u00ebrputhje me USB 2.0.<\/p>\n<p>Performanc\u00eb e lart\u00eb dhe shpejt\u00ebsi e q\u00ebndrueshme e transferimit t\u00eb t\u00eb dh\u00ebnave<br \/>\nDeri n\u00eb 10 Gbps (duke p\u00ebrdorur USB 3.1)<\/p>\n<p>Softueri SanDisk SecureAccess<br \/>\nNdihmon n\u00eb mbajtjen e skedar\u00ebve tuaj t\u00eb mbrojtur.<\/p>\n<p>Kapaciteti\u00a032GB<br \/>\nUSB Tipi A<br \/>\nUSB 3.1<\/p>\n","protected":false},"excerpt":{"rendered":"<p>USB Flash Drive SanDisk Ultra Fit, 32GB<\/p>\n","protected":false},"featured_media":1271,"comment_status":"closed","ping_status":"closed","template":"","meta":[],"product_brand":[],"product_cat":[118,34],"product_tag":[],"class_list":{"0":"post-1152","1":"product","2":"type-product","3":"status-publish","4":"has-post-thumbnail","6":"product_cat-aksesore","7":"product_cat-usb","9":"first","10":"instock","11":"shipping-taxable","12":"purchasable","13":"product-type-simple"},"_links":{"self":[{"href":"https:\/\/www.metron-ks.com\/index.php?rest_route=\/wp\/v2\/product\/1152","targetHints":{"allow":["GET"]}}],"collection":[{"href":"https:\/\/www.metron-ks.com\/index.php?rest_route=\/wp\/v2\/product"}],"about":[{"href":"https:\/\/www.metron-ks.com\/index.php?rest_route=\/wp\/v2\/types\/product"}],"replies":[{"embeddable":true,"href":"https:\/\/www.metron-ks.com\/index.php?rest_route=%2Fwp%2Fv2%2Fcomments&post=1152"}],"wp:featuredmedia":[{"embeddable":true,"href":"https:\/\/www.metron-ks.com\/index.php?rest_route=\/wp\/v2\/media\/1271"}],"wp:attachment":[{"href":"https:\/\/www.metron-ks.com\/index.php?rest_route=%2Fwp%2Fv2%2Fmedia&parent=1152"}],"wp:term":[{"taxonomy":"product_brand","embeddable":true,"href":"https:\/\/www.metron-ks.com\/index.php?rest_route=%2Fwp%2Fv2%2Fproduct_brand&post=1152"},{"taxonomy":"product_cat","embeddable":true,"href":"https:\/\/www.metron-ks.com\/index.php?rest_route=%2Fwp%2Fv2%2Fproduct_cat&post=1152"},{"taxonomy":"product_tag","embeddable":true,"href":"https:\/\/www.metron-ks.com\/index.php?rest_route=%2Fwp%2Fv2%2Fproduct_tag&post=1152"}],"curies":[{"name":"wp","href":"https:\/\/api.w.org\/{rel}","templated":true}]}}