{"id":1154,"date":"2023-03-06T22:26:33","date_gmt":"2023-03-06T22:26:33","guid":{"rendered":"https:\/\/www.metron-ks.com\/product\/usb-flash-drive-sandisk-ultra-32gb\/"},"modified":"2024-12-30T10:08:52","modified_gmt":"2024-12-30T10:08:52","slug":"usb-flash-drive-sandisk-ultra-32gb","status":"publish","type":"product","link":"https:\/\/www.metron-ks.com\/?product=usb-flash-drive-sandisk-ultra-32gb","title":{"rendered":"USB Flash Drive SanDisk Ultra, 32GB"},"content":{"rendered":"<p>USB 3.0 me shpejt\u00ebsi t\u00eb lart\u00eb shkrimi deri ne 130 mb\/s ju mund te transferoni videot, fotot dhe skedar\u00ebt tuaj deri n\u00eb dhjet\u00eb her\u00eb m\u00eb shpejt se disqet standarde USB 2.0.Tani mund t\u00eb transferoni nj\u00eb film me gjat\u00ebsi t\u00eb plot\u00eb nga laptopi n\u00eb flash drive tuaj n\u00eb m\u00eb pak se nj\u00eb minut\u00eb. P\u00ebr m\u00eb shum\u00eb se 25 vjet, SanDisk \u00ebsht\u00eb i njohur p\u00ebr cil\u00ebsin\u00eb dhe besueshm\u00ebrin\u00eb n\u00eb t\u00eb gjith\u00eb bot\u00ebn.<\/p>\n<p>SanDisk k\u00ebsaj radhe sjell n\u00eb treg USB Flash 32GB.<br \/>\n\u200bMedia kompakte e ruajtshme e depozituar me teknologjin\u00eb USB 3.0.<br \/>\nLejon q\u00eb t\u00eb dh\u00ebnat t\u00eb shkruhen dhe fshihen aq shpesh sa \u00ebsht\u00eb e nevojshme.<br \/>\nMbules\u00eb alumini me ngjyr\u00eb t\u00eb mir\u00eb zez\u00eb.<br \/>\nSuper Speed USB 3.0 p\u00ebr shkrim dhe lexim edhe m\u00eb t\u00eb shpejt\u00eb.<br \/>\nI p\u00ebrshtatsh\u00ebm p\u00ebr pajisjet terminale me interface USB.<br \/>\n.<\/p>\n","protected":false},"excerpt":{"rendered":"<p>USB Flash Drive SanDisk Ultra, 32GB<\/p>\n","protected":false},"featured_media":1268,"comment_status":"closed","ping_status":"closed","template":"","meta":[],"product_brand":[],"product_cat":[118,34],"product_tag":[],"class_list":{"0":"post-1154","1":"product","2":"type-product","3":"status-publish","4":"has-post-thumbnail","6":"product_cat-aksesore","7":"product_cat-usb","9":"first","10":"instock","11":"shipping-taxable","12":"purchasable","13":"product-type-simple"},"_links":{"self":[{"href":"https:\/\/www.metron-ks.com\/index.php?rest_route=\/wp\/v2\/product\/1154","targetHints":{"allow":["GET"]}}],"collection":[{"href":"https:\/\/www.metron-ks.com\/index.php?rest_route=\/wp\/v2\/product"}],"about":[{"href":"https:\/\/www.metron-ks.com\/index.php?rest_route=\/wp\/v2\/types\/product"}],"replies":[{"embeddable":true,"href":"https:\/\/www.metron-ks.com\/index.php?rest_route=%2Fwp%2Fv2%2Fcomments&post=1154"}],"wp:featuredmedia":[{"embeddable":true,"href":"https:\/\/www.metron-ks.com\/index.php?rest_route=\/wp\/v2\/media\/1268"}],"wp:attachment":[{"href":"https:\/\/www.metron-ks.com\/index.php?rest_route=%2Fwp%2Fv2%2Fmedia&parent=1154"}],"wp:term":[{"taxonomy":"product_brand","embeddable":true,"href":"https:\/\/www.metron-ks.com\/index.php?rest_route=%2Fwp%2Fv2%2Fproduct_brand&post=1154"},{"taxonomy":"product_cat","embeddable":true,"href":"https:\/\/www.metron-ks.com\/index.php?rest_route=%2Fwp%2Fv2%2Fproduct_cat&post=1154"},{"taxonomy":"product_tag","embeddable":true,"href":"https:\/\/www.metron-ks.com\/index.php?rest_route=%2Fwp%2Fv2%2Fproduct_tag&post=1154"}],"curies":[{"name":"wp","href":"https:\/\/api.w.org\/{rel}","templated":true}]}}