{"id":1180,"date":"2023-03-06T22:26:45","date_gmt":"2023-03-06T22:26:45","guid":{"rendered":"https:\/\/www.metron-ks.com\/product\/xham-mbrotjes-per-samsung-galaxy-s23-transparent-2\/"},"modified":"2024-12-30T08:43:31","modified_gmt":"2024-12-30T08:43:31","slug":"xham-mbrotjes-per-samsung-galaxy-s23-transparent-2","status":"publish","type":"product","link":"https:\/\/www.metron-ks.com\/?product=xham-mbrotjes-per-samsung-galaxy-s23-transparent-2","title":{"rendered":"Xham mbrotj\u00ebs p\u00ebr Samsung Galaxy S23+, transparent"},"content":{"rendered":"<p>Mbajeni ekranin tuaj t\u00eb mbrojtur nd\u00ebrkoh\u00eb q\u00eb shijoni t\u00eb nj\u00ebjtin prekje origjinale t\u00eb qet\u00eb dhe reaguese. Ndjenja dhe pamja e mbrojt\u00ebsit t\u00eb ekranit \u00ebsht\u00eb aq e past\u00ebr sa \u00ebsht\u00eb e v\u00ebshtir\u00eb t\u00eb dallosh ndryshimin me ose pa t\u00eb.<\/p>\n","protected":false},"excerpt":{"rendered":"<p>Xham mbrotjes p\u00ebr Samsung Galaxy S23+<\/p>\n","protected":false},"featured_media":1224,"comment_status":"closed","ping_status":"closed","template":"","meta":[],"product_brand":[],"product_cat":[113,102],"product_tag":[],"class_list":{"0":"post-1180","1":"product","2":"type-product","3":"status-publish","4":"has-post-thumbnail","6":"product_cat-celulartabletnavigim","7":"product_cat-xhammbrojtes","9":"first","10":"instock","11":"shipping-taxable","12":"purchasable","13":"product-type-simple"},"_links":{"self":[{"href":"https:\/\/www.metron-ks.com\/index.php?rest_route=\/wp\/v2\/product\/1180","targetHints":{"allow":["GET"]}}],"collection":[{"href":"https:\/\/www.metron-ks.com\/index.php?rest_route=\/wp\/v2\/product"}],"about":[{"href":"https:\/\/www.metron-ks.com\/index.php?rest_route=\/wp\/v2\/types\/product"}],"replies":[{"embeddable":true,"href":"https:\/\/www.metron-ks.com\/index.php?rest_route=%2Fwp%2Fv2%2Fcomments&post=1180"}],"wp:featuredmedia":[{"embeddable":true,"href":"https:\/\/www.metron-ks.com\/index.php?rest_route=\/wp\/v2\/media\/1224"}],"wp:attachment":[{"href":"https:\/\/www.metron-ks.com\/index.php?rest_route=%2Fwp%2Fv2%2Fmedia&parent=1180"}],"wp:term":[{"taxonomy":"product_brand","embeddable":true,"href":"https:\/\/www.metron-ks.com\/index.php?rest_route=%2Fwp%2Fv2%2Fproduct_brand&post=1180"},{"taxonomy":"product_cat","embeddable":true,"href":"https:\/\/www.metron-ks.com\/index.php?rest_route=%2Fwp%2Fv2%2Fproduct_cat&post=1180"},{"taxonomy":"product_tag","embeddable":true,"href":"https:\/\/www.metron-ks.com\/index.php?rest_route=%2Fwp%2Fv2%2Fproduct_tag&post=1180"}],"curies":[{"name":"wp","href":"https:\/\/api.w.org\/{rel}","templated":true}]}}