{"id":1181,"date":"2023-03-06T22:26:46","date_gmt":"2023-03-06T22:26:46","guid":{"rendered":"https:\/\/www.metron-ks.com\/product\/zgjerues-extender-rrjeti-d-link-dap-1360\/"},"modified":"2024-12-30T08:40:45","modified_gmt":"2024-12-30T08:40:45","slug":"zgjerues-extender-rrjeti-d-link-dap-1360","status":"publish","type":"product","link":"https:\/\/www.metron-ks.com\/?product=zgjerues-extender-rrjeti-d-link-dap-1360","title":{"rendered":"Zgjerues (Extender) rrjeti D-Link DAP-1360"},"content":{"rendered":"<p>D-Link DAP-1360 Wireless N Range Extender mund t\u00eb siguroj\u00eb rrjetin tuaj me kab\u00ebll me lidhje Wifi, ose mund ta upgrade rrjetin tuaj ekzistues Wifi dhe zgjeroni mbulimin e tij.<\/p>\n<p><strong>Siguroni rrjetin tuaj Wireless<\/strong><\/p>\n<p>DAP-1360 siguron kriptimin WEP 64\/128-bit dhe sigurin\u00eb WPA \/ WPA2 p\u00ebr t\u00eb mbrojtur te dhenat\u00a0tuaja te rrjetit Wifi<br \/>\n.Kjo pajisje gjithashtu mb\u00ebshtet Wi-Fi Protected Setup (WPS) dhe mund te konfiguroni\u00a0n\u00eb m\u00ebnyr\u00eb t\u00eb sigurt nj\u00eb rrjet WIFI. P\u00ebrve\u00e7 k\u00ebsaj, pajisja p\u00ebrmban filtrimin e\u00a0MAC\u00a0adres\u00ebs<br \/>\ndhe deaktivizon funksionin e transmetimit te SSID p\u00ebr t\u00eb kufizuar hyrjen e t\u00eb huajve n\u00eb rrjetin tuaj t\u00eb sht\u00ebpis\u00eb ose zyr\u00ebs.<\/p>\n<p><strong>Modalitete te shumefishta te operimit<\/strong><\/p>\n<p>DAP-1360 ofron shtat\u00eb m\u00ebnyra t\u00eb funksionimit, p\u00ebrkat\u00ebsisht Access Point, Wireless Client, Bridge, Bridge with AP, Repeater, WISP Client Router, and WISP Repeater (Range Extender) Mode.<\/p>\n<p>K\u00ebto modalitete\u00a0ju lejojn\u00eb t\u00eb konfiguroni pajisjen me fleksibilitet p\u00ebr p\u00ebrdorim me aplikacione t\u00eb ndryshme wireless<\/p>\n<p>Modaliteti\u00a0Access Point lejon q\u00eb pajisja t\u00eb veproj\u00eb si nj\u00eb HUB qendror\u00a0p\u00ebr p\u00ebrdoruesit e Wifi.<\/p>\n<p>Wireless Client Mode\u00a0mund\u00ebson q\u00eb DAP-1360 t\u00eb lidhet me nj\u00eb pik\u00eb tjet\u00ebr (Acces Point)<\/p>\n<p>Bridge Mode\u00a0mund t\u00eb bashkoj\u00eb dy rrjete me tela s\u00eb bashku, nd\u00ebrsa Bridge me AP Mode lejon q\u00eb pajisja t\u00eb veproj\u00eb si nj\u00eb hub wireless dhe nj\u00eb Bridge n\u00eb t\u00eb nj\u00ebjt\u00ebn koh\u00eb<\/p>\n<p>Repeater Mode zgjeron\u00a0Wifi p\u00ebr t\u00eb mbuluar t\u00eb gjitha pikat<\/p>\n<p>WISP Client Router Mode\u00a0lejon q\u00eb wireless Internet service subscribers t\u00eb ndajn\u00eb lidhjen e Internetit me kompjuter\u00eb t\u00eb mund\u00ebsuar nga sht\u00ebpia \/ zyra me Ethernet pa pasur nevoj\u00eb p\u00ebr nj\u00eb router shtes\u00eb<\/p>\n<p>M\u00eb n\u00eb fund, pajisja mund t\u00eb veproj\u00eb si nj\u00eb\u00a0WISP Repeater (Range Extender)\u00a0p\u00ebr t\u00eb lejuar subscribers e WISP ndajn\u00eb lidhjen e tyre t\u00eb Internetit me kompjuter\u00eb me tela dhe Wifi pa ndonj\u00eb router shtes\u00eb.<\/p>\n<p>Network Standards<br \/>\n\u2022 802.11n wireless LAN<br \/>\n\u2022 802.11g wireless LAN<br \/>\n\u2022 802.11b wireless LAN<br \/>\n\u2022 802.3\/802.3u 10BASE-T\/100BASE-TX Ethernet<br \/>\n\u2022 ANSI\/IEEE 802.3 NWay auto-negotiation<\/p>\n<p>Device Interfaces<br \/>\n\u2022 802.11n\/g\/b wireless LAN<br \/>\n\u2022 One 10\/100BASE-TX Ethernet LAN port<\/p>\n<p>Operating Frequency<br \/>\n\u2022 2.4 to 2.4835 GHz<\/p>\n<p>Operating Channels<br \/>\n\u2022 FCC: 11 \u2022 ETSI: 13<\/p>\n<p>Radio &amp; Modulation Schemes<br \/>\n\u2022 DQPSK, DBPSK, CCK, OFDM<\/p>\n<p>Operating Modes<br \/>\n\u2022 Access Point<br \/>\n\u2022 Wireless Client<br \/>\n\u2022 Bridge<br \/>\n\u2022 Bridge with AP<br \/>\n\u2022 Repeater (Range Extender)<br \/>\n\u2022 WISP Client Router<br \/>\n\u2022 WISP Repeater<\/p>\n<p>Antennas<br \/>\n\u2022 Two 2 dBi Gain detachable omni-directional antennas with RP-SMA connector<\/p>\n<p>Security<br \/>\n\u2022 64\/128-bit WEP data encryption<br \/>\n\u2022 WPA-PSK, WPA2-PSK<br \/>\n\u2022 WPA-EAP, WPA2-EAP<br \/>\n\u2022 TKIP, AES<br \/>\n\u2022 MAC address filtering<br \/>\n\u2022 SSID broadcast disable function<br \/>\n\u2022 WPS (Wi-Fi Protected Setup)<\/p>\n<p>Advanced Features<br \/>\n\u2022 Quality of Service (QoS): Wi-Fi Multimedia (WMM)<\/p>\n<p>Device Management<br \/>\n\u2022 Web-based management through Microsoft Internet<br \/>\nExplorer 6 or higher, Firefox 3.0 or higher, or other<br \/>\nJava-enabled browser<\/p>\n<p>Status LEDs<br \/>\n\u2022 Power<br \/>\n\u2022 Wireless<br \/>\n\u2022 Security<br \/>\n\u2022 LAN<\/p>\n<div>Wireless standard<span style=\"white-space: pre;\"> :<\/span>Wireless N<\/div>\n<div>Wireless speed<span style=\"white-space: pre;\"> :<\/span>300 Mbps 2.4 GHz<\/div>\n<div>Antenna type<span style=\"white-space: pre;\"> :<\/span>2 fixed omni-directional antennas<\/div>\n<div>Wired interface<span style=\"white-space: pre;\"> :<\/span>1 x Fast Ethernet LAN<\/div>\n<div>Wireless modes:\u00a0 \u00a0Access Point (AP)<\/div>\n<div>\u00a0 \u00a0 \u00a0 \u00a0 \u00a0 \u00a0 \u00a0 \u00a0 \u00a0 \u00a0 \u00a0 \u00a0 \u00a0 \u00a0 \u00a0 Wireless client<\/div>\n<div>\u00a0 \u00a0 \u00a0 \u00a0 \u00a0 \u00a0 \u00a0 \u00a0 \u00a0 \u00a0 \u00a0 \u00a0 \u00a0 \u00a0 \u00a0 Wireless extender<\/div>\n","protected":false},"excerpt":{"rendered":"<p>Zgjerues (Extender) rrjeti D-Link DAP-1360<\/p>\n","protected":false},"featured_media":1208,"comment_status":"closed","ping_status":"closed","template":"","meta":[],"product_brand":[],"product_cat":[118,120,121],"product_tag":[],"class_list":{"0":"post-1181","1":"product","2":"type-product","3":"status-publish","4":"has-post-thumbnail","6":"product_cat-aksesore","7":"product_cat-pajisje-rrjeti","8":"product_cat-zgjerues-rrjeti","10":"first","11":"instock","12":"shipping-taxable","13":"purchasable","14":"product-type-simple"},"_links":{"self":[{"href":"https:\/\/www.metron-ks.com\/index.php?rest_route=\/wp\/v2\/product\/1181","targetHints":{"allow":["GET"]}}],"collection":[{"href":"https:\/\/www.metron-ks.com\/index.php?rest_route=\/wp\/v2\/product"}],"about":[{"href":"https:\/\/www.metron-ks.com\/index.php?rest_route=\/wp\/v2\/types\/product"}],"replies":[{"embeddable":true,"href":"https:\/\/www.metron-ks.com\/index.php?rest_route=%2Fwp%2Fv2%2Fcomments&post=1181"}],"wp:featuredmedia":[{"embeddable":true,"href":"https:\/\/www.metron-ks.com\/index.php?rest_route=\/wp\/v2\/media\/1208"}],"wp:attachment":[{"href":"https:\/\/www.metron-ks.com\/index.php?rest_route=%2Fwp%2Fv2%2Fmedia&parent=1181"}],"wp:term":[{"taxonomy":"product_brand","embeddable":true,"href":"https:\/\/www.metron-ks.com\/index.php?rest_route=%2Fwp%2Fv2%2Fproduct_brand&post=1181"},{"taxonomy":"product_cat","embeddable":true,"href":"https:\/\/www.metron-ks.com\/index.php?rest_route=%2Fwp%2Fv2%2Fproduct_cat&post=1181"},{"taxonomy":"product_tag","embeddable":true,"href":"https:\/\/www.metron-ks.com\/index.php?rest_route=%2Fwp%2Fv2%2Fproduct_tag&post=1181"}],"curies":[{"name":"wp","href":"https:\/\/api.w.org\/{rel}","templated":true}]}}