{"id":206,"date":"2023-03-06T22:18:25","date_gmt":"2023-03-06T22:18:25","guid":{"rendered":"https:\/\/www.metron-ks.com\/product\/adapter-d-link-usb-wireless-n150-pico-dwa-121\/"},"modified":"2025-03-03T12:30:02","modified_gmt":"2025-03-03T12:30:02","slug":"adapter-d-link-usb-wireless-n150-pico-dwa-121","status":"publish","type":"product","link":"https:\/\/www.metron-ks.com\/?product=adapter-d-link-usb-wireless-n150-pico-dwa-121","title":{"rendered":"Adapter D-Link, USB Wireless N150 Pico, DWA-121"},"content":{"rendered":"<p>Lidhni Laptopin ose kompjuterin tuaj desktop n\u00eb nj\u00eb rrjet Wi-Fi me shpejt\u00ebsi t\u00eb lart\u00eb duke p\u00ebrdorur adapterin USB D-Link Wireless N 150 Pico (DWA-121). Adapteri Wireless N 150 Pico USB ju lejon t\u00eb lidheni me \u00e7do rrjet pa tel N150, k\u00ebshtu q\u00eb \u00ebsht\u00eb nj\u00eb zgjidhje e shk\u00eblqyeshme p\u00ebr aktivitetet e p\u00ebrditshme, si\u00e7 jan\u00eb transferimi i skedar\u00ebve ose shfletimi i Internetit.<\/p>\n<p>Drivera p\u00ebr Windows n\u00eb t\u00eb dy versionet 32- dhe 64-bit.<\/p>\n<p>E pajtueshme me standardin: IEEE 802.11b\/802.11g\/802.11n 2.4 GHz.<br \/>\nPerformanc\u00eb e\u00a0lart\u00eb dhe\u00a0dizajn me profil ultra t\u00eb holl\u00eb.<br \/>\nAutosenses &amp; Adjusts Speed:Rregullon shpejtesin\u00a0sipas kushteve p\u00ebr performanc\u00eb maksimale.<br \/>\nIEEE 802.1x dhe WPA2, WPA &amp; Legacy WEP.<br \/>\nAnten\u00eb e integruar.<br \/>\nDriver p\u00ebr XP 32\/64bit, Vista 32\/64bit Windows 7 32\/64\/bit &amp; Linux.<\/p>\n","protected":false},"excerpt":{"rendered":"<p>Adapter D-Link, USB Wireless N150 Pico, DWA-121<\/p>\n","protected":false},"featured_media":4159,"comment_status":"closed","ping_status":"closed","template":"","meta":[],"product_brand":[],"product_cat":[120,121],"product_tag":[],"class_list":{"0":"post-206","1":"product","2":"type-product","3":"status-publish","4":"has-post-thumbnail","6":"product_cat-pajisje-rrjeti","7":"product_cat-zgjerues-rrjeti","9":"first","10":"instock","11":"shipping-taxable","12":"purchasable","13":"product-type-simple"},"_links":{"self":[{"href":"https:\/\/www.metron-ks.com\/index.php?rest_route=\/wp\/v2\/product\/206","targetHints":{"allow":["GET"]}}],"collection":[{"href":"https:\/\/www.metron-ks.com\/index.php?rest_route=\/wp\/v2\/product"}],"about":[{"href":"https:\/\/www.metron-ks.com\/index.php?rest_route=\/wp\/v2\/types\/product"}],"replies":[{"embeddable":true,"href":"https:\/\/www.metron-ks.com\/index.php?rest_route=%2Fwp%2Fv2%2Fcomments&post=206"}],"wp:featuredmedia":[{"embeddable":true,"href":"https:\/\/www.metron-ks.com\/index.php?rest_route=\/wp\/v2\/media\/4159"}],"wp:attachment":[{"href":"https:\/\/www.metron-ks.com\/index.php?rest_route=%2Fwp%2Fv2%2Fmedia&parent=206"}],"wp:term":[{"taxonomy":"product_brand","embeddable":true,"href":"https:\/\/www.metron-ks.com\/index.php?rest_route=%2Fwp%2Fv2%2Fproduct_brand&post=206"},{"taxonomy":"product_cat","embeddable":true,"href":"https:\/\/www.metron-ks.com\/index.php?rest_route=%2Fwp%2Fv2%2Fproduct_cat&post=206"},{"taxonomy":"product_tag","embeddable":true,"href":"https:\/\/www.metron-ks.com\/index.php?rest_route=%2Fwp%2Fv2%2Fproduct_tag&post=206"}],"curies":[{"name":"wp","href":"https:\/\/api.w.org\/{rel}","templated":true}]}}