{"id":213,"date":"2023-03-06T22:18:29","date_gmt":"2023-03-06T22:18:29","guid":{"rendered":"https:\/\/www.metron-ks.com\/product\/adapter-hdmi-m-f-90-sbox\/"},"modified":"2025-03-03T13:08:07","modified_gmt":"2025-03-03T13:08:07","slug":"adapter-hdmi-m-f-90-sbox","status":"publish","type":"product","link":"https:\/\/www.metron-ks.com\/?product=adapter-hdmi-m-f-90-sbox","title":{"rendered":"Adapter HDMI M\/F 90\u00b0 SBOX"},"content":{"rendered":"<p>Adapter Hdmi\u00a0M\/F 90\u00b0 sh\u00ebrben p\u00ebr konvertimin e\u00a0kabllos Hdmi\u00a0n\u00eb\u00a090\u00b0. Konektor\u00ebt e saj jane t\u00eb ngjyrosur me ari q\u00eb mund\u00ebsojn\u00eb transmetim t\u00eb besuesh\u00ebm.<\/p>\n","protected":false},"excerpt":{"rendered":"<p>Adapter HDMI M\/F 90\u00b0 SBOX<\/p>\n","protected":false},"featured_media":4177,"comment_status":"closed","ping_status":"closed","template":"","meta":[],"product_brand":[],"product_cat":[172,138],"product_tag":[],"class_list":{"0":"post-213","1":"product","2":"type-product","3":"status-publish","4":"has-post-thumbnail","6":"product_cat-konvertuespershtates-tv","7":"product_cat-tv","9":"first","10":"instock","11":"shipping-taxable","12":"purchasable","13":"product-type-simple"},"_links":{"self":[{"href":"https:\/\/www.metron-ks.com\/index.php?rest_route=\/wp\/v2\/product\/213","targetHints":{"allow":["GET"]}}],"collection":[{"href":"https:\/\/www.metron-ks.com\/index.php?rest_route=\/wp\/v2\/product"}],"about":[{"href":"https:\/\/www.metron-ks.com\/index.php?rest_route=\/wp\/v2\/types\/product"}],"replies":[{"embeddable":true,"href":"https:\/\/www.metron-ks.com\/index.php?rest_route=%2Fwp%2Fv2%2Fcomments&post=213"}],"wp:featuredmedia":[{"embeddable":true,"href":"https:\/\/www.metron-ks.com\/index.php?rest_route=\/wp\/v2\/media\/4177"}],"wp:attachment":[{"href":"https:\/\/www.metron-ks.com\/index.php?rest_route=%2Fwp%2Fv2%2Fmedia&parent=213"}],"wp:term":[{"taxonomy":"product_brand","embeddable":true,"href":"https:\/\/www.metron-ks.com\/index.php?rest_route=%2Fwp%2Fv2%2Fproduct_brand&post=213"},{"taxonomy":"product_cat","embeddable":true,"href":"https:\/\/www.metron-ks.com\/index.php?rest_route=%2Fwp%2Fv2%2Fproduct_cat&post=213"},{"taxonomy":"product_tag","embeddable":true,"href":"https:\/\/www.metron-ks.com\/index.php?rest_route=%2Fwp%2Fv2%2Fproduct_tag&post=213"}],"curies":[{"name":"wp","href":"https:\/\/api.w.org\/{rel}","templated":true}]}}