{"id":216,"date":"2023-03-06T22:18:31","date_gmt":"2023-03-06T22:18:31","guid":{"rendered":"https:\/\/www.metron-ks.com\/product\/adapter-sbox-2x-35-mm-f-35-mm-m-02m\/"},"modified":"2025-03-03T14:17:21","modified_gmt":"2025-03-03T14:17:21","slug":"adapter-sbox-2x-35-mm-f-35-mm-m-02m","status":"publish","type":"product","link":"https:\/\/www.metron-ks.com\/?product=adapter-sbox-2x-35-mm-f-35-mm-m-02m","title":{"rendered":"Adapter SBOX 2X 3,5 mm F. &#8211; 3,5 mm M. 0,2M"},"content":{"rendered":"<p>Ky adapter sh\u00ebrben p\u00ebr lidhjen\u00a0e kufjeve tuaja n\u00eb nj\u00eb jack 3.5mm,me k\u00ebt\u00eb adapter ju mund t\u00eb lidhni kufjet me nj\u00eb kontroller lojrash,apo edhe paisje tjera q\u00eb kan vetem nj\u00eb port audio 3,5mnm<\/p>\n<p>P\u00ebrshtat\u00ebs 3,5 mm x2 F. 3Pin -&gt; 3,5 mm M. 4Pin<br \/>\nBashkangjit kufjen tuaj me<br \/>\n2x 3.5 mm konektor \/ 3pin n\u00eb fletoren tuaj<br \/>\nLidh\u00ebsa: t\u00eb praruar prej ari<br \/>\nLidh\u00ebs 1: 3,5 mm mashkull me 4 pole<br \/>\nKonektori 2: 3,5 mm femra (mikrofon dhe kufje)<br \/>\nGjat\u00ebsia 20 cm<br \/>\nNgjyra kabllo: E zez\u00eb<\/p>\n","protected":false},"excerpt":{"rendered":"<p>ADAPTER SBOX 2X 3,5MM F. &#8211; 3,5MM M. 0,2M<\/p>\n","protected":false},"featured_media":4186,"comment_status":"closed","ping_status":"closed","template":"","meta":[],"product_brand":[],"product_cat":[118,158,170],"product_tag":[],"class_list":{"0":"post-216","1":"product","2":"type-product","3":"status-publish","4":"has-post-thumbnail","6":"product_cat-aksesore","7":"product_cat-pajisje-zerimi","8":"product_cat-pershtateskonvertues","10":"first","11":"instock","12":"shipping-taxable","13":"purchasable","14":"product-type-simple"},"_links":{"self":[{"href":"https:\/\/www.metron-ks.com\/index.php?rest_route=\/wp\/v2\/product\/216","targetHints":{"allow":["GET"]}}],"collection":[{"href":"https:\/\/www.metron-ks.com\/index.php?rest_route=\/wp\/v2\/product"}],"about":[{"href":"https:\/\/www.metron-ks.com\/index.php?rest_route=\/wp\/v2\/types\/product"}],"replies":[{"embeddable":true,"href":"https:\/\/www.metron-ks.com\/index.php?rest_route=%2Fwp%2Fv2%2Fcomments&post=216"}],"wp:featuredmedia":[{"embeddable":true,"href":"https:\/\/www.metron-ks.com\/index.php?rest_route=\/wp\/v2\/media\/4186"}],"wp:attachment":[{"href":"https:\/\/www.metron-ks.com\/index.php?rest_route=%2Fwp%2Fv2%2Fmedia&parent=216"}],"wp:term":[{"taxonomy":"product_brand","embeddable":true,"href":"https:\/\/www.metron-ks.com\/index.php?rest_route=%2Fwp%2Fv2%2Fproduct_brand&post=216"},{"taxonomy":"product_cat","embeddable":true,"href":"https:\/\/www.metron-ks.com\/index.php?rest_route=%2Fwp%2Fv2%2Fproduct_cat&post=216"},{"taxonomy":"product_tag","embeddable":true,"href":"https:\/\/www.metron-ks.com\/index.php?rest_route=%2Fwp%2Fv2%2Fproduct_tag&post=216"}],"curies":[{"name":"wp","href":"https:\/\/api.w.org\/{rel}","templated":true}]}}