{"id":218,"date":"2023-03-06T22:18:31","date_gmt":"2023-03-06T22:18:31","guid":{"rendered":"https:\/\/www.metron-ks.com\/product\/adapter-sbox-usb-c-hdmi-usb-3-0-sdtf-7in1\/"},"modified":"2025-03-24T14:10:21","modified_gmt":"2025-03-24T14:10:21","slug":"adapter-sbox-usb-c-hdmi-usb-3-0-sdtf-7in1","status":"publish","type":"product","link":"https:\/\/www.metron-ks.com\/?product=adapter-sbox-usb-c-hdmi-usb-3-0-sdtf-7in1","title":{"rendered":"Adapter SBOX, USB-C-HDMI\/USB-3.0\/SD+TF, 7in1"},"content":{"rendered":"<div><span style=\"font-size: 14px;\">Tani ne mund t&#8217;ju ofrojm\u00eb p\u00ebrshtat\u00ebs t\u00eb ri SBOX USB-C-HDMI \/ USB-3.0 \/ SD + TF &#8211; 7in1. Esht\u00eb nj\u00eb p\u00ebrshtat\u00ebs 7in1 i cili lidh\u00a0<\/span><span style=\"font-size: 14px;\">n\u00eb pajisjen prit\u00ebse me kabllo USB-C (n\u00eb p\u00ebrputhje me Thunderbolt 3).<\/span><\/div>\n<div><\/div>\n<div><span style=\"font-size: 14px;\">Me k\u00ebt\u00eb p\u00ebrshtat\u00ebs ju merrni daljen HDMI me mb\u00ebshtetje video 4K p\u00ebr ju projektues ose ndonj\u00eb pajisje tjet\u00ebr t\u00eb pajtueshme,\u00a0<\/span><span style=\"font-size: 14px;\">2 porte USB SS, 2 porte USB-C &#8211; nj\u00ebra prej k\u00ebtyre porteve p\u00ebrdoret si energji shtes\u00eb (<strong>Burimi i energjis nuk p\u00ebrfshihet n\u00eb paketim<\/strong>), dhe lexuesi i kartave SD\/TF.<\/span><\/div>\n<div><\/div>\n<div><\/div>\n<div>HDMI &#8211; 4K * 2K (3840 x 2160), i pajtuesh\u00ebm me 1080P, 720P<br \/>\nUSB &#8211; 2 x USB, furnizim me energji deri n\u00eb 4,5W Maks<br \/>\nPorti USB C nr. 1 fem\u00ebr &#8211; PD, 20V, 3A, Mb\u00ebshtet adapterin e energjis\u00eb Max 87W (Input)<br \/>\nPorti USB C nr. 2 fem\u00ebr\u00a0&#8211; Furnizim me energji USB C 4,5W Maks<br \/>\nPort\u00eb USB Port C &#8211; I pajtuesh\u00ebm me thunderbolt\u00a03, sigurohuni q\u00eb porti\u00a0USB-C n\u00eb pajisjen tuaj t\u00eb jet\u00eb n\u00eb p\u00ebrputhje me 3.0 \/ 3.1<br \/>\nLexuesi i kartave SD \/ TF &#8211; mund t\u00eb punoj\u00eb nj\u00ebkoh\u00ebsisht, shpejt\u00ebsia e leximit dhe shkrimit varet nga karta.<\/div>\n","protected":false},"excerpt":{"rendered":"<p>Adapter SBOX, USB-C-HDMI\/USB-3.0\/SD+TF, 7in1<\/p>\n","protected":false},"featured_media":4188,"comment_status":"closed","ping_status":"closed","template":"","meta":[],"product_brand":[],"product_cat":[118,141,156],"product_tag":[],"class_list":{"0":"post-218","1":"product","2":"type-product","3":"status-publish","4":"has-post-thumbnail","6":"product_cat-aksesore","7":"product_cat-pclaptop","8":"product_cat-pershtateskabllo-konvertues","10":"first","11":"instock","12":"shipping-taxable","13":"purchasable","14":"product-type-simple"},"_links":{"self":[{"href":"https:\/\/www.metron-ks.com\/index.php?rest_route=\/wp\/v2\/product\/218","targetHints":{"allow":["GET"]}}],"collection":[{"href":"https:\/\/www.metron-ks.com\/index.php?rest_route=\/wp\/v2\/product"}],"about":[{"href":"https:\/\/www.metron-ks.com\/index.php?rest_route=\/wp\/v2\/types\/product"}],"replies":[{"embeddable":true,"href":"https:\/\/www.metron-ks.com\/index.php?rest_route=%2Fwp%2Fv2%2Fcomments&post=218"}],"wp:featuredmedia":[{"embeddable":true,"href":"https:\/\/www.metron-ks.com\/index.php?rest_route=\/wp\/v2\/media\/4188"}],"wp:attachment":[{"href":"https:\/\/www.metron-ks.com\/index.php?rest_route=%2Fwp%2Fv2%2Fmedia&parent=218"}],"wp:term":[{"taxonomy":"product_brand","embeddable":true,"href":"https:\/\/www.metron-ks.com\/index.php?rest_route=%2Fwp%2Fv2%2Fproduct_brand&post=218"},{"taxonomy":"product_cat","embeddable":true,"href":"https:\/\/www.metron-ks.com\/index.php?rest_route=%2Fwp%2Fv2%2Fproduct_cat&post=218"},{"taxonomy":"product_tag","embeddable":true,"href":"https:\/\/www.metron-ks.com\/index.php?rest_route=%2Fwp%2Fv2%2Fproduct_tag&post=218"}],"curies":[{"name":"wp","href":"https:\/\/api.w.org\/{rel}","templated":true}]}}