{"id":219,"date":"2023-03-06T22:18:32","date_gmt":"2023-03-06T22:18:32","guid":{"rendered":"https:\/\/www.metron-ks.com\/product\/adapter-universal-manhattan-dhe-pershtates-udhetimi-usb-102155\/"},"modified":"2025-03-03T14:21:17","modified_gmt":"2025-03-03T14:21:17","slug":"adapter-universal-manhattan-dhe-pershtates-udhetimi-usb-102155","status":"publish","type":"product","link":"https:\/\/www.metron-ks.com\/?product=adapter-universal-manhattan-dhe-pershtates-udhetimi-usb-102155","title":{"rendered":"Adapter universal Manhattan, dhe p\u00ebrshtat\u00ebs udh\u00ebtimi, USB, 102155"},"content":{"rendered":"<p>Mbani telefonin tuaj plot\u00ebsisht t\u00eb ngarkuar n\u00eb tre kontinente me Manhattan USB adapter. Ka priza t\u00eb shumta n\u00eb m\u00ebnyr\u00eb q\u00eb t\u00eb mund ta\u00a0p\u00ebrdorni\u00a0n\u00eb disa vende\u00a0n\u00eb m\u00ebnyr\u00eb q\u00eb t\u00eb shtoni energji n\u00eb pajisjen tuaj. Prizat e k\u00ebmbyeshme lidhen me pikat n\u00eb Evrop\u00eb, Mbret\u00ebrin\u00eb e Bashkuar, Shtetet e Bashkuara dhe Australin\u00eb.<br \/>\nNj\u00eb port USB-A jep energji deri n\u00eb 1 A p\u00ebr t\u00eb karikuar pajisjet mobile.<br \/>\nDizajn kompakt dhe i leht\u00eb, ideal p\u00ebr udh\u00ebtime.<\/p>\n<p>Dalja DC: 5 V<\/p>\n<p>Tensioni i hyrjes: 100 &#8211; 240 VAC, 50 &#8211; 60 Hz<\/p>\n<p>Dalja e rrym\u00ebs: 1000 mA<\/p>\n<p>Fuqia e daljes: 5 W max.<\/p>\n<p>Pesha: 0,175 kg<\/p>\n","protected":false},"excerpt":{"rendered":"<p>Adapter Universal Manhattan, dhe p\u00ebrshtat\u00ebs udh\u00ebtimi,USB, 102155<\/p>\n","protected":false},"featured_media":4191,"comment_status":"closed","ping_status":"closed","template":"","meta":[],"product_brand":[],"product_cat":[118,136,151],"product_tag":[],"class_list":{"0":"post-219","1":"product","2":"type-product","3":"status-publish","4":"has-post-thumbnail","6":"product_cat-aksesore","7":"product_cat-pajisje-shtepiake","8":"product_cat-prizakabllo-vazhduese","10":"first","11":"instock","12":"shipping-taxable","13":"purchasable","14":"product-type-simple"},"_links":{"self":[{"href":"https:\/\/www.metron-ks.com\/index.php?rest_route=\/wp\/v2\/product\/219","targetHints":{"allow":["GET"]}}],"collection":[{"href":"https:\/\/www.metron-ks.com\/index.php?rest_route=\/wp\/v2\/product"}],"about":[{"href":"https:\/\/www.metron-ks.com\/index.php?rest_route=\/wp\/v2\/types\/product"}],"replies":[{"embeddable":true,"href":"https:\/\/www.metron-ks.com\/index.php?rest_route=%2Fwp%2Fv2%2Fcomments&post=219"}],"wp:featuredmedia":[{"embeddable":true,"href":"https:\/\/www.metron-ks.com\/index.php?rest_route=\/wp\/v2\/media\/4191"}],"wp:attachment":[{"href":"https:\/\/www.metron-ks.com\/index.php?rest_route=%2Fwp%2Fv2%2Fmedia&parent=219"}],"wp:term":[{"taxonomy":"product_brand","embeddable":true,"href":"https:\/\/www.metron-ks.com\/index.php?rest_route=%2Fwp%2Fv2%2Fproduct_brand&post=219"},{"taxonomy":"product_cat","embeddable":true,"href":"https:\/\/www.metron-ks.com\/index.php?rest_route=%2Fwp%2Fv2%2Fproduct_cat&post=219"},{"taxonomy":"product_tag","embeddable":true,"href":"https:\/\/www.metron-ks.com\/index.php?rest_route=%2Fwp%2Fv2%2Fproduct_tag&post=219"}],"curies":[{"name":"wp","href":"https:\/\/api.w.org\/{rel}","templated":true}]}}