{"id":233,"date":"2023-03-06T22:18:43","date_gmt":"2023-03-06T22:18:43","guid":{"rendered":"https:\/\/www.metron-ks.com\/product\/altoparlante-per-pc-hama-sonic-ls-206-173133\/"},"modified":"2025-03-03T14:44:01","modified_gmt":"2025-03-03T14:44:01","slug":"altoparlante-per-pc-hama-sonic-ls-206-173133","status":"publish","type":"product","link":"https:\/\/www.metron-ks.com\/?product=altoparlante-per-pc-hama-sonic-ls-206-173133","title":{"rendered":"Altoparlant\u00eb p\u00ebr PC Hama &#8220;Sonic LS-206&#8221; 173133"},"content":{"rendered":"<p>2.0 altoparlant\u00eb p\u00ebr kompjuter\u00eb dhe laptop.<br \/>\nFurnizimi me energji elektrike \u00ebsht\u00eb i p\u00ebrshtatsh\u00ebm p\u00ebrmes lidhjes USB.<\/p>\n<p>Impedanca 4 \u03a9<br \/>\nShtrirja e\u00a0 frekuenc\u00ebs 50 &#8211; 20,000 Hz<br \/>\nTensioni 5 V<br \/>\nTop Performanca\u00a0 6 W<\/p>\n<p>Sistemi audio 2.0<br \/>\nPesha 560 g<\/p>\n","protected":false},"excerpt":{"rendered":"<p>Altoparlant\u00eb p\u00ebr PC Hama &#8220;Sonic LS-206&#8221;<\/p>\n","protected":false},"featured_media":3938,"comment_status":"closed","ping_status":"closed","template":"","meta":[],"product_brand":[],"product_cat":[118,22,158],"product_tag":[],"class_list":{"0":"post-233","1":"product","2":"type-product","3":"status-publish","4":"has-post-thumbnail","6":"product_cat-aksesore","7":"product_cat-altoparlant-aksesore","8":"product_cat-pajisje-zerimi","10":"first","11":"instock","12":"shipping-taxable","13":"purchasable","14":"product-type-simple"},"_links":{"self":[{"href":"https:\/\/www.metron-ks.com\/index.php?rest_route=\/wp\/v2\/product\/233","targetHints":{"allow":["GET"]}}],"collection":[{"href":"https:\/\/www.metron-ks.com\/index.php?rest_route=\/wp\/v2\/product"}],"about":[{"href":"https:\/\/www.metron-ks.com\/index.php?rest_route=\/wp\/v2\/types\/product"}],"replies":[{"embeddable":true,"href":"https:\/\/www.metron-ks.com\/index.php?rest_route=%2Fwp%2Fv2%2Fcomments&post=233"}],"wp:featuredmedia":[{"embeddable":true,"href":"https:\/\/www.metron-ks.com\/index.php?rest_route=\/wp\/v2\/media\/3938"}],"wp:attachment":[{"href":"https:\/\/www.metron-ks.com\/index.php?rest_route=%2Fwp%2Fv2%2Fmedia&parent=233"}],"wp:term":[{"taxonomy":"product_brand","embeddable":true,"href":"https:\/\/www.metron-ks.com\/index.php?rest_route=%2Fwp%2Fv2%2Fproduct_brand&post=233"},{"taxonomy":"product_cat","embeddable":true,"href":"https:\/\/www.metron-ks.com\/index.php?rest_route=%2Fwp%2Fv2%2Fproduct_cat&post=233"},{"taxonomy":"product_tag","embeddable":true,"href":"https:\/\/www.metron-ks.com\/index.php?rest_route=%2Fwp%2Fv2%2Fproduct_tag&post=233"}],"curies":[{"name":"wp","href":"https:\/\/api.w.org\/{rel}","templated":true}]}}