{"id":236,"date":"2023-03-06T22:18:44","date_gmt":"2023-03-06T22:18:44","guid":{"rendered":"https:\/\/www.metron-ks.com\/product\/altoparlante-sbox-usb-e2n-2x3w\/"},"modified":"2025-09-16T13:31:03","modified_gmt":"2025-09-16T13:31:03","slug":"altoparlante-sbox-usb-e2n-2x3w","status":"publish","type":"product","link":"https:\/\/www.metron-ks.com\/?product=altoparlante-sbox-usb-e2n-2x3w","title":{"rendered":"Altoparlant\u00eb SBOX, USB, SP-02, 2X1.5W"},"content":{"rendered":"<p>Lloji i altoparlant\u00ebve: 2<br \/>\nFuqia dal\u00ebse (mW): 2 x 1.5 W (RMS)<br \/>\nShtrirja e frekuenc\u00ebs (Hz): 200 Hz-20 kHz (Kontrolli i volumit n\u00eb pjes\u00ebn e pasme t\u00eb altoparlantit)<br \/>\nMadh\u00ebsia e altoparlantit (mm): 36<br \/>\nTensioni i pun\u00ebs (V): 5<br \/>\nMateriali: Plastik\u00eb<br \/>\nNgjyra: E zez\u00eb<br \/>\nInterface: 3.5 mm stereo + USB<br \/>\nGjat\u00ebsia e kabllit (m): 1<br \/>\nDimensionet e altoparlantit (mm): 69x69x66 x 2<br \/>\nPesha (g): 180<\/p>\n","protected":false},"excerpt":{"rendered":"<p>SP-02<\/p>\n","protected":false},"featured_media":4764,"comment_status":"closed","ping_status":"closed","template":"","meta":[],"product_brand":[],"product_cat":[118,22,158],"product_tag":[],"class_list":{"0":"post-236","1":"product","2":"type-product","3":"status-publish","4":"has-post-thumbnail","6":"product_cat-aksesore","7":"product_cat-altoparlant-aksesore","8":"product_cat-pajisje-zerimi","10":"first","11":"instock","12":"shipping-taxable","13":"purchasable","14":"product-type-simple"},"_links":{"self":[{"href":"https:\/\/www.metron-ks.com\/index.php?rest_route=\/wp\/v2\/product\/236","targetHints":{"allow":["GET"]}}],"collection":[{"href":"https:\/\/www.metron-ks.com\/index.php?rest_route=\/wp\/v2\/product"}],"about":[{"href":"https:\/\/www.metron-ks.com\/index.php?rest_route=\/wp\/v2\/types\/product"}],"replies":[{"embeddable":true,"href":"https:\/\/www.metron-ks.com\/index.php?rest_route=%2Fwp%2Fv2%2Fcomments&post=236"}],"wp:featuredmedia":[{"embeddable":true,"href":"https:\/\/www.metron-ks.com\/index.php?rest_route=\/wp\/v2\/media\/4764"}],"wp:attachment":[{"href":"https:\/\/www.metron-ks.com\/index.php?rest_route=%2Fwp%2Fv2%2Fmedia&parent=236"}],"wp:term":[{"taxonomy":"product_brand","embeddable":true,"href":"https:\/\/www.metron-ks.com\/index.php?rest_route=%2Fwp%2Fv2%2Fproduct_brand&post=236"},{"taxonomy":"product_cat","embeddable":true,"href":"https:\/\/www.metron-ks.com\/index.php?rest_route=%2Fwp%2Fv2%2Fproduct_cat&post=236"},{"taxonomy":"product_tag","embeddable":true,"href":"https:\/\/www.metron-ks.com\/index.php?rest_route=%2Fwp%2Fv2%2Fproduct_tag&post=236"}],"curies":[{"name":"wp","href":"https:\/\/api.w.org\/{rel}","templated":true}]}}