{"id":240,"date":"2023-03-06T22:18:46","date_gmt":"2023-03-06T22:18:46","guid":{"rendered":"https:\/\/www.metron-ks.com\/product\/antene-e-brendshme-hama-121702-dvb-t-dvb-t2\/"},"modified":"2025-03-03T15:29:40","modified_gmt":"2025-03-03T15:29:40","slug":"antene-e-brendshme-hama-121702-dvb-t-dvb-t2","status":"publish","type":"product","link":"https:\/\/www.metron-ks.com\/?product=antene-e-brendshme-hama-121702-dvb-t-dvb-t2","title":{"rendered":"Anten\u00eb e brendshme Hama 121702,  DVB-T \/ DVB-T2"},"content":{"rendered":"<p><span style=\"color: #000000;\">Me k\u00ebt\u00eb anten\u00eb sht\u00ebpie gjithmon\u00eb keni pritje dixhitale t\u00eb klasit t\u00eb par\u00eb DVB-T p\u00ebr programet tuaja televizive dhe radio.<\/span><\/p>\n<p><span style=\"color: #000000;\">Fuqi\u00a0e rregullueshme e amplifikatorit p\u00ebr cil\u00ebsi optimale t\u00eb fotografis\u00eb dhe tingullit.<br \/>\nEnergjia furnizohet p\u00ebrmes lidhjes USB ose p\u00ebrmes lidhjes s\u00eb anten\u00ebs s\u00eb pajisjes fundore.<\/span><\/p>\n<p><span style=\"color: #000000;\">LED tregon n\u00ebse antena \u00ebsht\u00eb fikur ose ndezur.<\/span><\/p>\n<p><span style=\"color: #000000;\">P\u00ebr pritjen digjitale t\u00eb TV (DVB-T \/ DVB-T2) dhe pritjen digjitale t\u00eb radios (DAB \/ DAB +)<br \/>\nP\u00ebrfshir\u00eb filtrin LTE.<br \/>\nIdeale p\u00ebr HD TV.<br \/>\nAmplifikimi aktiv i sinjalit.<br \/>\nAmplifikator aktiv.<br \/>\nDizajn kompakt, anten\u00eb sht\u00ebpie me performanc\u00eb t\u00eb fort\u00eb.<br \/>\nGama e frekuenc\u00ebs: B III (174 &#8211; 230 MHz) dhe B IV (470 &#8211; 790 MHz)<br \/>\nMe nj\u00eb furnizim me energji USB (nuk p\u00ebrfshihet) antena mund t\u00eb p\u00ebrdoret gjithashtu n\u00eb makina, sht\u00ebpi l\u00ebviz\u00ebse dhe anije.<\/span><\/p>\n","protected":false},"excerpt":{"rendered":"<p>Anten\u00eb e brendshme Hama 121702, DVB-T \/ DVB-T2<\/p>\n","protected":false},"featured_media":2554,"comment_status":"closed","ping_status":"closed","template":"","meta":[],"product_brand":[],"product_cat":[118,181,136],"product_tag":[],"class_list":{"0":"post-240","1":"product","2":"type-product","3":"status-publish","4":"has-post-thumbnail","6":"product_cat-aksesore","7":"product_cat-anten-dhome","8":"product_cat-pajisje-shtepiake","10":"first","11":"instock","12":"shipping-taxable","13":"purchasable","14":"product-type-simple"},"_links":{"self":[{"href":"https:\/\/www.metron-ks.com\/index.php?rest_route=\/wp\/v2\/product\/240","targetHints":{"allow":["GET"]}}],"collection":[{"href":"https:\/\/www.metron-ks.com\/index.php?rest_route=\/wp\/v2\/product"}],"about":[{"href":"https:\/\/www.metron-ks.com\/index.php?rest_route=\/wp\/v2\/types\/product"}],"replies":[{"embeddable":true,"href":"https:\/\/www.metron-ks.com\/index.php?rest_route=%2Fwp%2Fv2%2Fcomments&post=240"}],"wp:featuredmedia":[{"embeddable":true,"href":"https:\/\/www.metron-ks.com\/index.php?rest_route=\/wp\/v2\/media\/2554"}],"wp:attachment":[{"href":"https:\/\/www.metron-ks.com\/index.php?rest_route=%2Fwp%2Fv2%2Fmedia&parent=240"}],"wp:term":[{"taxonomy":"product_brand","embeddable":true,"href":"https:\/\/www.metron-ks.com\/index.php?rest_route=%2Fwp%2Fv2%2Fproduct_brand&post=240"},{"taxonomy":"product_cat","embeddable":true,"href":"https:\/\/www.metron-ks.com\/index.php?rest_route=%2Fwp%2Fv2%2Fproduct_cat&post=240"},{"taxonomy":"product_tag","embeddable":true,"href":"https:\/\/www.metron-ks.com\/index.php?rest_route=%2Fwp%2Fv2%2Fproduct_tag&post=240"}],"curies":[{"name":"wp","href":"https:\/\/api.w.org\/{rel}","templated":true}]}}