{"id":241,"date":"2023-03-06T22:18:46","date_gmt":"2023-03-06T22:18:46","guid":{"rendered":"https:\/\/www.metron-ks.com\/product\/bateri-aa-verbatim-premium-alkaline-lr6-1-5v\/"},"modified":"2025-03-03T15:30:49","modified_gmt":"2025-03-03T15:30:49","slug":"bateri-aa-verbatim-premium-alkaline-lr6-1-5v","status":"publish","type":"product","link":"https:\/\/www.metron-ks.com\/?product=bateri-aa-verbatim-premium-alkaline-lr6-1-5v","title":{"rendered":"Bateri AA Verbatim Premium Alkaline LR6, 1.5V"},"content":{"rendered":"<p>Baterit\u00eb AA t\u00eb Verbatim jan\u00eb modeli m\u00eb i popullarizuar. Ato rekomandohen p\u00ebr p\u00ebrdorim n\u00eb pajisje t\u00eb tilla si radio portative, MP3 player, kamera dhe telekomand\u00eb TV\/DVD.<\/p>\n<p>Tensioni: 1.5 V<br \/>\nLart\u00ebsia: 50.5 mm<br \/>\nDiametri: 14.5 mm<br \/>\nPesha: 23 g<br \/>\nKodi i modelit: AA-LR6 Mignon<br \/>\nTemperatura e funksionimit: -18\u00b0C deri n\u00eb 50\u00b0C<br \/>\nMadh\u00ebsia e paketimit: 10cope<\/p>\n","protected":false},"excerpt":{"rendered":"<p>Bateri AA Alkaline Verbatim LR6, 1.5V, 49875<\/p>\n","protected":false},"featured_media":3920,"comment_status":"closed","ping_status":"closed","template":"","meta":[],"product_brand":[],"product_cat":[118,24],"product_tag":[],"class_list":{"0":"post-241","1":"product","2":"type-product","3":"status-publish","4":"has-post-thumbnail","6":"product_cat-aksesore","7":"product_cat-bateri","9":"first","10":"instock","11":"shipping-taxable","12":"purchasable","13":"product-type-simple"},"_links":{"self":[{"href":"https:\/\/www.metron-ks.com\/index.php?rest_route=\/wp\/v2\/product\/241","targetHints":{"allow":["GET"]}}],"collection":[{"href":"https:\/\/www.metron-ks.com\/index.php?rest_route=\/wp\/v2\/product"}],"about":[{"href":"https:\/\/www.metron-ks.com\/index.php?rest_route=\/wp\/v2\/types\/product"}],"replies":[{"embeddable":true,"href":"https:\/\/www.metron-ks.com\/index.php?rest_route=%2Fwp%2Fv2%2Fcomments&post=241"}],"wp:featuredmedia":[{"embeddable":true,"href":"https:\/\/www.metron-ks.com\/index.php?rest_route=\/wp\/v2\/media\/3920"}],"wp:attachment":[{"href":"https:\/\/www.metron-ks.com\/index.php?rest_route=%2Fwp%2Fv2%2Fmedia&parent=241"}],"wp:term":[{"taxonomy":"product_brand","embeddable":true,"href":"https:\/\/www.metron-ks.com\/index.php?rest_route=%2Fwp%2Fv2%2Fproduct_brand&post=241"},{"taxonomy":"product_cat","embeddable":true,"href":"https:\/\/www.metron-ks.com\/index.php?rest_route=%2Fwp%2Fv2%2Fproduct_cat&post=241"},{"taxonomy":"product_tag","embeddable":true,"href":"https:\/\/www.metron-ks.com\/index.php?rest_route=%2Fwp%2Fv2%2Fproduct_tag&post=241"}],"curies":[{"name":"wp","href":"https:\/\/api.w.org\/{rel}","templated":true}]}}