{"id":243,"date":"2023-03-06T22:18:47","date_gmt":"2023-03-06T22:18:47","guid":{"rendered":"https:\/\/www.metron-ks.com\/product\/bateri-aaa-verbatim-premium-alkaline-lr03-1-5v\/"},"modified":"2025-03-03T15:41:33","modified_gmt":"2025-03-03T15:41:33","slug":"bateri-aaa-verbatim-premium-alkaline-lr03-1-5v","status":"publish","type":"product","link":"https:\/\/www.metron-ks.com\/?product=bateri-aaa-verbatim-premium-alkaline-lr03-1-5v","title":{"rendered":"Bateri AAA Verbatim Premium Alkaline LR03, 1.5V"},"content":{"rendered":"<p>Baterit\u00eb AAA t\u00eb Verbatim jan\u00eb modeli m\u00eb i vog\u00ebl n\u00eb gam\u00ebn e Verbatim. Ato rekomandohen p\u00ebr p\u00ebrdorim n\u00eb pajisje t\u00eb tilla si MP3 player, kamera dhe lodra q\u00eb k\u00ebrkojn\u00eb energji konstante p\u00ebr periudha t\u00eb gjata kohore.<\/p>\n<p>Tensioni: 1.5 V<br \/>\nLart\u00ebsia: 44.5 mm<br \/>\nDiametri: 10.5 mm<br \/>\nPesha: 11g<br \/>\nKodi i modelit: AAA-LR03 Micro<br \/>\nTemperatura e funksionimit: -18\u00b0C deri n\u00eb 50\u00b0C<br \/>\nMadh\u00ebsia e paketimit: 10 cope<\/p>\n","protected":false},"excerpt":{"rendered":"<p>Bateri AAA Alkaline Verbatim LR03, 1.5V 49874<\/p>\n","protected":false},"featured_media":3908,"comment_status":"closed","ping_status":"closed","template":"","meta":[],"product_brand":[],"product_cat":[118,24],"product_tag":[],"class_list":{"0":"post-243","1":"product","2":"type-product","3":"status-publish","4":"has-post-thumbnail","6":"product_cat-aksesore","7":"product_cat-bateri","9":"first","10":"instock","11":"shipping-taxable","12":"purchasable","13":"product-type-simple"},"_links":{"self":[{"href":"https:\/\/www.metron-ks.com\/index.php?rest_route=\/wp\/v2\/product\/243","targetHints":{"allow":["GET"]}}],"collection":[{"href":"https:\/\/www.metron-ks.com\/index.php?rest_route=\/wp\/v2\/product"}],"about":[{"href":"https:\/\/www.metron-ks.com\/index.php?rest_route=\/wp\/v2\/types\/product"}],"replies":[{"embeddable":true,"href":"https:\/\/www.metron-ks.com\/index.php?rest_route=%2Fwp%2Fv2%2Fcomments&post=243"}],"wp:featuredmedia":[{"embeddable":true,"href":"https:\/\/www.metron-ks.com\/index.php?rest_route=\/wp\/v2\/media\/3908"}],"wp:attachment":[{"href":"https:\/\/www.metron-ks.com\/index.php?rest_route=%2Fwp%2Fv2%2Fmedia&parent=243"}],"wp:term":[{"taxonomy":"product_brand","embeddable":true,"href":"https:\/\/www.metron-ks.com\/index.php?rest_route=%2Fwp%2Fv2%2Fproduct_brand&post=243"},{"taxonomy":"product_cat","embeddable":true,"href":"https:\/\/www.metron-ks.com\/index.php?rest_route=%2Fwp%2Fv2%2Fproduct_cat&post=243"},{"taxonomy":"product_tag","embeddable":true,"href":"https:\/\/www.metron-ks.com\/index.php?rest_route=%2Fwp%2Fv2%2Fproduct_tag&post=243"}],"curies":[{"name":"wp","href":"https:\/\/api.w.org\/{rel}","templated":true}]}}