{"id":245,"date":"2023-03-06T22:18:48","date_gmt":"2023-03-06T22:18:48","guid":{"rendered":"https:\/\/www.metron-ks.com\/product\/bateri-c-verbatim-premium-alkaline-1-5v\/"},"modified":"2025-03-03T15:47:11","modified_gmt":"2025-03-03T15:47:11","slug":"bateri-c-verbatim-premium-alkaline-1-5v","status":"publish","type":"product","link":"https:\/\/www.metron-ks.com\/?product=bateri-c-verbatim-premium-alkaline-1-5v","title":{"rendered":"Bateri C Verbatim Premium Alkaline 1.5V"},"content":{"rendered":"<p>N\u00ebse k\u00ebrkohet nj\u00eb drit\u00eb, at\u00ebher\u00eb baterit\u00eb alkaline me performanc\u00eb t\u00eb lart\u00eb Verbatim jan\u00eb zgjidhja ideale p\u00ebr dritat e ndezjes dhe pishtar\u00ebt. C rekomandohet p\u00ebr p\u00ebrdorim n\u00eb pajisje t\u00eb tilla si dritat te ndryshme, llamba\u00a0dhe radio.<\/p>\n<p>Tensioni: 1.5 V<br \/>\nLart\u00ebsia: 50 mm<br \/>\nDiametri: 26.2 mm<br \/>\nPesha: 61 g<br \/>\nKodi i modelit: C-LR14 Baby<br \/>\nMadh\u00ebsia e paketimit: 2cope<\/p>\n","protected":false},"excerpt":{"rendered":"<p>Bateri C Alkaline Verbatim 1.5V 49922<\/p>\n","protected":false},"featured_media":3898,"comment_status":"closed","ping_status":"closed","template":"","meta":[],"product_brand":[],"product_cat":[118,24],"product_tag":[],"class_list":{"0":"post-245","1":"product","2":"type-product","3":"status-publish","4":"has-post-thumbnail","6":"product_cat-aksesore","7":"product_cat-bateri","9":"first","10":"instock","11":"shipping-taxable","12":"purchasable","13":"product-type-simple"},"_links":{"self":[{"href":"https:\/\/www.metron-ks.com\/index.php?rest_route=\/wp\/v2\/product\/245","targetHints":{"allow":["GET"]}}],"collection":[{"href":"https:\/\/www.metron-ks.com\/index.php?rest_route=\/wp\/v2\/product"}],"about":[{"href":"https:\/\/www.metron-ks.com\/index.php?rest_route=\/wp\/v2\/types\/product"}],"replies":[{"embeddable":true,"href":"https:\/\/www.metron-ks.com\/index.php?rest_route=%2Fwp%2Fv2%2Fcomments&post=245"}],"wp:featuredmedia":[{"embeddable":true,"href":"https:\/\/www.metron-ks.com\/index.php?rest_route=\/wp\/v2\/media\/3898"}],"wp:attachment":[{"href":"https:\/\/www.metron-ks.com\/index.php?rest_route=%2Fwp%2Fv2%2Fmedia&parent=245"}],"wp:term":[{"taxonomy":"product_brand","embeddable":true,"href":"https:\/\/www.metron-ks.com\/index.php?rest_route=%2Fwp%2Fv2%2Fproduct_brand&post=245"},{"taxonomy":"product_cat","embeddable":true,"href":"https:\/\/www.metron-ks.com\/index.php?rest_route=%2Fwp%2Fv2%2Fproduct_cat&post=245"},{"taxonomy":"product_tag","embeddable":true,"href":"https:\/\/www.metron-ks.com\/index.php?rest_route=%2Fwp%2Fv2%2Fproduct_tag&post=245"}],"curies":[{"name":"wp","href":"https:\/\/api.w.org\/{rel}","templated":true}]}}