{"id":247,"date":"2023-03-06T22:18:48","date_gmt":"2023-03-06T22:18:48","guid":{"rendered":"https:\/\/www.metron-ks.com\/product\/bateri-verbatim-premium-alkaline-9v\/"},"modified":"2025-03-03T15:44:53","modified_gmt":"2025-03-03T15:44:53","slug":"bateri-verbatim-premium-alkaline-9v","status":"publish","type":"product","link":"https:\/\/www.metron-ks.com\/?product=bateri-verbatim-premium-alkaline-9v","title":{"rendered":"Bateri Verbatim Premium Alkaline, 9V"},"content":{"rendered":"<p>Baterit\u00eb 9V t\u00eb Verbatim rekomandohen p\u00ebr p\u00ebrdorim n\u00eb alarmet e tymit n\u00eb sht\u00ebpi, duke dh\u00ebn\u00eb performanc\u00eb t\u00eb lart\u00eb . Bateria Verbatim 9V rekomandohet gjithashtu p\u00ebr p\u00ebrdorim n\u00eb lodrat e f\u00ebmij\u00ebve.<\/p>\n<p>Tensioni: 9 V<br \/>\nLart\u00ebsia: 48.5 mm<br \/>\nPesha: 46 g<br \/>\nKodi i modelit: 9V-6LR61 Bllok 9V<br \/>\nMadh\u00ebsia e paketimit: 1<\/p>\n","protected":false},"excerpt":{"rendered":"<p>Bateri 9V Alkaline Verbatim 49924<\/p>\n","protected":false},"featured_media":3891,"comment_status":"closed","ping_status":"closed","template":"","meta":[],"product_brand":[],"product_cat":[118,24],"product_tag":[],"class_list":{"0":"post-247","1":"product","2":"type-product","3":"status-publish","4":"has-post-thumbnail","6":"product_cat-aksesore","7":"product_cat-bateri","9":"first","10":"instock","11":"shipping-taxable","12":"purchasable","13":"product-type-simple"},"_links":{"self":[{"href":"https:\/\/www.metron-ks.com\/index.php?rest_route=\/wp\/v2\/product\/247","targetHints":{"allow":["GET"]}}],"collection":[{"href":"https:\/\/www.metron-ks.com\/index.php?rest_route=\/wp\/v2\/product"}],"about":[{"href":"https:\/\/www.metron-ks.com\/index.php?rest_route=\/wp\/v2\/types\/product"}],"replies":[{"embeddable":true,"href":"https:\/\/www.metron-ks.com\/index.php?rest_route=%2Fwp%2Fv2%2Fcomments&post=247"}],"wp:featuredmedia":[{"embeddable":true,"href":"https:\/\/www.metron-ks.com\/index.php?rest_route=\/wp\/v2\/media\/3891"}],"wp:attachment":[{"href":"https:\/\/www.metron-ks.com\/index.php?rest_route=%2Fwp%2Fv2%2Fmedia&parent=247"}],"wp:term":[{"taxonomy":"product_brand","embeddable":true,"href":"https:\/\/www.metron-ks.com\/index.php?rest_route=%2Fwp%2Fv2%2Fproduct_brand&post=247"},{"taxonomy":"product_cat","embeddable":true,"href":"https:\/\/www.metron-ks.com\/index.php?rest_route=%2Fwp%2Fv2%2Fproduct_cat&post=247"},{"taxonomy":"product_tag","embeddable":true,"href":"https:\/\/www.metron-ks.com\/index.php?rest_route=%2Fwp%2Fv2%2Fproduct_tag&post=247"}],"curies":[{"name":"wp","href":"https:\/\/api.w.org\/{rel}","templated":true}]}}