{"id":248,"date":"2023-03-06T22:18:49","date_gmt":"2023-03-06T22:18:49","guid":{"rendered":"https:\/\/www.metron-ks.com\/product\/bateri-verbatim-premium-lithium-3v\/"},"modified":"2025-03-04T07:36:40","modified_gmt":"2025-03-04T07:36:40","slug":"bateri-verbatim-premium-lithium-3v","status":"publish","type":"product","link":"https:\/\/www.metron-ks.com\/?product=bateri-verbatim-premium-lithium-3v","title":{"rendered":"Bateri Verbatim Premium Lithium, 3V"},"content":{"rendered":"<p>Gama e baterive &#8220;monedh\u00eb&#8221; t\u00eb litiumit 3 volt, fuqizon nj\u00eb mori pajisjesh t\u00eb vogla elektronike portative, duke p\u00ebrfshir\u00eb kalkulator,syzet 3D, telekomandat dhe pajisjet e kamer\u00ebs.<\/p>\n<p>CR2016<\/p>\n<p>Tensioni: 3V<br \/>\nPesha: p\u00ebraf\u00ebrsisht 1.8 g<br \/>\nDimensionet: 20mm x 1.6mm<br \/>\nPako me 4 cop\u00eb.<\/p>\n","protected":false},"excerpt":{"rendered":"<p>Bateri Verbatim Premium Lithium, 3V<\/p>\n","protected":false},"featured_media":3883,"comment_status":"closed","ping_status":"closed","template":"","meta":[],"product_brand":[],"product_cat":[118,24],"product_tag":[],"class_list":{"0":"post-248","1":"product","2":"type-product","3":"status-publish","4":"has-post-thumbnail","6":"product_cat-aksesore","7":"product_cat-bateri","9":"first","10":"instock","11":"shipping-taxable","12":"purchasable","13":"product-type-simple"},"_links":{"self":[{"href":"https:\/\/www.metron-ks.com\/index.php?rest_route=\/wp\/v2\/product\/248","targetHints":{"allow":["GET"]}}],"collection":[{"href":"https:\/\/www.metron-ks.com\/index.php?rest_route=\/wp\/v2\/product"}],"about":[{"href":"https:\/\/www.metron-ks.com\/index.php?rest_route=\/wp\/v2\/types\/product"}],"replies":[{"embeddable":true,"href":"https:\/\/www.metron-ks.com\/index.php?rest_route=%2Fwp%2Fv2%2Fcomments&post=248"}],"wp:featuredmedia":[{"embeddable":true,"href":"https:\/\/www.metron-ks.com\/index.php?rest_route=\/wp\/v2\/media\/3883"}],"wp:attachment":[{"href":"https:\/\/www.metron-ks.com\/index.php?rest_route=%2Fwp%2Fv2%2Fmedia&parent=248"}],"wp:term":[{"taxonomy":"product_brand","embeddable":true,"href":"https:\/\/www.metron-ks.com\/index.php?rest_route=%2Fwp%2Fv2%2Fproduct_brand&post=248"},{"taxonomy":"product_cat","embeddable":true,"href":"https:\/\/www.metron-ks.com\/index.php?rest_route=%2Fwp%2Fv2%2Fproduct_cat&post=248"},{"taxonomy":"product_tag","embeddable":true,"href":"https:\/\/www.metron-ks.com\/index.php?rest_route=%2Fwp%2Fv2%2Fproduct_tag&post=248"}],"curies":[{"name":"wp","href":"https:\/\/api.w.org\/{rel}","templated":true}]}}