{"id":249,"date":"2023-03-06T22:18:49","date_gmt":"2023-03-06T22:18:49","guid":{"rendered":"https:\/\/www.metron-ks.com\/product\/bateri-verbatim-premium-lithium-3v-2\/"},"modified":"2025-03-04T07:36:22","modified_gmt":"2025-03-04T07:36:22","slug":"bateri-verbatim-premium-lithium-3v-2","status":"publish","type":"product","link":"https:\/\/www.metron-ks.com\/?product=bateri-verbatim-premium-lithium-3v-2","title":{"rendered":"Bateri Verbatim Premium Lithium, 3V"},"content":{"rendered":"<p>Gama e baterive &#8220;monedh\u00eb&#8221; t\u00eb litiumit 3 volt\u00a0fuqizon nj\u00eb mori pajisjesh t\u00eb vogla elektronike portative\u00a0duke p\u00ebrfshir\u00eb syzet 3D, telekomandat dhe pajisjet e kamer\u00ebs.<\/p>\n<p>CR2025<\/p>\n<p>Tensioni: 3V<br \/>\nPesha: p\u00ebraf\u00ebrsisht 2.2 g<br \/>\nDimensionet: 20mm x 2.5mm<br \/>\nPako me 4<\/p>\n","protected":false},"excerpt":{"rendered":"<p>Bateri Verbatim Premium Lithium, 3V<\/p>\n","protected":false},"featured_media":3885,"comment_status":"closed","ping_status":"closed","template":"","meta":[],"product_brand":[],"product_cat":[118,24],"product_tag":[],"class_list":{"0":"post-249","1":"product","2":"type-product","3":"status-publish","4":"has-post-thumbnail","6":"product_cat-aksesore","7":"product_cat-bateri","9":"first","10":"instock","11":"shipping-taxable","12":"purchasable","13":"product-type-simple"},"_links":{"self":[{"href":"https:\/\/www.metron-ks.com\/index.php?rest_route=\/wp\/v2\/product\/249","targetHints":{"allow":["GET"]}}],"collection":[{"href":"https:\/\/www.metron-ks.com\/index.php?rest_route=\/wp\/v2\/product"}],"about":[{"href":"https:\/\/www.metron-ks.com\/index.php?rest_route=\/wp\/v2\/types\/product"}],"replies":[{"embeddable":true,"href":"https:\/\/www.metron-ks.com\/index.php?rest_route=%2Fwp%2Fv2%2Fcomments&post=249"}],"wp:featuredmedia":[{"embeddable":true,"href":"https:\/\/www.metron-ks.com\/index.php?rest_route=\/wp\/v2\/media\/3885"}],"wp:attachment":[{"href":"https:\/\/www.metron-ks.com\/index.php?rest_route=%2Fwp%2Fv2%2Fmedia&parent=249"}],"wp:term":[{"taxonomy":"product_brand","embeddable":true,"href":"https:\/\/www.metron-ks.com\/index.php?rest_route=%2Fwp%2Fv2%2Fproduct_brand&post=249"},{"taxonomy":"product_cat","embeddable":true,"href":"https:\/\/www.metron-ks.com\/index.php?rest_route=%2Fwp%2Fv2%2Fproduct_cat&post=249"},{"taxonomy":"product_tag","embeddable":true,"href":"https:\/\/www.metron-ks.com\/index.php?rest_route=%2Fwp%2Fv2%2Fproduct_tag&post=249"}],"curies":[{"name":"wp","href":"https:\/\/api.w.org\/{rel}","templated":true}]}}