{"id":252,"date":"2023-03-06T22:18:50","date_gmt":"2023-03-06T22:18:50","guid":{"rendered":"https:\/\/www.metron-ks.com\/product\/cante-gaming-white-shark-ruksak-scout-gbp-006\/"},"modified":"2025-03-04T07:48:41","modified_gmt":"2025-03-04T07:48:41","slug":"cante-gaming-white-shark-ruksak-scout-gbp-006","status":"publish","type":"product","link":"https:\/\/www.metron-ks.com\/?product=cante-gaming-white-shark-ruksak-scout-gbp-006","title":{"rendered":"\u00c7ant\u00eb Gaming White Shark  Ruksak Scout, GBP-006"},"content":{"rendered":"<p>\u00c7ant\u00eb shpine me pamje t\u00eb bukur dhe me nj\u00eb logo t\u00eb madhe White Shark n\u00eb pjes\u00ebn e p\u00ebrparme.<\/p>\n<p>Nj\u00eb ndarje p\u00ebr laptop 15.6 &#8220;dhe nj\u00eb tjet\u00ebr p\u00ebr ruajtje shtes\u00eb. Ndarje shtes\u00eb n\u00eb an\u00ebt e \u00e7ant\u00ebs s\u00eb shpin\u00ebs p\u00ebr t\u00eb ruajtur nj\u00eb shishe ose nj\u00eb \u00e7ad\u00ebr.<\/p>\n<p>B\u00ebr\u00eb nga materiali poliest\u00ebr 600D, nj\u00eb material shum\u00eb i q\u00ebndruesh\u00ebm q\u00eb p\u00ebrdoret vet\u00ebm p\u00ebr \u00e7anta shpine me cil\u00ebsi t\u00eb lart\u00eb.<\/p>\n<p>Material rezistent ndaj ujit<\/p>\n<p>Numri i ndarjeve: 2 + ndarje p\u00ebr Laptop<\/p>\n<p>P\u00ebr laptop\u00eb deri n\u00eb: 15,6 in\u00e7<\/p>\n<p>Dimensione (mm): 310x430x100<\/p>\n<p>Materiali: 600D poliest\u00ebr<\/p>\n","protected":false},"excerpt":{"rendered":"<p>\u00c7ant\u00eb Gaming White Shark Ruksak Scout, GBP-006<\/p>\n","protected":false},"featured_media":3877,"comment_status":"closed","ping_status":"closed","template":"","meta":[],"product_brand":[],"product_cat":[128,116],"product_tag":[],"class_list":{"0":"post-252","1":"product","2":"type-product","3":"status-publish","4":"has-post-thumbnail","6":"product_cat-cante-gaming","7":"product_cat-gaming","9":"first","10":"instock","11":"shipping-taxable","12":"purchasable","13":"product-type-simple"},"_links":{"self":[{"href":"https:\/\/www.metron-ks.com\/index.php?rest_route=\/wp\/v2\/product\/252","targetHints":{"allow":["GET"]}}],"collection":[{"href":"https:\/\/www.metron-ks.com\/index.php?rest_route=\/wp\/v2\/product"}],"about":[{"href":"https:\/\/www.metron-ks.com\/index.php?rest_route=\/wp\/v2\/types\/product"}],"replies":[{"embeddable":true,"href":"https:\/\/www.metron-ks.com\/index.php?rest_route=%2Fwp%2Fv2%2Fcomments&post=252"}],"wp:featuredmedia":[{"embeddable":true,"href":"https:\/\/www.metron-ks.com\/index.php?rest_route=\/wp\/v2\/media\/3877"}],"wp:attachment":[{"href":"https:\/\/www.metron-ks.com\/index.php?rest_route=%2Fwp%2Fv2%2Fmedia&parent=252"}],"wp:term":[{"taxonomy":"product_brand","embeddable":true,"href":"https:\/\/www.metron-ks.com\/index.php?rest_route=%2Fwp%2Fv2%2Fproduct_brand&post=252"},{"taxonomy":"product_cat","embeddable":true,"href":"https:\/\/www.metron-ks.com\/index.php?rest_route=%2Fwp%2Fv2%2Fproduct_cat&post=252"},{"taxonomy":"product_tag","embeddable":true,"href":"https:\/\/www.metron-ks.com\/index.php?rest_route=%2Fwp%2Fv2%2Fproduct_tag&post=252"}],"curies":[{"name":"wp","href":"https:\/\/api.w.org\/{rel}","templated":true}]}}