{"id":253,"date":"2023-03-06T22:18:50","date_gmt":"2023-03-06T22:18:50","guid":{"rendered":"https:\/\/www.metron-ks.com\/product\/cante-gaming-white-shark-dark-nomad-17-3-gbp-002\/"},"modified":"2025-03-04T07:48:14","modified_gmt":"2025-03-04T07:48:14","slug":"cante-gaming-white-shark-dark-nomad-17-3-gbp-002","status":"publish","type":"product","link":"https:\/\/www.metron-ks.com\/?product=cante-gaming-white-shark-dark-nomad-17-3-gbp-002","title":{"rendered":"\u00c7ant\u00eb Gaming White Shark ,Dark Nomad, 17.3&#8221; \/ GBP-002"},"content":{"rendered":"<p>Projektuar posa\u00e7\u00ebrisht p\u00ebr gamer-\u00ebt\u00a0t\u00eb cil\u00ebt d\u00ebshirojn q\u00eb paisjet e tyre t\u00eb i bartin kudo me vete. B\u00ebr\u00eb nga material poliest\u00ebr i q\u00ebndruesh\u00ebm dhe rezistent ndaj ujit.<br \/>\nNdarje e hapsir\u00ebs p\u00ebr laptop\u00eb 17.3 &#8220;, tastier\u00eb, miun, kufjet dhe shum\u00eb m\u00eb tep\u00ebr.<br \/>\nMbulesat gjysm\u00eb fleksibile t\u00eb mbushura mir\u00eb ofrojn\u00eb mbrojtje t\u00eb shk\u00eblqyeshme.<br \/>\nDor\u00ebza\u00a0e p\u00ebrforcuar me metale lejon t\u00eb bartni shum\u00eb gj\u00ebra pa ndonj\u00eb shqet\u00ebsim.<br \/>\nMb\u00ebshtetja ergonomike e pasme i jep shpin\u00ebs mb\u00ebshtetje t\u00eb plot\u00eb.<\/p>\n<p>Numri i ndarjeve: 18<\/p>\n<p>P\u00ebr laptop: 17.3&#8221;<\/p>\n<p>Dimensionet (mm): 370 x 510 x 180<\/p>\n<p>Materiali: Poliester<\/p>\n<p>Resiztent ndaj ujit<\/p>\n<p>&nbsp;<\/p>\n","protected":false},"excerpt":{"rendered":"<p>\u00c7ant\u00eb Gaming White Shark ,Dark Nomad, 17.3&#8221; \/ GBP-002<\/p>\n","protected":false},"featured_media":3873,"comment_status":"closed","ping_status":"closed","template":"","meta":[],"product_brand":[],"product_cat":[128,116],"product_tag":[],"class_list":{"0":"post-253","1":"product","2":"type-product","3":"status-publish","4":"has-post-thumbnail","6":"product_cat-cante-gaming","7":"product_cat-gaming","9":"first","10":"instock","11":"shipping-taxable","12":"purchasable","13":"product-type-simple"},"_links":{"self":[{"href":"https:\/\/www.metron-ks.com\/index.php?rest_route=\/wp\/v2\/product\/253","targetHints":{"allow":["GET"]}}],"collection":[{"href":"https:\/\/www.metron-ks.com\/index.php?rest_route=\/wp\/v2\/product"}],"about":[{"href":"https:\/\/www.metron-ks.com\/index.php?rest_route=\/wp\/v2\/types\/product"}],"replies":[{"embeddable":true,"href":"https:\/\/www.metron-ks.com\/index.php?rest_route=%2Fwp%2Fv2%2Fcomments&post=253"}],"wp:featuredmedia":[{"embeddable":true,"href":"https:\/\/www.metron-ks.com\/index.php?rest_route=\/wp\/v2\/media\/3873"}],"wp:attachment":[{"href":"https:\/\/www.metron-ks.com\/index.php?rest_route=%2Fwp%2Fv2%2Fmedia&parent=253"}],"wp:term":[{"taxonomy":"product_brand","embeddable":true,"href":"https:\/\/www.metron-ks.com\/index.php?rest_route=%2Fwp%2Fv2%2Fproduct_brand&post=253"},{"taxonomy":"product_cat","embeddable":true,"href":"https:\/\/www.metron-ks.com\/index.php?rest_route=%2Fwp%2Fv2%2Fproduct_cat&post=253"},{"taxonomy":"product_tag","embeddable":true,"href":"https:\/\/www.metron-ks.com\/index.php?rest_route=%2Fwp%2Fv2%2Fproduct_tag&post=253"}],"curies":[{"name":"wp","href":"https:\/\/api.w.org\/{rel}","templated":true}]}}