{"id":278,"date":"2023-03-06T22:19:02","date_gmt":"2023-03-06T22:19:02","guid":{"rendered":"https:\/\/www.metron-ks.com\/product\/cante-sbox-nse-922-nebraska-156-e-zeze\/"},"modified":"2025-02-10T13:57:19","modified_gmt":"2025-02-10T13:57:19","slug":"cante-sbox-nse-922-nebraska-156-e-zeze","status":"publish","type":"product","link":"https:\/\/www.metron-ks.com\/?product=cante-sbox-nse-922-nebraska-156-e-zeze","title":{"rendered":"\u00c7ant\u00eb SBOX NSE-922, NEBRASKA, 15,6&#8243;, e zez\u00eb"},"content":{"rendered":"<div>\u00c7ant\u00ebn e shpin\u00ebs eShark p\u00ebr afariz\u00ebm e karakterizon forma klasike dhe dimensioni me dizajn modern.<\/div>\n<div><\/div>\n<div>Gjat\u00eb prodhimit jan\u00eb p\u00ebrdorur materialet e kualitetit m\u00eb t\u00eb lart\u00eb dhe ndarjet speciale p\u00ebr laptop q\u00eb mund\u00ebsojn\u00eb\u00a0sigurin\u00eb maksimale nga d\u00ebmtimet.<\/div>\n<div><\/div>\n<div>P\u00ebrve\u00e7 laptopit, tabletit dhe librit, ju mund t\u00eb merrni nj\u00eb s\u00ebr\u00eb dokumentesh ose gj\u00ebrash t\u00eb ndryshme.<\/div>\n<div><\/div>\n<div>Kjo \u00e7ant\u00eb shpine \u00ebsht\u00eb b\u00ebr\u00eb me materiale t\u00eb lehta, t\u00eb q\u00ebndrueshme dhe ka aft\u00ebsin\u00eb p\u00ebr t\u00eb ruajtur gj\u00ebrat n\u00eb m\u00ebnyr\u00eb t\u00eb p\u00ebrkryer.<\/div>\n<div><\/div>\n<div>\u00c7anta\u00a0shp\u00ebrndan pesh\u00ebn mir\u00eb, gj\u00eb q\u00eb e b\u00ebn leht\u00eb t\u00eb bartshme. Ka\u00a0ngjyr\u00eb\u00a0t\u00eb zez\u00eb .<\/div>\n<div><\/div>\n<div>P\u00ebr ekran: deri n\u00eb 15.6 &#8221;<br \/>\nNumri i ndarjeve: 1 x m\u00eb i vog\u00ebl n\u00eb pjes\u00ebn e p\u00ebrparme t\u00eb shpin\u00ebs, 1 x m\u00eb i madh n\u00eb mes &#8211; me disa xhepa m\u00eb t\u00eb vegj\u00ebl, 1 x ndarje kryesore me xhep per laptop<br \/>\nLidh\u00ebs USB<br \/>\nDimensionet: 330 x 470 x 220 mm<br \/>\nNgjyra: E zez\u00eb<br \/>\nPastroni me leck\u00eb t\u00eb lagur<\/div>\n","protected":false},"excerpt":{"rendered":"<p>\u00c7ant\u00eb SBOX NSE-922, NEBRASKA, 15,6&#8243;, e zez\u00eb<\/p>\n","protected":false},"featured_media":3781,"comment_status":"closed","ping_status":"closed","template":"","meta":[],"product_brand":[],"product_cat":[118,25,141],"product_tag":[],"class_list":{"0":"post-278","1":"product","2":"type-product","3":"status-publish","4":"has-post-thumbnail","6":"product_cat-aksesore","7":"product_cat-cante","8":"product_cat-pclaptop","10":"first","11":"instock","12":"shipping-taxable","13":"purchasable","14":"product-type-simple"},"_links":{"self":[{"href":"https:\/\/www.metron-ks.com\/index.php?rest_route=\/wp\/v2\/product\/278","targetHints":{"allow":["GET"]}}],"collection":[{"href":"https:\/\/www.metron-ks.com\/index.php?rest_route=\/wp\/v2\/product"}],"about":[{"href":"https:\/\/www.metron-ks.com\/index.php?rest_route=\/wp\/v2\/types\/product"}],"replies":[{"embeddable":true,"href":"https:\/\/www.metron-ks.com\/index.php?rest_route=%2Fwp%2Fv2%2Fcomments&post=278"}],"wp:featuredmedia":[{"embeddable":true,"href":"https:\/\/www.metron-ks.com\/index.php?rest_route=\/wp\/v2\/media\/3781"}],"wp:attachment":[{"href":"https:\/\/www.metron-ks.com\/index.php?rest_route=%2Fwp%2Fv2%2Fmedia&parent=278"}],"wp:term":[{"taxonomy":"product_brand","embeddable":true,"href":"https:\/\/www.metron-ks.com\/index.php?rest_route=%2Fwp%2Fv2%2Fproduct_brand&post=278"},{"taxonomy":"product_cat","embeddable":true,"href":"https:\/\/www.metron-ks.com\/index.php?rest_route=%2Fwp%2Fv2%2Fproduct_cat&post=278"},{"taxonomy":"product_tag","embeddable":true,"href":"https:\/\/www.metron-ks.com\/index.php?rest_route=%2Fwp%2Fv2%2Fproduct_tag&post=278"}],"curies":[{"name":"wp","href":"https:\/\/api.w.org\/{rel}","templated":true}]}}