{"id":282,"date":"2023-03-06T22:19:03","date_gmt":"2023-03-06T22:19:03","guid":{"rendered":"https:\/\/www.metron-ks.com\/product\/cante-sbox-nss-19044-nb-per-laptop-156\/"},"modified":"2025-02-10T13:56:08","modified_gmt":"2025-02-10T13:56:08","slug":"cante-sbox-nss-19044-nb-per-laptop-156","status":"publish","type":"product","link":"https:\/\/www.metron-ks.com\/?product=cante-sbox-nss-19044-nb-per-laptop-156","title":{"rendered":"\u00c7ant\u00eb SBOX, NSS-19044 NB, p\u00ebr laptop 15,6&#8243;"},"content":{"rendered":"<p>P\u00ebr laptop\u00eb deri n\u00eb: 15,6 &#8221;<br \/>\nNgjyra: Kalt\u00ebr<br \/>\nDimensionet [mm]: 320\u00a0x 450\u00a0x 80<br \/>\nMateriali: Poliester 600D<\/p>\n<p>Dizajni:<\/p>\n<p>2 ndarje me zinxhir t\u00eb mbushur<br \/>\n1 xhep me\u00a0zinxhir n\u00eb an\u00ebn e p\u00ebrparme<br \/>\n2 ndarje rrjet\u00eb n\u00eb t\u00eb dy an\u00ebt<\/p>\n","protected":false},"excerpt":{"rendered":"<p>\u00c7ant\u00eb SBOX NSS-19044 NB p\u00ebr laptop 15,6&#8243;<\/p>\n","protected":false},"featured_media":3767,"comment_status":"closed","ping_status":"closed","template":"","meta":[],"product_brand":[],"product_cat":[118,25,141],"product_tag":[],"class_list":{"0":"post-282","1":"product","2":"type-product","3":"status-publish","4":"has-post-thumbnail","6":"product_cat-aksesore","7":"product_cat-cante","8":"product_cat-pclaptop","10":"first","11":"instock","12":"shipping-taxable","13":"purchasable","14":"product-type-simple"},"_links":{"self":[{"href":"https:\/\/www.metron-ks.com\/index.php?rest_route=\/wp\/v2\/product\/282","targetHints":{"allow":["GET"]}}],"collection":[{"href":"https:\/\/www.metron-ks.com\/index.php?rest_route=\/wp\/v2\/product"}],"about":[{"href":"https:\/\/www.metron-ks.com\/index.php?rest_route=\/wp\/v2\/types\/product"}],"replies":[{"embeddable":true,"href":"https:\/\/www.metron-ks.com\/index.php?rest_route=%2Fwp%2Fv2%2Fcomments&post=282"}],"wp:featuredmedia":[{"embeddable":true,"href":"https:\/\/www.metron-ks.com\/index.php?rest_route=\/wp\/v2\/media\/3767"}],"wp:attachment":[{"href":"https:\/\/www.metron-ks.com\/index.php?rest_route=%2Fwp%2Fv2%2Fmedia&parent=282"}],"wp:term":[{"taxonomy":"product_brand","embeddable":true,"href":"https:\/\/www.metron-ks.com\/index.php?rest_route=%2Fwp%2Fv2%2Fproduct_brand&post=282"},{"taxonomy":"product_cat","embeddable":true,"href":"https:\/\/www.metron-ks.com\/index.php?rest_route=%2Fwp%2Fv2%2Fproduct_cat&post=282"},{"taxonomy":"product_tag","embeddable":true,"href":"https:\/\/www.metron-ks.com\/index.php?rest_route=%2Fwp%2Fv2%2Fproduct_tag&post=282"}],"curies":[{"name":"wp","href":"https:\/\/api.w.org\/{rel}","templated":true}]}}