{"id":286,"date":"2023-03-06T22:19:04","date_gmt":"2023-03-06T22:19:04","guid":{"rendered":"https:\/\/www.metron-ks.com\/product\/cd-r-philips-80min-700mb-52x-sp-10-1\/"},"modified":"2025-02-10T13:55:17","modified_gmt":"2025-02-10T13:55:17","slug":"cd-r-philips-80min-700mb-52x-sp-10-1","status":"publish","type":"product","link":"https:\/\/www.metron-ks.com\/?product=cd-r-philips-80min-700mb-52x-sp-10-1","title":{"rendered":"CD-R Philips, 80min, 700MB, 52x SP ,10\/1"},"content":{"rendered":"<p>CD-t\u00eb t\u00eb llojit CD-R t\u00eb kan\u00eb kapacitet prej 700MP dhe p\u00ebrpunojn\u00eb t\u00eb dh\u00ebnat me shpejt\u00ebsi 52x, si fotot, dokumentet, muzik\u00ebn dhe videot tuaja personale kudo n\u00eb \u00e7do koh\u00eb.<\/p>\n<p>Gama jon\u00eb e t\u00ebr\u00eb e mediave t\u00eb magazinimit \u00ebsht\u00eb e njohur p\u00ebr jet\u00ebn e tyre t\u00eb gjat\u00eb arkivore dhe rezistenc\u00ebn e shk\u00eblqyer t\u00eb drit\u00ebs UV.<\/p>\n<p>Sip\u00ebrfaqja rezistente ndaj g\u00ebrvishtjeve siguron t\u00eb dh\u00ebnat tuaja me mbrojtje shtes\u00eb nga konsumimi i p\u00ebrditsh\u00ebm.<\/p>\n<p>N\u00eb pako p\u00ebrfshihen 10cop\u00eb.<\/p>\n","protected":false},"excerpt":{"rendered":"<p>CD-R 80Min 700MB 52x SP Pako 10\/1 Philips<\/p>\n","protected":false},"featured_media":3762,"comment_status":"closed","ping_status":"closed","template":"","meta":[],"product_brand":[],"product_cat":[118,154],"product_tag":[],"class_list":{"0":"post-286","1":"product","2":"type-product","3":"status-publish","4":"has-post-thumbnail","6":"product_cat-aksesore","7":"product_cat-cddvd","9":"first","10":"instock","11":"shipping-taxable","12":"purchasable","13":"product-type-simple"},"_links":{"self":[{"href":"https:\/\/www.metron-ks.com\/index.php?rest_route=\/wp\/v2\/product\/286","targetHints":{"allow":["GET"]}}],"collection":[{"href":"https:\/\/www.metron-ks.com\/index.php?rest_route=\/wp\/v2\/product"}],"about":[{"href":"https:\/\/www.metron-ks.com\/index.php?rest_route=\/wp\/v2\/types\/product"}],"replies":[{"embeddable":true,"href":"https:\/\/www.metron-ks.com\/index.php?rest_route=%2Fwp%2Fv2%2Fcomments&post=286"}],"wp:featuredmedia":[{"embeddable":true,"href":"https:\/\/www.metron-ks.com\/index.php?rest_route=\/wp\/v2\/media\/3762"}],"wp:attachment":[{"href":"https:\/\/www.metron-ks.com\/index.php?rest_route=%2Fwp%2Fv2%2Fmedia&parent=286"}],"wp:term":[{"taxonomy":"product_brand","embeddable":true,"href":"https:\/\/www.metron-ks.com\/index.php?rest_route=%2Fwp%2Fv2%2Fproduct_brand&post=286"},{"taxonomy":"product_cat","embeddable":true,"href":"https:\/\/www.metron-ks.com\/index.php?rest_route=%2Fwp%2Fv2%2Fproduct_cat&post=286"},{"taxonomy":"product_tag","embeddable":true,"href":"https:\/\/www.metron-ks.com\/index.php?rest_route=%2Fwp%2Fv2%2Fproduct_tag&post=286"}],"curies":[{"name":"wp","href":"https:\/\/api.w.org\/{rel}","templated":true}]}}