{"id":301,"date":"2023-03-06T22:19:12","date_gmt":"2023-03-06T22:19:12","guid":{"rendered":"https:\/\/www.metron-ks.com\/product\/degjuese-hama-basic-te-zeza-137435\/"},"modified":"2025-02-10T13:49:14","modified_gmt":"2025-02-10T13:49:14","slug":"degjuese-hama-basic-te-zeza-137435","status":"publish","type":"product","link":"https:\/\/www.metron-ks.com\/?product=degjuese-hama-basic-te-zeza-137435","title":{"rendered":"D\u00ebgjuese Hama &#8220;Basic&#8221;, t\u00eb zeza 137435"},"content":{"rendered":"<p id=\"tw-target-text\" dir=\"ltr\" data-placeholder=\"Translation\">D\u00ebgjuese elegante dhe moderne me ngjyr\u00eb t\u00eb zez\u00eb, fal\u00eb mikrofonit t\u00eb integruar ju leht\u00eb mund t\u00eb kaloni midis muzik\u00ebs dhe thirrjeve telefonike, k\u00ebshtuq\u00eb ju nuk do t\u00eb humbni m\u00eb nj\u00eb telefonat\u00eb kur d\u00ebgjoni muzik\u00eb.<\/p>\n<p dir=\"ltr\">Telekomanda e integruar ju lejon t\u00eb merrni dhe mbaroni thirrjet.<\/p>\n<p dir=\"ltr\">Kontrolloni muzik\u00ebn tuaj: Play\/Pause<\/p>\n<p id=\"tw-target-text\" dir=\"ltr\" data-placeholder=\"Translation\">P\u00ebrshtatja e p\u00ebrsosur zvog\u00eblon zhurm\u00ebn e pad\u00ebshiruar t\u00eb jashtme, n\u00eb m\u00ebnyr\u00eb q\u00eb t\u00eb shijoni muzik\u00ebn tuaj pa u shqet\u00ebsuar.<\/p>\n<p dir=\"ltr\" data-placeholder=\"Translation\">D\u00ebgjuese silikoni n\u00eb tre madh\u00ebsi t\u00eb ndryshme (S, M, L) p\u00ebr\u00a0p\u00ebrshtatje perfekte n\u00eb veshin tuaj.<\/p>\n<p>Materiali:Plastik<\/p>\n<p>Ngjyra:Zez\u00eb<\/p>\n<p>Diametri i d\u00ebgjueses:10mm<\/p>\n<p>Gjat\u00ebsija e kablles:1.2m<\/p>\n<p>Modeli:Stereo<\/p>\n<p>Frekuenca e kufjeve: 20 Hz &#8211; 20 kHz<\/p>\n<p>Frekuenca e mikrofonit: 50 Hz &#8211; 10 kHz<\/p>\n<p>Adapteri: 3.5mm<\/p>\n<p>Rrezistenca\u00a0e plot\u00eb(kufje): 32\u03a9<\/p>\n<p dir=\"ltr\" data-placeholder=\"Translation\">Rezistenca\u00a0e plot\u00eb(mikrofon): 2200\u03a9<\/p>\n","protected":false},"excerpt":{"rendered":"<p>D\u00ebgjuese Hama &#8220;Basic&#8221;, t\u00eb zeza 137435<\/p>\n","protected":false},"featured_media":3700,"comment_status":"closed","ping_status":"closed","template":"","meta":[],"product_brand":[],"product_cat":[113,168],"product_tag":[],"class_list":{"0":"post-301","1":"product","2":"type-product","3":"status-publish","4":"has-post-thumbnail","6":"product_cat-celulartabletnavigim","7":"product_cat-kufje-celulartabletnavigim","9":"first","10":"instock","11":"shipping-taxable","12":"purchasable","13":"product-type-simple"},"_links":{"self":[{"href":"https:\/\/www.metron-ks.com\/index.php?rest_route=\/wp\/v2\/product\/301","targetHints":{"allow":["GET"]}}],"collection":[{"href":"https:\/\/www.metron-ks.com\/index.php?rest_route=\/wp\/v2\/product"}],"about":[{"href":"https:\/\/www.metron-ks.com\/index.php?rest_route=\/wp\/v2\/types\/product"}],"replies":[{"embeddable":true,"href":"https:\/\/www.metron-ks.com\/index.php?rest_route=%2Fwp%2Fv2%2Fcomments&post=301"}],"wp:featuredmedia":[{"embeddable":true,"href":"https:\/\/www.metron-ks.com\/index.php?rest_route=\/wp\/v2\/media\/3700"}],"wp:attachment":[{"href":"https:\/\/www.metron-ks.com\/index.php?rest_route=%2Fwp%2Fv2%2Fmedia&parent=301"}],"wp:term":[{"taxonomy":"product_brand","embeddable":true,"href":"https:\/\/www.metron-ks.com\/index.php?rest_route=%2Fwp%2Fv2%2Fproduct_brand&post=301"},{"taxonomy":"product_cat","embeddable":true,"href":"https:\/\/www.metron-ks.com\/index.php?rest_route=%2Fwp%2Fv2%2Fproduct_cat&post=301"},{"taxonomy":"product_tag","embeddable":true,"href":"https:\/\/www.metron-ks.com\/index.php?rest_route=%2Fwp%2Fv2%2Fproduct_tag&post=301"}],"curies":[{"name":"wp","href":"https:\/\/api.w.org\/{rel}","templated":true}]}}