{"id":304,"date":"2023-03-06T22:19:13","date_gmt":"2023-03-06T22:19:13","guid":{"rendered":"https:\/\/www.metron-ks.com\/product\/degjuese-hama-myvoice700-mono-bluetooth-headset-in-ear-184069\/"},"modified":"2025-02-10T13:34:02","modified_gmt":"2025-02-10T13:34:02","slug":"degjuese-hama-myvoice700-mono-bluetooth-headset-in-ear-184148","status":"publish","type":"product","link":"https:\/\/www.metron-ks.com\/?product=degjuese-hama-myvoice700-mono-bluetooth-headset-in-ear-184148","title":{"rendered":"D\u00ebgjuese Hama &#8220;MyVoice700&#8221; Mono-Bluetooth\u00ae Headset, In-Ear, 184148"},"content":{"rendered":"<p>Mb\u00ebshtet asistent\u00ebt zanor\u00eb Siri dhe Google Assistant: \u00c7iftimi Bluetooth dhe nj\u00eb buton me shum\u00eb funksione lejojn\u00eb qasje t\u00eb drejtp\u00ebrdrejt\u00eb &#8211; pa pasur nevoj\u00eb t\u00eb mbani smartphone.<br \/>\nLejon lidhjen e nj\u00ebkohshme t\u00eb kufjeve me dy smartphone.<\/p>\n<p>Pesha: 9 g<br \/>\nKlasa Bluetooth: Klasa 2<br \/>\nVersioni Bluetooth: 5.0<br \/>\nBrezi i frekuences: 2402-2480MHz<br \/>\nShtrirja e Frekuenc\u00ebs (Kufjet) 50 Hz &#8211; 10 kHz<br \/>\nShtrirja e Frekuenc\u00ebs (Mikrofoni) 50 Hz &#8211; 10 kHz<br \/>\nImpedanc (Kufje) 16 \u03a9<br \/>\nImpedanc (Mikrofon) 2.2 k\u03a9<br \/>\nTeknologjia: MultiPoint<br \/>\nDistanca e transmetimit: 10 m<br \/>\nWBCV \u2265 75mV<br \/>\nFunksione shtes\u00eb: Butoni i p\u00ebrgjigjes, Kontrolli i z\u00ebrit, kontrolli i volumit<br \/>\nProfilet e pajtuesh\u00ebm bluetooth A2DP\/AVRCP\/HFP\/HSP\/SPP V1.2<br \/>\nDizajni: In Ear<br \/>\nMaks. N\u00eb gatishm\u00ebri 200 or\u00eb<br \/>\nMaks. Koha e Bisedimit 7 or\u00eb<br \/>\nPozicioni i Mikrofonit: Mikrofoni i Integruar<br \/>\nModeli: Mono<br \/>\nNdjeshm\u00ebria (kufje) 104 dB +\/- 3 dB<br \/>\nNdjeshm\u00ebria (Mikrofoni) -44 dB +\/- 3 dB<br \/>\nVe\u00e7ori e ve\u00e7ant\u00eb: Duplex, Kontroll z\u00ebri<br \/>\nAsistent z\u00ebri Apple Siri\/Google Assistant<\/p>\n","protected":false},"excerpt":{"rendered":"<p>184148<\/p>\n","protected":false},"featured_media":3688,"comment_status":"closed","ping_status":"closed","template":"","meta":[],"product_brand":[],"product_cat":[113,168],"product_tag":[],"class_list":{"0":"post-304","1":"product","2":"type-product","3":"status-publish","4":"has-post-thumbnail","6":"product_cat-celulartabletnavigim","7":"product_cat-kufje-celulartabletnavigim","9":"first","10":"instock","11":"shipping-taxable","12":"purchasable","13":"product-type-simple"},"_links":{"self":[{"href":"https:\/\/www.metron-ks.com\/index.php?rest_route=\/wp\/v2\/product\/304","targetHints":{"allow":["GET"]}}],"collection":[{"href":"https:\/\/www.metron-ks.com\/index.php?rest_route=\/wp\/v2\/product"}],"about":[{"href":"https:\/\/www.metron-ks.com\/index.php?rest_route=\/wp\/v2\/types\/product"}],"replies":[{"embeddable":true,"href":"https:\/\/www.metron-ks.com\/index.php?rest_route=%2Fwp%2Fv2%2Fcomments&post=304"}],"wp:featuredmedia":[{"embeddable":true,"href":"https:\/\/www.metron-ks.com\/index.php?rest_route=\/wp\/v2\/media\/3688"}],"wp:attachment":[{"href":"https:\/\/www.metron-ks.com\/index.php?rest_route=%2Fwp%2Fv2%2Fmedia&parent=304"}],"wp:term":[{"taxonomy":"product_brand","embeddable":true,"href":"https:\/\/www.metron-ks.com\/index.php?rest_route=%2Fwp%2Fv2%2Fproduct_brand&post=304"},{"taxonomy":"product_cat","embeddable":true,"href":"https:\/\/www.metron-ks.com\/index.php?rest_route=%2Fwp%2Fv2%2Fproduct_cat&post=304"},{"taxonomy":"product_tag","embeddable":true,"href":"https:\/\/www.metron-ks.com\/index.php?rest_route=%2Fwp%2Fv2%2Fproduct_tag&post=304"}],"curies":[{"name":"wp","href":"https:\/\/api.w.org\/{rel}","templated":true}]}}