{"id":342,"date":"2023-03-06T22:19:37","date_gmt":"2023-03-06T22:19:37","guid":{"rendered":"https:\/\/www.metron-ks.com\/product\/ftohes-gaming-white-shark-gcp-33-ice-master-rgb\/"},"modified":"2025-02-10T12:19:58","modified_gmt":"2025-02-10T12:19:58","slug":"ftohes-gaming-white-shark-gcp-33-ice-master-rgb","status":"publish","type":"product","link":"https:\/\/www.metron-ks.com\/?product=ftohes-gaming-white-shark-gcp-33-ice-master-rgb","title":{"rendered":"Ftoh\u00ebs Gaming White Shark GCP-33, Ice Master, RGB"},"content":{"rendered":"<p>P\u00ebr t\u00eb gjith\u00eb laptop\u00ebt me madh\u00ebsi t\u00eb ekranit deri n\u00eb 15,6 \u201d.<\/p>\n<p>4 ventilator\u00a0t\u00eb integruar (1 x ventilator i madh: 140 mm, 4 x ventilator t\u00eb\u00a0vegj\u00ebl: 60 mm).<\/p>\n<p>Pes\u00eb nivele\u00a0t\u00eb rregullueshme t\u00eb lart\u00ebsis\u00eb p\u00ebr p\u00ebrvoj\u00ebn m\u00eb t\u00eb rehatshme gjat\u00eb loj\u00ebs, apo\u00a0shikimit t\u00eb filmave.<\/p>\n<p>Fuqia USB 5V. Asnj\u00eb furnizim i jasht\u00ebm i energjis\u00eb nuk \u00ebsht\u00eb i nevojsh\u00ebm dhe nuk k\u00ebrkohet instalimi i softuerit.<\/p>\n<p>Ndri\u00e7imi LED Rainbow\u00a0me butonin ON \/ OFF<\/p>\n<p>Butoni ON \/ OFF \u00ebsht\u00eb gjithashtu nj\u00eb buton i p\u00ebrzgjedhjes s\u00eb 2 m\u00ebnyrave t\u00eb shpejt\u00ebsis\u00eb s\u00eb ventilatorit.<\/p>\n","protected":false},"excerpt":{"rendered":"<p>Ftoh\u00ebs Gaming White Shark GCP-33, Ice Master, RGB<\/p>\n","protected":false},"featured_media":3589,"comment_status":"closed","ping_status":"closed","template":"","meta":[],"product_brand":[],"product_cat":[134,116],"product_tag":[],"class_list":{"0":"post-342","1":"product","2":"type-product","3":"status-publish","4":"has-post-thumbnail","6":"product_cat-ftohes-per-laptop","7":"product_cat-gaming","9":"first","10":"instock","11":"shipping-taxable","12":"purchasable","13":"product-type-simple"},"_links":{"self":[{"href":"https:\/\/www.metron-ks.com\/index.php?rest_route=\/wp\/v2\/product\/342","targetHints":{"allow":["GET"]}}],"collection":[{"href":"https:\/\/www.metron-ks.com\/index.php?rest_route=\/wp\/v2\/product"}],"about":[{"href":"https:\/\/www.metron-ks.com\/index.php?rest_route=\/wp\/v2\/types\/product"}],"replies":[{"embeddable":true,"href":"https:\/\/www.metron-ks.com\/index.php?rest_route=%2Fwp%2Fv2%2Fcomments&post=342"}],"wp:featuredmedia":[{"embeddable":true,"href":"https:\/\/www.metron-ks.com\/index.php?rest_route=\/wp\/v2\/media\/3589"}],"wp:attachment":[{"href":"https:\/\/www.metron-ks.com\/index.php?rest_route=%2Fwp%2Fv2%2Fmedia&parent=342"}],"wp:term":[{"taxonomy":"product_brand","embeddable":true,"href":"https:\/\/www.metron-ks.com\/index.php?rest_route=%2Fwp%2Fv2%2Fproduct_brand&post=342"},{"taxonomy":"product_cat","embeddable":true,"href":"https:\/\/www.metron-ks.com\/index.php?rest_route=%2Fwp%2Fv2%2Fproduct_cat&post=342"},{"taxonomy":"product_tag","embeddable":true,"href":"https:\/\/www.metron-ks.com\/index.php?rest_route=%2Fwp%2Fv2%2Fproduct_tag&post=342"}],"curies":[{"name":"wp","href":"https:\/\/api.w.org\/{rel}","templated":true}]}}