{"id":344,"date":"2023-03-06T22:19:38","date_gmt":"2023-03-06T22:19:38","guid":{"rendered":"https:\/\/www.metron-ks.com\/product\/ftohes-per-laptop-sbox-cp-12\/"},"modified":"2025-03-24T14:11:55","modified_gmt":"2025-03-24T14:11:55","slug":"ftohes-per-laptop-sbox-cp-12","status":"publish","type":"product","link":"https:\/\/www.metron-ks.com\/?product=ftohes-per-laptop-sbox-cp-12","title":{"rendered":"Ftoh\u00ebs p\u00ebr laptop SBOX CP-12"},"content":{"rendered":"<p>USB ftoh\u00ebs p\u00ebr laptop\u00a0me lart\u00ebsi t\u00eb rregullueshme<\/p>\n<p>P\u00ebr laptop\u00eb me madh\u00ebsi t\u00eb ekranit deri n\u00eb: 17,3&#8243;<br \/>\nVentilatori: 130 mm (LED blu)<br \/>\nShpejt\u00ebsia e ventilatorit: 800 &#8211; 1200 +\/- 10% RPM<br \/>\nJet\u00ebgjatesia e fluturave: 40000 or\u00eb.<br \/>\nRrjedha e ajrit: 53 CFM (maksimumi)<br \/>\nNivelet e zhurm\u00ebs: 15 dBA (min)<br \/>\nK\u00ebndi: 6,5 \u00b0 &#8211; 45 \u00b0 (5 pozicione)<br \/>\nHub USB: 2 porta<br \/>\nTensioni: DC 5V<br \/>\nMateriali: Rrjet\u00eb metalike \/ Plastike \/ Gome<br \/>\nNgjyra: E zez\u00eb<br \/>\nP\u00ebrmasat: 370 x 265 x 33\/58 mm<br \/>\nPesha: 1050g<\/p>\n","protected":false},"excerpt":{"rendered":"<p>Ftoh\u00ebs p\u00ebr laptop SBOX, CP-12<\/p>\n","protected":false},"featured_media":3585,"comment_status":"closed","ping_status":"closed","template":"","meta":[],"product_brand":[],"product_cat":[33],"product_tag":[],"class_list":{"0":"post-344","1":"product","2":"type-product","3":"status-publish","4":"has-post-thumbnail","6":"product_cat-ftohes","8":"first","9":"instock","10":"shipping-taxable","11":"purchasable","12":"product-type-simple"},"_links":{"self":[{"href":"https:\/\/www.metron-ks.com\/index.php?rest_route=\/wp\/v2\/product\/344","targetHints":{"allow":["GET"]}}],"collection":[{"href":"https:\/\/www.metron-ks.com\/index.php?rest_route=\/wp\/v2\/product"}],"about":[{"href":"https:\/\/www.metron-ks.com\/index.php?rest_route=\/wp\/v2\/types\/product"}],"replies":[{"embeddable":true,"href":"https:\/\/www.metron-ks.com\/index.php?rest_route=%2Fwp%2Fv2%2Fcomments&post=344"}],"wp:featuredmedia":[{"embeddable":true,"href":"https:\/\/www.metron-ks.com\/index.php?rest_route=\/wp\/v2\/media\/3585"}],"wp:attachment":[{"href":"https:\/\/www.metron-ks.com\/index.php?rest_route=%2Fwp%2Fv2%2Fmedia&parent=344"}],"wp:term":[{"taxonomy":"product_brand","embeddable":true,"href":"https:\/\/www.metron-ks.com\/index.php?rest_route=%2Fwp%2Fv2%2Fproduct_brand&post=344"},{"taxonomy":"product_cat","embeddable":true,"href":"https:\/\/www.metron-ks.com\/index.php?rest_route=%2Fwp%2Fv2%2Fproduct_cat&post=344"},{"taxonomy":"product_tag","embeddable":true,"href":"https:\/\/www.metron-ks.com\/index.php?rest_route=%2Fwp%2Fv2%2Fproduct_tag&post=344"}],"curies":[{"name":"wp","href":"https:\/\/api.w.org\/{rel}","templated":true}]}}