{"id":345,"date":"2023-03-06T22:19:38","date_gmt":"2023-03-06T22:19:38","guid":{"rendered":"https:\/\/www.metron-ks.com\/product\/ftohes-per-laptop-sbox-cp-19\/"},"modified":"2025-03-04T08:50:07","modified_gmt":"2025-03-04T08:50:07","slug":"ftohes-per-laptop-sbox-cp-19","status":"publish","type":"product","link":"https:\/\/www.metron-ks.com\/?product=ftohes-per-laptop-sbox-cp-19","title":{"rendered":"Ftoh\u00ebs p\u00ebr laptop SBOX, CP-19"},"content":{"rendered":"<div><span style=\"font-size: 14px;\">Ftoh\u00ebs me pjerrt\u00ebsi, SBOX, p\u00ebr laptop\u00eb.<\/span><\/div>\n<div><span style=\"font-size: 14px;\">P\u00ebr laptop\u00eb deri n\u00eb: 15.6 &#8221; <\/span><\/div>\n<div><span style=\"font-size: 14px;\">Ftoh\u00ebs: 140 mm (Blue LED) <\/span><\/div>\n<div><span style=\"font-size: 14px;\">Shpejt\u00ebsia e ftoh\u00ebsit: 1100 +\/- 10% RPM<\/span><\/div>\n<div><span style=\"font-size: 14px;\">Jet\u00ebgjat\u00ebsia e ftoh\u00ebsit: 40000 or\u00eb <\/span><\/div>\n<div><span style=\"font-size: 14px;\">Rrjedha e ajrit: 47.35 CFM (max)<\/span><\/div>\n<div><span style=\"font-size: 14px;\">Zhurma: 21 dBA (min) <\/span><\/div>\n<div><span style=\"font-size: 14px;\">Pjerrt\u00ebsia: 2 pozicione <\/span><\/div>\n<div><span style=\"font-size: 14px;\">Tensioni: DC 5V <\/span><\/div>\n<div><span style=\"font-size: 14px;\">Materiali: rrjet\u00eb plastike \/ metalike<\/span><\/div>\n<div><span style=\"font-size: 14px;\">Ngjyra: E zez\u00eb <\/span><\/div>\n<div><span style=\"font-size: 14px;\">Dimensionet [mm]: 330 x 250 x 27<\/span><\/div>\n<div><span style=\"font-size: 14px;\">Pesha [g]: 529 <\/span><\/div>\n","protected":false},"excerpt":{"rendered":"<p>Ftoh\u00ebs p\u00ebr laptop SBOX, CP-19<\/p>\n","protected":false},"featured_media":3583,"comment_status":"closed","ping_status":"closed","template":"","meta":[],"product_brand":[],"product_cat":[33],"product_tag":[],"class_list":{"0":"post-345","1":"product","2":"type-product","3":"status-publish","4":"has-post-thumbnail","6":"product_cat-ftohes","8":"first","9":"instock","10":"shipping-taxable","11":"purchasable","12":"product-type-simple"},"_links":{"self":[{"href":"https:\/\/www.metron-ks.com\/index.php?rest_route=\/wp\/v2\/product\/345","targetHints":{"allow":["GET"]}}],"collection":[{"href":"https:\/\/www.metron-ks.com\/index.php?rest_route=\/wp\/v2\/product"}],"about":[{"href":"https:\/\/www.metron-ks.com\/index.php?rest_route=\/wp\/v2\/types\/product"}],"replies":[{"embeddable":true,"href":"https:\/\/www.metron-ks.com\/index.php?rest_route=%2Fwp%2Fv2%2Fcomments&post=345"}],"wp:featuredmedia":[{"embeddable":true,"href":"https:\/\/www.metron-ks.com\/index.php?rest_route=\/wp\/v2\/media\/3583"}],"wp:attachment":[{"href":"https:\/\/www.metron-ks.com\/index.php?rest_route=%2Fwp%2Fv2%2Fmedia&parent=345"}],"wp:term":[{"taxonomy":"product_brand","embeddable":true,"href":"https:\/\/www.metron-ks.com\/index.php?rest_route=%2Fwp%2Fv2%2Fproduct_brand&post=345"},{"taxonomy":"product_cat","embeddable":true,"href":"https:\/\/www.metron-ks.com\/index.php?rest_route=%2Fwp%2Fv2%2Fproduct_cat&post=345"},{"taxonomy":"product_tag","embeddable":true,"href":"https:\/\/www.metron-ks.com\/index.php?rest_route=%2Fwp%2Fv2%2Fproduct_tag&post=345"}],"curies":[{"name":"wp","href":"https:\/\/api.w.org\/{rel}","templated":true}]}}