{"id":373,"date":"2023-03-06T22:19:51","date_gmt":"2023-03-06T22:19:51","guid":{"rendered":"https:\/\/www.metron-ks.com\/product\/kabllo-e-rrjetit-hama-u-utp-cat-5e-3m-200910\/"},"modified":"2025-02-10T09:03:51","modified_gmt":"2025-02-10T09:03:51","slug":"kabllo-e-rrjetit-hama-u-utp-cat-5e-3m-200910","status":"publish","type":"product","link":"https:\/\/www.metron-ks.com\/?product=kabllo-e-rrjetit-hama-u-utp-cat-5e-3m-200910","title":{"rendered":"Kabllo e rrjetit Hama U\/UTP CAT-5e, 3m, 200910"},"content":{"rendered":"<p>Kabllo UTP\u00a0p\u00ebr lidhjen e nj\u00eb\u00a0PC,Laptop,Smart TV\u00a0etj,n\u00eb\u00a0rrjet t\u00eb internetit<br \/>\nKa dy konektor RJ-45,dhe gjat\u00ebsija e kabllos \u00ebsht\u00eb 3m<br \/>\nNgjyra: Hiri<br \/>\nGjat\u00ebsia: 3m<br \/>\nLidh\u00ebsit:\u00a0RJ-45<br \/>\nKategoria e kabllos:\u00a0CAT-5e<\/p>\n","protected":false},"excerpt":{"rendered":"<p>Kabllo e rrjetit U\/UTP Hama CAT-5e, 3m, 200910<\/p>\n","protected":false},"featured_media":3341,"comment_status":"closed","ping_status":"closed","template":"","meta":[],"product_brand":[],"product_cat":[118,180,120],"product_tag":[],"class_list":{"0":"post-373","1":"product","2":"type-product","3":"status-publish","4":"has-post-thumbnail","6":"product_cat-aksesore","7":"product_cat-kabllo-utp","8":"product_cat-pajisje-rrjeti","10":"first","11":"instock","12":"shipping-taxable","13":"purchasable","14":"product-type-simple"},"_links":{"self":[{"href":"https:\/\/www.metron-ks.com\/index.php?rest_route=\/wp\/v2\/product\/373","targetHints":{"allow":["GET"]}}],"collection":[{"href":"https:\/\/www.metron-ks.com\/index.php?rest_route=\/wp\/v2\/product"}],"about":[{"href":"https:\/\/www.metron-ks.com\/index.php?rest_route=\/wp\/v2\/types\/product"}],"replies":[{"embeddable":true,"href":"https:\/\/www.metron-ks.com\/index.php?rest_route=%2Fwp%2Fv2%2Fcomments&post=373"}],"wp:featuredmedia":[{"embeddable":true,"href":"https:\/\/www.metron-ks.com\/index.php?rest_route=\/wp\/v2\/media\/3341"}],"wp:attachment":[{"href":"https:\/\/www.metron-ks.com\/index.php?rest_route=%2Fwp%2Fv2%2Fmedia&parent=373"}],"wp:term":[{"taxonomy":"product_brand","embeddable":true,"href":"https:\/\/www.metron-ks.com\/index.php?rest_route=%2Fwp%2Fv2%2Fproduct_brand&post=373"},{"taxonomy":"product_cat","embeddable":true,"href":"https:\/\/www.metron-ks.com\/index.php?rest_route=%2Fwp%2Fv2%2Fproduct_cat&post=373"},{"taxonomy":"product_tag","embeddable":true,"href":"https:\/\/www.metron-ks.com\/index.php?rest_route=%2Fwp%2Fv2%2Fproduct_tag&post=373"}],"curies":[{"name":"wp","href":"https:\/\/api.w.org\/{rel}","templated":true}]}}