{"id":381,"date":"2023-03-06T22:19:53","date_gmt":"2023-03-06T22:19:53","guid":{"rendered":"https:\/\/www.metron-ks.com\/product\/kabllo-e-rrjetit-utp-manhattan-cat-5e-2-m-329903\/"},"modified":"2025-11-06T14:52:09","modified_gmt":"2025-11-06T14:52:09","slug":"kabllo-e-rrjetit-utp-manhattan-cat-5e-2-m-329903","status":"publish","type":"product","link":"https:\/\/www.metron-ks.com\/?product=kabllo-e-rrjetit-utp-manhattan-cat-5e-2-m-329903","title":{"rendered":"Kabllo e rrjetit Manhattan Cat6 U\/UTP, 2m, 334112"},"content":{"rendered":"<p style=\"box-sizing: border-box; margin-right: 0px; margin-bottom: 16px; margin-left: 0px; text-rendering: optimizelegibility; -webkit-font-smoothing: antialiased; color: #606975; font-family: 'Maven Pro', Helvetica, Arial, sans-serif;\">Kabllo I rrjetit Cat6 U\/UTP, 2 m<br \/>\nShpejt\u00ebsit\u00eb e transferimit : deri n\u00eb 10 Gbps<br \/>\nFrekuenca maksimale e funksionimit: 250 MHz<br \/>\nMb\u00ebshtet t\u00eb gjitha standardet PoE deri n\u00eb IEEE802.3bt \/ PoE++ \/ 4PPoE \/ Ultra PoE<br \/>\nDy RJ45 mashkull<\/p>\n","protected":false},"excerpt":{"rendered":"<p>334112<\/p>\n","protected":false},"featured_media":3340,"comment_status":"closed","ping_status":"closed","template":"","meta":[],"product_brand":[],"product_cat":[118,180,120],"product_tag":[],"class_list":{"0":"post-381","1":"product","2":"type-product","3":"status-publish","4":"has-post-thumbnail","6":"product_cat-aksesore","7":"product_cat-kabllo-utp","8":"product_cat-pajisje-rrjeti","10":"first","11":"instock","12":"shipping-taxable","13":"purchasable","14":"product-type-simple"},"_links":{"self":[{"href":"https:\/\/www.metron-ks.com\/index.php?rest_route=\/wp\/v2\/product\/381","targetHints":{"allow":["GET"]}}],"collection":[{"href":"https:\/\/www.metron-ks.com\/index.php?rest_route=\/wp\/v2\/product"}],"about":[{"href":"https:\/\/www.metron-ks.com\/index.php?rest_route=\/wp\/v2\/types\/product"}],"replies":[{"embeddable":true,"href":"https:\/\/www.metron-ks.com\/index.php?rest_route=%2Fwp%2Fv2%2Fcomments&post=381"}],"wp:featuredmedia":[{"embeddable":true,"href":"https:\/\/www.metron-ks.com\/index.php?rest_route=\/wp\/v2\/media\/3340"}],"wp:attachment":[{"href":"https:\/\/www.metron-ks.com\/index.php?rest_route=%2Fwp%2Fv2%2Fmedia&parent=381"}],"wp:term":[{"taxonomy":"product_brand","embeddable":true,"href":"https:\/\/www.metron-ks.com\/index.php?rest_route=%2Fwp%2Fv2%2Fproduct_brand&post=381"},{"taxonomy":"product_cat","embeddable":true,"href":"https:\/\/www.metron-ks.com\/index.php?rest_route=%2Fwp%2Fv2%2Fproduct_cat&post=381"},{"taxonomy":"product_tag","embeddable":true,"href":"https:\/\/www.metron-ks.com\/index.php?rest_route=%2Fwp%2Fv2%2Fproduct_tag&post=381"}],"curies":[{"name":"wp","href":"https:\/\/api.w.org\/{rel}","templated":true}]}}