{"id":388,"date":"2023-03-06T22:19:58","date_gmt":"2023-03-06T22:19:58","guid":{"rendered":"https:\/\/www.metron-ks.com\/product\/kabllo-e-rrymes-manhattan-1-8m-e-zeze-339100\/"},"modified":"2025-02-07T15:38:42","modified_gmt":"2025-02-07T15:38:42","slug":"kabllo-e-rrymes-manhattan-1-8m-e-zeze-339100","status":"publish","type":"product","link":"https:\/\/www.metron-ks.com\/?product=kabllo-e-rrymes-manhattan-1-8m-e-zeze-339100","title":{"rendered":"Kabllo e rrym\u00ebs Manhattan, 1.8m, e zez\u00eb, 339100"},"content":{"rendered":"<p>Kablloja me gjat\u00ebsi 1.8m sh\u00ebrben p\u00ebr lidhjen e paisjeve Tv, DVD, Radio etj.<\/p>\n<p>CEE 7\/16 mashkull deri n\u00eb C7 fem\u00ebr.<\/p>\n","protected":false},"excerpt":{"rendered":"<p>Kabllo e rrym\u00ebs Manhattan,1.8m, e zez\u00eb<\/p>\n","protected":false},"featured_media":3559,"comment_status":"closed","ping_status":"closed","template":"","meta":[],"product_brand":[],"product_cat":[118,179,141],"product_tag":[],"class_list":{"0":"post-388","1":"product","2":"type-product","3":"status-publish","4":"has-post-thumbnail","6":"product_cat-aksesore","7":"product_cat-kabllo-furnizuese","8":"product_cat-pclaptop","10":"first","11":"instock","12":"shipping-taxable","13":"purchasable","14":"product-type-simple"},"_links":{"self":[{"href":"https:\/\/www.metron-ks.com\/index.php?rest_route=\/wp\/v2\/product\/388","targetHints":{"allow":["GET"]}}],"collection":[{"href":"https:\/\/www.metron-ks.com\/index.php?rest_route=\/wp\/v2\/product"}],"about":[{"href":"https:\/\/www.metron-ks.com\/index.php?rest_route=\/wp\/v2\/types\/product"}],"replies":[{"embeddable":true,"href":"https:\/\/www.metron-ks.com\/index.php?rest_route=%2Fwp%2Fv2%2Fcomments&post=388"}],"wp:featuredmedia":[{"embeddable":true,"href":"https:\/\/www.metron-ks.com\/index.php?rest_route=\/wp\/v2\/media\/3559"}],"wp:attachment":[{"href":"https:\/\/www.metron-ks.com\/index.php?rest_route=%2Fwp%2Fv2%2Fmedia&parent=388"}],"wp:term":[{"taxonomy":"product_brand","embeddable":true,"href":"https:\/\/www.metron-ks.com\/index.php?rest_route=%2Fwp%2Fv2%2Fproduct_brand&post=388"},{"taxonomy":"product_cat","embeddable":true,"href":"https:\/\/www.metron-ks.com\/index.php?rest_route=%2Fwp%2Fv2%2Fproduct_cat&post=388"},{"taxonomy":"product_tag","embeddable":true,"href":"https:\/\/www.metron-ks.com\/index.php?rest_route=%2Fwp%2Fv2%2Fproduct_tag&post=388"}],"curies":[{"name":"wp","href":"https:\/\/api.w.org\/{rel}","templated":true}]}}