{"id":413,"date":"2023-03-06T22:20:10","date_gmt":"2023-03-06T22:20:10","guid":{"rendered":"https:\/\/www.metron-ks.com\/product\/kabllo-hama-high-speed-hdmi-3-m-11959\/"},"modified":"2025-02-06T15:11:46","modified_gmt":"2025-02-06T15:11:46","slug":"kabllo-hama-high-speed-hdmi-3m-205001","status":"publish","type":"product","link":"https:\/\/www.metron-ks.com\/?product=kabllo-hama-high-speed-hdmi-3m-205001","title":{"rendered":"Kabllo Hama High Speed \u200b\u200bHDMI, 3m, 205001"},"content":{"rendered":"<p>Kjo kabllo sh\u00ebrben p\u00ebr t\u00eb lidhur monitorin me nj\u00eb kart\u00eb grafike kompjuterike ose me nj\u00eb laptop. Kablloja \u00ebsht\u00eb e pajisur me mburoj\u00eb q\u00eb eliminon pengesat n\u00eb sinjalin transmetues. Mund\u00ebson transmetim me shpejt\u00ebsi t\u00eb lart\u00eb t\u00eb t\u00eb dh\u00ebnave dixhitale audio dhe video midis p.sh.\u00a0marr\u00ebsit satelitor\u00eb dhe TV, etj<\/p>\n<p id=\"tw-target-text\" dir=\"ltr\" data-placeholder=\"Translation\">Shkalla e transferimit t\u00eb t\u00eb dh\u00ebnave:\u00a010.2\u00a0Gbit \/ s<\/p>\n<p dir=\"ltr\" data-placeholder=\"Translation\">Ngjyra:Zez\u00eb<\/p>\n<p dir=\"ltr\" data-placeholder=\"Translation\">Gjat\u00ebsija:3m<\/p>\n<p id=\"tw-target-text\" dir=\"ltr\" data-placeholder=\"Translation\">Max. Rezolucioni: 1080p<\/p>\n<p dir=\"ltr\" data-placeholder=\"Translation\">3D: Po<\/p>\n<p dir=\"ltr\" data-placeholder=\"Translation\">Bandwidth: 340 Mhz<\/p>\n","protected":false},"excerpt":{"rendered":"<p>Kabllo Hama High Speed \u200b\u200bHDMI, 3 m<\/p>\n","protected":false},"featured_media":3491,"comment_status":"closed","ping_status":"closed","template":"","meta":[],"product_brand":[],"product_cat":[17,138],"product_tag":[],"class_list":{"0":"post-413","1":"product","2":"type-product","3":"status-publish","4":"has-post-thumbnail","6":"product_cat-kabllo","7":"product_cat-tv","9":"first","10":"instock","11":"shipping-taxable","12":"purchasable","13":"product-type-simple"},"_links":{"self":[{"href":"https:\/\/www.metron-ks.com\/index.php?rest_route=\/wp\/v2\/product\/413","targetHints":{"allow":["GET"]}}],"collection":[{"href":"https:\/\/www.metron-ks.com\/index.php?rest_route=\/wp\/v2\/product"}],"about":[{"href":"https:\/\/www.metron-ks.com\/index.php?rest_route=\/wp\/v2\/types\/product"}],"replies":[{"embeddable":true,"href":"https:\/\/www.metron-ks.com\/index.php?rest_route=%2Fwp%2Fv2%2Fcomments&post=413"}],"wp:featuredmedia":[{"embeddable":true,"href":"https:\/\/www.metron-ks.com\/index.php?rest_route=\/wp\/v2\/media\/3491"}],"wp:attachment":[{"href":"https:\/\/www.metron-ks.com\/index.php?rest_route=%2Fwp%2Fv2%2Fmedia&parent=413"}],"wp:term":[{"taxonomy":"product_brand","embeddable":true,"href":"https:\/\/www.metron-ks.com\/index.php?rest_route=%2Fwp%2Fv2%2Fproduct_brand&post=413"},{"taxonomy":"product_cat","embeddable":true,"href":"https:\/\/www.metron-ks.com\/index.php?rest_route=%2Fwp%2Fv2%2Fproduct_cat&post=413"},{"taxonomy":"product_tag","embeddable":true,"href":"https:\/\/www.metron-ks.com\/index.php?rest_route=%2Fwp%2Fv2%2Fproduct_tag&post=413"}],"curies":[{"name":"wp","href":"https:\/\/api.w.org\/{rel}","templated":true}]}}